{"id":922165,"date":"2024-05-05T22:13:37","date_gmt":"2024-05-05T20:13:37","guid":{"rendered":"https:\/\/lesheuresbleues.fr\/?page_id=922165"},"modified":"2024-07-02T14:29:26","modified_gmt":"2024-07-02T12:29:26","slug":"entre-vues-2024-photographies-dici-et-dailleurs","status":"publish","type":"page","link":"http:\/\/lesheuresbleues.fr\/?page_id=922165","title":{"rendered":"Entre-vues 2024: Photographies d&rsquo;ici et d&rsquo;ailleurs"},"content":{"rendered":"\n<p><\/p>\n\n\n\n<hr class=\"wp-block-separator has-alpha-channel-opacity\"\/>\n\n\n\n<h2 class=\"wp-block-heading\"><strong>UNE&nbsp;EXPOSITION&nbsp;DE&nbsp;PHOTOGRAPHES&nbsp;D\u2019ICI&nbsp;ET&nbsp;D\u2019AILLEURS<\/strong><\/h2>\n\n\n\n<p>Les&nbsp;festivaliers&nbsp;pourront&nbsp;faire&nbsp;connaissance&nbsp;avec&nbsp;une&nbsp;s\u00e9lection&nbsp;de&nbsp;plusieurs&nbsp;photographes&nbsp;d\u2019ici&nbsp;et&nbsp;d\u2019ailleurs.<\/p>\n\n\n\n<p><em>Il&nbsp;est&nbsp;\u00e0&nbsp;noter&nbsp;que&nbsp;tous ces&nbsp;photographes&nbsp;participent pour la premi\u00e8re fois au Festival.<\/em><\/p>\n\n\n\n<p>Pour en savoir plus sur les photographes qui exposent \u00e0 \u00ab<strong>Entre-Vues<\/strong>\u00bb, voici un aper\u00e7u de leur talent.<\/p>\n\n\n\n<hr class=\"wp-block-separator has-alpha-channel-opacity is-style-wide\"\/>\n\n\n\n<div class=\"wp-block-media-text is-stacked-on-mobile has-light-gray-background-color has-background\"><figure class=\"wp-block-media-text__media\"><img loading=\"lazy\" decoding=\"async\" width=\"357\" height=\"535\" src=\"https:\/\/lesheuresbleues.fr\/wp-content\/uploads\/2024\/05\/2024-Hubinet-image1.jpeg\" alt=\"\" class=\"wp-image-922300 size-full\" srcset=\"http:\/\/lesheuresbleues.fr\/wp-content\/uploads\/2024\/05\/2024-Hubinet-image1.jpeg 357w, http:\/\/lesheuresbleues.fr\/wp-content\/uploads\/2024\/05\/2024-Hubinet-image1-200x300.jpeg 200w\" sizes=\"auto, (max-width: 357px) 100vw, 357px\" \/><\/figure><div class=\"wp-block-media-text__content\">\n<p class=\"has-small-font-size\"><strong>Anne HUBINET \u2013 28 ans<\/strong><br><a href=\"mailto:annehubinet@gmail.com\">annehubinet@gmail.com<\/a><\/p>\n\n\n\n<p class=\"has-small-font-size\"><strong>Vues de New-York, verticalit\u00e9, les immeubles, les gens<\/strong><\/p>\n\n\n\n<p class=\"has-small-font-size\">Formation: Bachelor of Art (Coventry University \u2013 UK)<\/p>\n\n\n\n<p class=\"has-small-font-size\"><\/p>\n<\/div><\/div>\n\n\n\n<div data-wp-interactive=\"core\/file\" class=\"wp-block-file\"><object data-wp-bind--hidden=\"!state.hasPdfPreview\" hidden class=\"wp-block-file__embed\" data=\"https:\/\/lesheuresbleues.fr\/wp-content\/uploads\/2024\/06\/2024-photos-Anne-Hubinet-NEW-YORK.pdf\" type=\"application\/pdf\" style=\"width:100%;height:400px\" aria-label=\"Contenu embarqu\u00e9 2024-photos-Anne-Hubinet-NEW-YORK.\"><\/object><a id=\"wp-block-file--media-8d49e096-47ca-471f-a020-a5f82e1ed902\" href=\"https:\/\/lesheuresbleues.fr\/wp-content\/uploads\/2024\/06\/2024-photos-Anne-Hubinet-NEW-YORK.pdf\" target=\"_blank\" rel=\"noreferrer noopener\">2024-photos-Anne-Hubinet-NEW-YORK<\/a><\/div>\n\n\n\n<hr class=\"wp-block-separator has-alpha-channel-opacity is-style-wide\"\/>\n\n\n\n<div class=\"wp-block-media-text has-media-on-the-right is-stacked-on-mobile has-light-gray-background-color has-background\" style=\"grid-template-columns:auto 52%\"><div class=\"wp-block-media-text__content\">\n<p class=\"has-small-font-size\"><strong>Maria MASIA \u2013 21 ans<\/strong><br><a href=\"mailto:m.masia@ndfrance.org\">m.masia@ndfrance.org<\/a><\/p>\n\n\n\n<p class=\"has-small-font-size\"><strong>Photographier la ville, la musique, la rue<\/strong><\/p>\n\n\n\n<p class=\"has-small-font-size\">Licence de psychologie.&nbsp;<br>Sp\u00e9cialis\u00e9e en assistance aux personnes fragiles; Photographe amateur depuis 5 ans.<\/p>\n<\/div><figure class=\"wp-block-media-text__media\"><img loading=\"lazy\" decoding=\"async\" width=\"782\" height=\"776\" src=\"https:\/\/lesheuresbleues.fr\/wp-content\/uploads\/2024\/05\/2024-Masia-image1.jpeg\" alt=\"\" class=\"wp-image-922238 size-full\" srcset=\"http:\/\/lesheuresbleues.fr\/wp-content\/uploads\/2024\/05\/2024-Masia-image1.jpeg 782w, http:\/\/lesheuresbleues.fr\/wp-content\/uploads\/2024\/05\/2024-Masia-image1-300x298.jpeg 300w, http:\/\/lesheuresbleues.fr\/wp-content\/uploads\/2024\/05\/2024-Masia-image1-150x150.jpeg 150w, http:\/\/lesheuresbleues.fr\/wp-content\/uploads\/2024\/05\/2024-Masia-image1-768x762.jpeg 768w\" sizes=\"auto, (max-width: 782px) 100vw, 782px\" \/><\/figure><\/div>\n\n\n\n<div data-wp-interactive=\"core\/file\" class=\"wp-block-file\"><object data-wp-bind--hidden=\"!state.hasPdfPreview\" hidden class=\"wp-block-file__embed\" data=\"https:\/\/lesheuresbleues.fr\/wp-content\/uploads\/2024\/06\/2024-photos-Maria-Masia-MARSEILLE.pdf\" type=\"application\/pdf\" style=\"width:100%;height:400px\" aria-label=\"Contenu embarqu\u00e9 2024-photos-Maria-Masia-MARSEILLE.\"><\/object><a id=\"wp-block-file--media-620e483a-fddb-4442-ad68-2014a7e17f63\" href=\"https:\/\/lesheuresbleues.fr\/wp-content\/uploads\/2024\/06\/2024-photos-Maria-Masia-MARSEILLE.pdf\" target=\"_blank\" rel=\"noreferrer noopener\">2024-photos-Maria-Masia-MARSEILLE<\/a><\/div>\n\n\n\n<hr class=\"wp-block-separator has-alpha-channel-opacity is-style-wide\"\/>\n\n\n\n<div class=\"wp-block-media-text is-stacked-on-mobile has-light-gray-background-color has-background\"><figure class=\"wp-block-media-text__media\"><img loading=\"lazy\" decoding=\"async\" width=\"679\" height=\"508\" src=\"https:\/\/lesheuresbleues.fr\/wp-content\/uploads\/2024\/05\/2024-Menant-image-1.jpeg\" alt=\"\" class=\"wp-image-922323 size-full\" srcset=\"http:\/\/lesheuresbleues.fr\/wp-content\/uploads\/2024\/05\/2024-Menant-image-1.jpeg 679w, http:\/\/lesheuresbleues.fr\/wp-content\/uploads\/2024\/05\/2024-Menant-image-1-300x224.jpeg 300w\" sizes=\"auto, (max-width: 679px) 100vw, 679px\" \/><\/figure><div class=\"wp-block-media-text__content\">\n<p class=\"has-small-font-size\"><strong>St\u00e9phane MENANT &#8211; 31 ans<\/strong><br><a href=\"https:\/\/www.stephanemenant.com\" target=\"_blank\" rel=\"noreferrer noopener\">https:\/\/www.stephanemenant.com<\/a><\/p>\n\n\n\n<p class=\"has-small-font-size\"><strong>Domaines&nbsp;de&nbsp;pr\u00e9dilection:<\/strong><br><strong>Les&nbsp;photographies&nbsp;de&nbsp;paysage<\/strong>s<br><strong>Les&nbsp;photographies&nbsp;de&nbsp;rue<\/strong><br><strong>Les&nbsp;photographies&nbsp;sportives<\/strong><\/p>\n\n\n\n<p class=\"has-small-font-size\">Gestionnaire de banque<\/p>\n<\/div><\/div>\n\n\n\n<div data-wp-interactive=\"core\/file\" class=\"wp-block-file\"><object data-wp-bind--hidden=\"!state.hasPdfPreview\" hidden class=\"wp-block-file__embed\" data=\"https:\/\/lesheuresbleues.fr\/wp-content\/uploads\/2024\/06\/2024-photos-Stephane-Menant-LE-PONT-DE-TRINQUETAILLE.pdf\" type=\"application\/pdf\" style=\"width:100%;height:400px\" aria-label=\"Contenu embarqu\u00e9 2024-photos-Stephane-Menant-LE-PONT-DE-TRINQUETAILLE.\"><\/object><a id=\"wp-block-file--media-a8e17666-e24f-41ca-8c95-16e2a2c8545c\" href=\"https:\/\/lesheuresbleues.fr\/wp-content\/uploads\/2024\/06\/2024-photos-Stephane-Menant-LE-PONT-DE-TRINQUETAILLE.pdf\" target=\"_blank\" rel=\"noreferrer noopener\">2024-photos-Stephane-Menant-LE-PONT-DE-TRINQUETAILLE<\/a><\/div>\n\n\n\n<hr class=\"wp-block-separator has-alpha-channel-opacity is-style-wide\"\/>\n\n\n\n<div class=\"wp-block-media-text has-media-on-the-right is-stacked-on-mobile has-light-gray-background-color has-background\" style=\"grid-template-columns:auto 45%\"><div class=\"wp-block-media-text__content\">\n<p class=\"has-small-font-size\"><strong>OREILZENAMIBIAN<\/strong><\/p>\n\n\n\n<p class=\"has-small-font-size\"><a href=\"https:\/\/www.instagram.com\/oreilzenamibian\">https:\/\/www.instagram.com\/oreilzenamibian<\/a><\/p>\n\n\n\n<p class=\"has-small-font-size\"><strong>Aur\u00e9lien a eu la r\u00e9v\u00e9lation de son attrait pour l\u2019art photographique lors de son premier grand voyage en Namibie.<\/strong><\/p>\n\n\n\n<p class=\"has-small-font-size\">Pr\u00e9sident du club de Photos du Rove<\/p>\n<\/div><figure class=\"wp-block-media-text__media\"><img loading=\"lazy\" decoding=\"async\" width=\"640\" height=\"640\" src=\"https:\/\/lesheuresbleues.fr\/wp-content\/uploads\/2024\/06\/2024-photo-OREILZENAMIBIAN.jpg\" alt=\"\" class=\"wp-image-988723 size-full\" srcset=\"http:\/\/lesheuresbleues.fr\/wp-content\/uploads\/2024\/06\/2024-photo-OREILZENAMIBIAN.jpg 640w, http:\/\/lesheuresbleues.fr\/wp-content\/uploads\/2024\/06\/2024-photo-OREILZENAMIBIAN-300x300.jpg 300w, http:\/\/lesheuresbleues.fr\/wp-content\/uploads\/2024\/06\/2024-photo-OREILZENAMIBIAN-150x150.jpg 150w\" sizes=\"auto, (max-width: 640px) 100vw, 640px\" \/><\/figure><\/div>\n\n\n\n<div data-wp-interactive=\"core\/file\" class=\"wp-block-file\"><object data-wp-bind--hidden=\"!state.hasPdfPreview\" hidden class=\"wp-block-file__embed\" data=\"https:\/\/lesheuresbleues.fr\/wp-content\/uploads\/2024\/06\/2024-photo-OREILZENAMIBIAN-DANS-LES-RUES-DE-DOULA-.pdf\" type=\"application\/pdf\" style=\"width:100%;height:600px\" aria-label=\"Contenu embarqu\u00e9 2024-photo-OREILZENAMIBIAN-DANS-LES-RUES-DE-DOULA-.\"><\/object><a id=\"wp-block-file--media-ddd077c1-767a-4b03-a961-96434ccff2ae\" href=\"https:\/\/lesheuresbleues.fr\/wp-content\/uploads\/2024\/06\/2024-photo-OREILZENAMIBIAN-DANS-LES-RUES-DE-DOULA-.pdf\">2024-photo-OREILZENAMIBIAN-DANS-LES-RUES-DE-DOULA-<\/a><a href=\"https:\/\/lesheuresbleues.fr\/wp-content\/uploads\/2024\/06\/2024-photo-OREILZENAMIBIAN-DANS-LES-RUES-DE-DOULA-.pdf\" class=\"wp-block-file__button wp-element-button\" download aria-describedby=\"wp-block-file--media-ddd077c1-767a-4b03-a961-96434ccff2ae\">T\u00e9l\u00e9charger<\/a><\/div>\n\n\n\n<div class=\"wp-block-media-text is-stacked-on-mobile has-light-gray-background-color has-background\" style=\"grid-template-columns:45% auto\"><figure class=\"wp-block-media-text__media\"><img decoding=\"async\" src=\"https:\/\/lesheuresbleues.fr\/wp-content\/uploads\/2024\/05\/2024-Peretti-image-1-1024x576.jpeg\" alt=\"\" class=\"wp-image-922318 size-full\"\/><\/figure><div class=\"wp-block-media-text__content\">\n<p class=\"has-small-font-size\"><strong>Jean Pierre PERETTI<\/strong><br><\/p>\n\n\n\n<p class=\"has-small-font-size\"><a href=\"https:\/\/mega.nz\/file\/QihjSJTL#mR8Pb8XHxSA7ywtDf2X0Abc9S_9zPMjs719DE3-EnxM\" target=\"_blank\" rel=\"noreferrer noopener\">https:\/\/mega.nz\/file\/QihjSJTL#mR8Pb8XHxSA7ywtDf2X0Abc9S_9zPMjs719DE3-EnxM<\/a><\/p>\n\n\n\n<p class=\"has-small-font-size\"><strong>Photographier les petits riens, les grands espaces, et quelques dames<\/strong><\/p>\n\n\n\n<p class=\"has-small-font-size\">Pr\u00e9sident du club de Photos du Rove<\/p>\n<\/div><\/div>\n\n\n\n<div data-wp-interactive=\"core\/file\" class=\"wp-block-file\"><object data-wp-bind--hidden=\"!state.hasPdfPreview\" hidden class=\"wp-block-file__embed\" data=\"https:\/\/lesheuresbleues.fr\/wp-content\/uploads\/2024\/06\/2024-photos-Jean-Pierre-Peretti-PETITS-RIENS-GRANDS-ESPACES-et-QUELQUES-DAMES.pdf\" type=\"application\/pdf\" style=\"width:100%;height:400px\" aria-label=\"Contenu embarqu\u00e9 2024-photos-Jean-Pierre-Peretti-PETITS-RIENS-GRANDS-ESPACES-et-QUELQUES-DAMES.\"><\/object><a id=\"wp-block-file--media-6676c42b-4074-427d-926b-d30593bcdcc4\" href=\"https:\/\/lesheuresbleues.fr\/wp-content\/uploads\/2024\/06\/2024-photos-Jean-Pierre-Peretti-PETITS-RIENS-GRANDS-ESPACES-et-QUELQUES-DAMES.pdf\" target=\"_blank\" rel=\"noreferrer noopener\">2024-photos-Jean-Pierre-Peretti-PETITS-RIENS-GRANDS-ESPACES-et-QUELQUES-DAMES<\/a><\/div>\n\n\n\n<hr class=\"wp-block-separator has-alpha-channel-opacity is-style-wide\"\/>\n\n\n\n<hr class=\"wp-block-separator has-alpha-channel-opacity\"\/>\n\n\n\n<h3 class=\"wp-block-heading\"><strong>REMISE&nbsp;DE&nbsp;PRIX&nbsp;PAR&nbsp;LE&nbsp;FONDS&nbsp;DE&nbsp;DOTATION&nbsp;\u00abFRATERNIT\u00c9&nbsp;&amp;&nbsp;HUMANISME\u00bb<\/strong><\/h3>\n\n\n\n<p><strong>Le Fonds de Dotation de la Grande Loge de France, \u00abFraternit\u00e9 &amp; Humanisme\u00bb, est sollicit\u00e9 pour d\u00e9cerner, dans un montant de 1000 Euros,&nbsp;des&nbsp;prix&nbsp;r\u00e9compensant&nbsp;trois&nbsp;des&nbsp;artistes&nbsp;photographes&nbsp;en&nbsp;lice,&nbsp;choisis&nbsp;par&nbsp;le&nbsp;vote du public participant \u00e0 la manifestation.<\/strong><\/p>\n\n\n\n<p><strong>Il sera ainsi octroy\u00e9 500 euros au premier, 250 euros au deuxi\u00e8me et 100 euros au troisi\u00e8me, la diff\u00e9rence de 150 euros&nbsp;servant&nbsp;\u00e0 financer&nbsp;le tirage encadr\u00e9 offert&nbsp;au&nbsp;festivalier&nbsp;\u00e0 l\u2019issue&nbsp;d\u2019un&nbsp;tirage au sort parmi les votants.<\/strong><\/p>\n\n\n\n<p>Le&nbsp;public&nbsp;int\u00e9ress\u00e9&nbsp;pourra&nbsp;d\u00e9poser&nbsp;un&nbsp;bulletin&nbsp;dans&nbsp;une&nbsp;urne&nbsp;d\u00e9pos\u00e9e&nbsp;\u00e0&nbsp;cet&nbsp;effet,&nbsp;pour&nbsp;voter&nbsp;pour l\u2019artiste&nbsp;de&nbsp;son&nbsp;choix&nbsp;parmi&nbsp;les photographes&nbsp;en&nbsp;lice.<\/p>\n\n\n\n<p>Un tirage encadr\u00e9 sera achet\u00e9,&nbsp;<em>dans la limite de 150 euros<\/em>, \u00e0 l\u2019artiste laur\u00e9at du premier prix et offert \u00e0 l\u2019une des personnes ayant vot\u00e9, choisie par un tirage au sort.<\/p>\n\n\n\n<p>Les remises des&nbsp;trois prix&nbsp;et&nbsp;de l\u2019\u0153uvre offerte par&nbsp;le Festival auront&nbsp;lieu le&nbsp;samedi 8 juillet par le Pr\u00e9sident du Fonds de dotation \u00abFraternit\u00e9 &amp; Humanisme\u00bb .<\/p>\n\n\n\n<hr class=\"wp-block-separator has-alpha-channel-opacity\"\/>\n\n\n\n<p><em><strong>L&rsquo;achat des \u0153uvres&nbsp;expos\u00e9es sera&nbsp;possible,&nbsp;de&nbsp;gr\u00e9&nbsp;\u00e0&nbsp;gr\u00e9&nbsp;avec&nbsp;chaque&nbsp;photographe,&nbsp;sans&nbsp;aucune intervention&nbsp;des&nbsp;organisateurs.<\/strong><\/em><\/p>\n\n\n\n<hr class=\"wp-block-separator has-alpha-channel-opacity\"\/>\n\n\n\n<p style=\"font-size:28px\"><strong>Et vous pouvez retrouver les pages des photographes de <a href=\"https:\/\/lesheuresbleues.fr\/entre-vues-2023-photographies-dici-et-dailleurs\/\" data-type=\"page\" data-id=\"595085\">2023<\/a> et de <a href=\"https:\/\/lesheuresbleues.fr\/une-exposition-de-photographes-dici-et-dailleurs\/\" data-type=\"page\" data-id=\"884\">2022<\/a>.<\/strong><\/p>\n\n\n\n<p><br><\/p>\n","protected":false},"excerpt":{"rendered":"<p>UNE&nbsp;EXPOSITION&nbsp;DE&nbsp;PHOTOGRAPHES&nbsp;D\u2019ICI&nbsp;ET&nbsp;D\u2019AILLEURS Les&nbsp;festivaliers&nbsp;pourront&nbsp;faire&nbsp;connaissance&nbsp;avec&nbsp;une&nbsp;s\u00e9lection&nbsp;de&nbsp;plusieurs&nbsp;photographes&nbsp;d\u2019ici&nbsp;et&nbsp;d\u2019ailleurs. Il&nbsp;est&nbsp;\u00e0&nbsp;noter&nbsp;que&nbsp;tous ces&nbsp;photographes&nbsp;participent pour la premi\u00e8re fois au Festival. Pour en savoir plus sur les photographes qui exposent \u00e0 \u00abEntre-Vues\u00bb, voici un aper\u00e7u de leur talent. Anne HUBINET \u2013 28 ansannehubinet@gmail.com Vues de New-York, verticalit\u00e9, les immeubles, les gens Formation: Bachelor of Art (Coventry University \u2013 UK) Maria MASIA \u2013 21 ansm.masia@ndfrance.org Photographier la &hellip; <a href=\"http:\/\/lesheuresbleues.fr\/?page_id=922165\" class=\"more-link\">Continuer la lecture de <span class=\"screen-reader-text\">Entre-vues 2024: Photographies d&rsquo;ici et d&rsquo;ailleurs<\/span>  <span class=\"meta-nav\">&rarr;<\/span><\/a><\/p>\n","protected":false},"author":143852627,"featured_media":922542,"parent":0,"menu_order":0,"comment_status":"closed","ping_status":"closed","template":"page-templates\/full-width.php","meta":{"_coblocks_attr":"","_coblocks_dimensions":"","_coblocks_responsive_height":"","_coblocks_accordion_ie_support":"","footnotes":""},"class_list":["post-922165","page","type-page","status-publish","has-post-thumbnail","hentry"],"_links":{"self":[{"href":"http:\/\/lesheuresbleues.fr\/index.php?rest_route=\/wp\/v2\/pages\/922165","targetHints":{"allow":["GET"]}}],"collection":[{"href":"http:\/\/lesheuresbleues.fr\/index.php?rest_route=\/wp\/v2\/pages"}],"about":[{"href":"http:\/\/lesheuresbleues.fr\/index.php?rest_route=\/wp\/v2\/types\/page"}],"author":[{"embeddable":true,"href":"http:\/\/lesheuresbleues.fr\/index.php?rest_route=\/wp\/v2\/users\/143852627"}],"replies":[{"embeddable":true,"href":"http:\/\/lesheuresbleues.fr\/index.php?rest_route=%2Fwp%2Fv2%2Fcomments&post=922165"}],"version-history":[{"count":0,"href":"http:\/\/lesheuresbleues.fr\/index.php?rest_route=\/wp\/v2\/pages\/922165\/revisions"}],"wp:featuredmedia":[{"embeddable":true,"href":"http:\/\/lesheuresbleues.fr\/index.php?rest_route=\/wp\/v2\/media\/922542"}],"wp:attachment":[{"href":"http:\/\/lesheuresbleues.fr\/index.php?rest_route=%2Fwp%2Fv2%2Fmedia&parent=922165"}],"curies":[{"name":"wp","href":"https:\/\/api.w.org\/{rel}","templated":true}]}}