{"id":900391,"date":"2024-04-09T18:27:59","date_gmt":"2024-04-09T16:27:59","guid":{"rendered":"https:\/\/lesheuresbleues.fr\/?page_id=900391"},"modified":"2024-06-18T12:24:59","modified_gmt":"2024-06-18T10:24:59","slug":"le-programme-musical-2024","status":"publish","type":"page","link":"http:\/\/lesheuresbleues.fr\/?page_id=900391","title":{"rendered":"Le programme musical 2024"},"content":{"rendered":"\n<h4 class=\"wp-block-heading\">Nos soir\u00e9es des jeudi 4, vendredi 5 et samedi 6 juillet s&rsquo;organiseront selon les m\u00eames principes.<\/h4>\n\n\n\n<p>Apr\u00e8s l&rsquo;ouverture du site, pendant que vous prendrez un rafraichissement sur l&rsquo;esplanade, ou que vous regarderez les expositions de photographies, une ambiance musicale, d\u00e9ambulant entre l&rsquo;exposition et l&rsquo;esplanade, vous fera patienter et vous ouvrira l&rsquo;app\u00e9tit.<\/p>\n\n\n\n<p>La restauration rapide sera ouverte, et vous pourrez \u00e9galement vous restaurer \u00e0 table, dans la salle climatis\u00e9e. Il sera prudent, pour la restauration \u00e0 table, de r\u00e9server \u00e0 l&rsquo;avance; <a href=\"https:\/\/lesheuresbleues.fr\/la-restauration-pendant-le-festival\/\" data-type=\"page\" data-id=\"165687\">les r\u00e9servations sont ouvertes<\/a>.<\/p>\n\n\n\n<p>A 21 heures, sur la sc\u00e8ne, nous vous proposerons \u00ab\u00a0PRIMIS\u00a0\u00bb, une premi\u00e8re partie assur\u00e9e par une formation de jeunes musiciens de l&rsquo;<a href=\"https:\/\/iesm.fr\" target=\"_blank\" rel=\"noreferrer noopener\">Institut d\u2019Enseignement Sup\u00e9rieur de la Musique<\/a> d&rsquo;Aix-en-Provence.<\/p>\n\n\n\n<p>Puis, vers 21 heures 30, au coucher du soleil, commencera le spectacle principal.<\/p>\n\n\n\n<p>A l&rsquo;issue de celui-ci, vous pourrez prendre un rafraichissement et profiter de la fin de la soir\u00e9e jusqu&rsquo;\u00e0 la fermeture du site, \u00e0 minuit et demie. Vous serez accompagn\u00e9 par une ambiance musicale de piano ou guitare, selon le soir.<\/p>\n\n\n\n<hr class=\"wp-block-separator has-alpha-channel-opacity\"\/>\n\n\n\n<h4 class=\"wp-block-heading\">Jeudi 4 juillet<\/h4>\n\n\n\n<div class=\"wp-block-media-text is-stacked-on-mobile\" style=\"grid-template-columns:33% auto\"><figure class=\"wp-block-media-text__media\"><img loading=\"lazy\" decoding=\"async\" width=\"800\" height=\"600\" src=\"https:\/\/lesheuresbleues.fr\/wp-content\/uploads\/2024\/02\/La-guinguette-improbable-2.jpg\" alt=\"\" class=\"wp-image-833690 size-full\" srcset=\"http:\/\/lesheuresbleues.fr\/wp-content\/uploads\/2024\/02\/La-guinguette-improbable-2.jpg 800w, http:\/\/lesheuresbleues.fr\/wp-content\/uploads\/2024\/02\/La-guinguette-improbable-2-300x225.jpg 300w, http:\/\/lesheuresbleues.fr\/wp-content\/uploads\/2024\/02\/La-guinguette-improbable-2-768x576.jpg 768w\" sizes=\"auto, (max-width: 800px) 100vw, 800px\" \/><\/figure><div class=\"wp-block-media-text__content\">\n<p><a href=\"https:\/\/lesheuresbleues.fr\/les-artistes-sur-nos-scenes\/la-guinguette-improbable\/\" data-type=\"page\" data-id=\"833612\">La guinguette improbable <\/a>vous proposera une ambiance musicale de chanson fran\u00e7aise traditionnelle.<\/p>\n<\/div><\/div>\n\n\n\n<p class=\"has-small-font-size\"><strong>Au programme de la guinguette improbable,<\/strong> d&rsquo;Aznavour \u00e0 Tr\u00e9net, en passant par Brassens et d&rsquo;autres\u2026<\/p>\n\n\n\n<div class=\"wp-block-media-text has-media-on-the-right is-stacked-on-mobile\" style=\"grid-template-columns:auto 42%\"><div class=\"wp-block-media-text__content\">\n<p>Le <a href=\"https:\/\/lesheuresbleues.fr\/les-artistes-sur-nos-scenes\/quatuor-reverso\/\" data-type=\"page\" data-id=\"832706\">Quatuor Reverso<\/a> vous proposera Dvorak, Mendelssohn et Haydn.<\/p>\n<\/div><figure class=\"wp-block-media-text__media\"><img loading=\"lazy\" decoding=\"async\" width=\"1024\" height=\"683\" src=\"https:\/\/lesheuresbleues.fr\/wp-content\/uploads\/2024\/02\/Quatuor-Reverso-1024x683.jpg\" alt=\"\" class=\"wp-image-832730 size-full\" srcset=\"http:\/\/lesheuresbleues.fr\/wp-content\/uploads\/2024\/02\/Quatuor-Reverso-1024x683.jpg 1024w, http:\/\/lesheuresbleues.fr\/wp-content\/uploads\/2024\/02\/Quatuor-Reverso-300x200.jpg 300w, http:\/\/lesheuresbleues.fr\/wp-content\/uploads\/2024\/02\/Quatuor-Reverso-768x512.jpg 768w, http:\/\/lesheuresbleues.fr\/wp-content\/uploads\/2024\/02\/Quatuor-Reverso.jpg 1152w\" sizes=\"auto, (max-width: 1024px) 100vw, 1024px\" \/><\/figure><\/div>\n\n\n\n<p class=\"has-small-font-size\"><strong>Au programme du Quatuor Reverso<\/strong><br>Quatuor n\u00b012 \u00ab\u00a0Am\u00e9ricain\u00a0\u00bb de Dvorak (2\u00e8me mouvement)<br>Quatuor n\u00b06 en fa mineur opus 80 de Mendelssohn (1er, 2\u00e8me, 3\u00e8me mouvements)<br>Quatuor n\u00b03 en sol mineur opus 74 d\u2019Haydn \u00ab\u00a0Le Cavalier\u00a0\u00bb (4\u00e8me mouvement)<\/p>\n\n\n\n<div class=\"wp-block-media-text is-stacked-on-mobile\" style=\"grid-template-columns:60% auto\"><figure class=\"wp-block-media-text__media\"><img loading=\"lazy\" decoding=\"async\" width=\"1024\" height=\"716\" src=\"https:\/\/lesheuresbleues.fr\/wp-content\/uploads\/2023\/12\/Marie-de-Tourris-01-concert-1024x716.jpg\" alt=\"\" class=\"wp-image-776458 size-full\" srcset=\"http:\/\/lesheuresbleues.fr\/wp-content\/uploads\/2023\/12\/Marie-de-Tourris-01-concert-1024x716.jpg 1024w, http:\/\/lesheuresbleues.fr\/wp-content\/uploads\/2023\/12\/Marie-de-Tourris-01-concert-300x210.jpg 300w, http:\/\/lesheuresbleues.fr\/wp-content\/uploads\/2023\/12\/Marie-de-Tourris-01-concert-768x537.jpg 768w, http:\/\/lesheuresbleues.fr\/wp-content\/uploads\/2023\/12\/Marie-de-Tourris-01-concert.jpg 1351w\" sizes=\"auto, (max-width: 1024px) 100vw, 1024px\" \/><\/figure><div class=\"wp-block-media-text__content\">\n<p><a href=\"https:\/\/lesheuresbleues.fr\/les-artistes-sur-nos-scenes\/marie-de-tourris\/\" data-type=\"page\" data-id=\"769268\">Marie de Tourris<\/a>, pianiste concertiste, vous proposera  des \u0153uvres de Marcello, Albeniz,  Granados,  Debussy, Chopin, Liszt et de Falla.<\/p>\n<\/div><\/div>\n\n\n\n<p class=\"has-small-font-size\"><strong>Au programme de Marie de Tourris<\/strong><br>Adagio BWV 974 de Alessandro Marcello<br>\u201cEl Puerto \u2013 Cadiz\u201d d\u2019Isaac Albeniz<br>\u201cQuejas o la Maja y el Ruise\u00f1or\u201d d\u2019Enrique Granados<br>\u201cJardins sous la Pluie\u201d de Claude Debussy<br>\u201cClair de Lune\u201d de Claude Debussy<br>Valse n\u00b0 1 opus Posthume dite \u00ab Valse de l\u2019Adieu \u00bb de Fr\u00e9d\u00e9ric Chopin<br>Nocturne n\u00b0 20 opus Posthume de Fr\u00e9d\u00e9ric Chopin<br>Etude n\u00b0 12 opus 10 dite \u00ab La R\u00e9volutionnaire \u00bb de Fr\u00e9d\u00e9ric Chopin<br>\u201cSposalizio\u201d de Franz Liszt\u00a0\u00bbUn Sospiro\u00a0\u00bb de Franz Liszt<br>\u201cLa danse rituelle du Feu\u201d de Manuel de Falla<\/p>\n\n\n\n<p><strong>Et apr\u00e8s le spectacle principal, une fin de soir\u00e9e tranquille guitare-chant sous les \u00e9toiles\u2026<\/strong><\/p>\n\n\n\n<hr class=\"wp-block-separator has-alpha-channel-opacity\"\/>\n\n\n\n<h4 class=\"wp-block-heading\">Vendredi 5 juillet<\/h4>\n\n\n\n<div class=\"wp-block-media-text is-stacked-on-mobile\" style=\"grid-template-columns:35% auto\"><figure class=\"wp-block-media-text__media\"><img loading=\"lazy\" decoding=\"async\" width=\"1024\" height=\"722\" src=\"https:\/\/lesheuresbleues.fr\/wp-content\/uploads\/2024\/02\/Les-Buzz-Brothers-1-1024x722.jpg\" alt=\"\" class=\"wp-image-833757 size-full\" srcset=\"http:\/\/lesheuresbleues.fr\/wp-content\/uploads\/2024\/02\/Les-Buzz-Brothers-1-1024x722.jpg 1024w, http:\/\/lesheuresbleues.fr\/wp-content\/uploads\/2024\/02\/Les-Buzz-Brothers-1-300x211.jpg 300w, http:\/\/lesheuresbleues.fr\/wp-content\/uploads\/2024\/02\/Les-Buzz-Brothers-1-768x541.jpg 768w, http:\/\/lesheuresbleues.fr\/wp-content\/uploads\/2024\/02\/Les-Buzz-Brothers-1-1536x1082.jpg 1536w, http:\/\/lesheuresbleues.fr\/wp-content\/uploads\/2024\/02\/Les-Buzz-Brothers-1.jpg 1920w\" sizes=\"auto, (max-width: 1024px) 100vw, 1024px\" \/><\/figure><div class=\"wp-block-media-text__content\">\n<p>Swing et blues-rock en d\u00e9ambulation avec <a href=\"https:\/\/lesheuresbleues.fr\/les-artistes-sur-nos-scenes\/les-buzz-brothers\/\" data-type=\"page\" data-id=\"833729\">Les Buzz Brothers<\/a>.<\/p>\n<\/div><\/div>\n\n\n\n<p class=\"has-small-font-size\"><strong>Au programme des Buzz Brothers<\/strong>, de Chuck Berry \u00e0 Muddy Waters, en passant par John Fogerty.<\/p>\n\n\n\n<div class=\"wp-block-media-text has-media-on-the-right is-stacked-on-mobile\" style=\"grid-template-columns:auto 45%\"><div class=\"wp-block-media-text__content\">\n<p>Les cuivres du <a href=\"https:\/\/lesheuresbleues.fr\/les-artistes-sur-nos-scenes\/quintette-azalee\/\" data-type=\"page\" data-id=\"832785\">Quintette Azal\u00e9e<\/a> feront r\u00e9sonner les musiques de Crespo, Holborne, Bernstein, Kompanek et Piazzolla.<\/p>\n<\/div><figure class=\"wp-block-media-text__media\"><img loading=\"lazy\" decoding=\"async\" width=\"1024\" height=\"682\" src=\"https:\/\/lesheuresbleues.fr\/wp-content\/uploads\/2024\/02\/Quintette-Azalee-1024x682.jpeg\" alt=\"\" class=\"wp-image-832806 size-full\" srcset=\"http:\/\/lesheuresbleues.fr\/wp-content\/uploads\/2024\/02\/Quintette-Azalee-1024x682.jpeg 1024w, http:\/\/lesheuresbleues.fr\/wp-content\/uploads\/2024\/02\/Quintette-Azalee-300x200.jpeg 300w, http:\/\/lesheuresbleues.fr\/wp-content\/uploads\/2024\/02\/Quintette-Azalee-768x512.jpeg 768w, http:\/\/lesheuresbleues.fr\/wp-content\/uploads\/2024\/02\/Quintette-Azalee-1536x1023.jpeg 1536w, http:\/\/lesheuresbleues.fr\/wp-content\/uploads\/2024\/02\/Quintette-Azalee.jpeg 1600w\" sizes=\"auto, (max-width: 1024px) 100vw, 1024px\" \/><\/figure><\/div>\n\n\n\n<p class=\"has-small-font-size\"><strong>Au programme du Quintette Azal\u00e9e<\/strong><br>Just a Closer Walk with tree, arranged by Don Gillis<br>Anthony Holborne, Muy Linda<br>Astor Piazzola, Maria de Buenos Aires<br>Claude Debussy, La Fille aux Cheveux de Lin<br>Caleb Hudson, White Rose Elegy<br>Franck Sinatra, My way<\/p>\n\n\n\n<div class=\"wp-block-media-text is-stacked-on-mobile\" style=\"grid-template-columns:56% auto\"><figure class=\"wp-block-media-text__media\"><img loading=\"lazy\" decoding=\"async\" width=\"1024\" height=\"683\" src=\"https:\/\/lesheuresbleues.fr\/wp-content\/uploads\/2023\/12\/MSG3-1024x683.jpg\" alt=\"\" class=\"wp-image-777407 size-full\" srcset=\"http:\/\/lesheuresbleues.fr\/wp-content\/uploads\/2023\/12\/MSG3-1024x683.jpg 1024w, http:\/\/lesheuresbleues.fr\/wp-content\/uploads\/2023\/12\/MSG3-300x200.jpg 300w, http:\/\/lesheuresbleues.fr\/wp-content\/uploads\/2023\/12\/MSG3-768x512.jpg 768w, http:\/\/lesheuresbleues.fr\/wp-content\/uploads\/2023\/12\/MSG3-1536x1024.jpg 1536w, http:\/\/lesheuresbleues.fr\/wp-content\/uploads\/2023\/12\/MSG3-2048x1365.jpg 2048w\" sizes=\"auto, (max-width: 1024px) 100vw, 1024px\" \/><\/figure><div class=\"wp-block-media-text__content\">\n<p>De grands classiques de la musique am\u00e9ricaine avec <a href=\"https:\/\/lesheuresbleues.fr\/les-artistes-sur-nos-scenes\/massilia-sound-gospel\/\" data-type=\"page\" data-id=\"769196\">Massilia Sounds Gospel<\/a>.<\/p>\n<\/div><\/div>\n\n\n\n<p class=\"has-small-font-size\"><strong>Au programme de Massilia Sounds Gospel<br><\/strong>Hosanna<br>Nobody knows the troubles I\u2019ve seen<br>Amazing grace<br>Sometimes I feel like a motherless child<br>Go Down Moses<br>He\u2019s got the whole world in his hands<br>Wade in the water<br>This little light o\u2019 mine<br>Deep river<br>We shall overcome<br>A change is gonna come<br>Hold me now<br>Brighter day<\/p>\n\n\n\n<p><strong>Et apr\u00e8s le spectacle principal, un peu de blues pour se rafraichir sur l&rsquo;esplanade du ch\u00e2teau.<\/strong><\/p>\n\n\n\n<hr class=\"wp-block-separator has-alpha-channel-opacity\"\/>\n\n\n\n<h4 class=\"wp-block-heading\">Samedi 6 juillet<\/h4>\n\n\n\n<div class=\"wp-block-media-text is-stacked-on-mobile\" style=\"grid-template-columns:33% auto\"><figure class=\"wp-block-media-text__media\"><img loading=\"lazy\" decoding=\"async\" width=\"1024\" height=\"768\" src=\"https:\/\/lesheuresbleues.fr\/wp-content\/uploads\/2024\/02\/Mississipi-Boys-1024x768.png\" alt=\"\" class=\"wp-image-833843 size-full\" srcset=\"http:\/\/lesheuresbleues.fr\/wp-content\/uploads\/2024\/02\/Mississipi-Boys-1024x768.png 1024w, http:\/\/lesheuresbleues.fr\/wp-content\/uploads\/2024\/02\/Mississipi-Boys-300x225.png 300w, http:\/\/lesheuresbleues.fr\/wp-content\/uploads\/2024\/02\/Mississipi-Boys-768x576.png 768w, http:\/\/lesheuresbleues.fr\/wp-content\/uploads\/2024\/02\/Mississipi-Boys-1536x1152.png 1536w, http:\/\/lesheuresbleues.fr\/wp-content\/uploads\/2024\/02\/Mississipi-Boys.png 1600w\" sizes=\"auto, (max-width: 1024px) 100vw, 1024px\" \/><\/figure><div class=\"wp-block-media-text__content\">\n<p>Du \u00ab\u00a0New Orleans\u00a0\u00bb en d\u00e9ambulation avec les <a href=\"https:\/\/lesheuresbleues.fr\/les-artistes-sur-nos-scenes\/mississipi-boys\/\" data-type=\"page\" data-id=\"833804\">Mississipi Boys<\/a>.<\/p>\n<\/div><\/div>\n\n\n\n<p class=\"has-small-font-size\"><strong>Au programme des Mississipi Boys<\/strong>, de Sydney Bechet \u00e0 Fats Waller, en passant par Georges Gerschwin.<\/p>\n\n\n\n<div class=\"wp-block-media-text has-media-on-the-right is-stacked-on-mobile\" style=\"grid-template-columns:auto 18%\"><div class=\"wp-block-media-text__content\">\n<p>Le <a href=\"https:\/\/lesheuresbleues.fr\/les-artistes-sur-nos-scenes\/half-four\/\" data-type=\"page\" data-id=\"832823\">Quartet Half Four<\/a> vous offrira de grands standards du jazz.<\/p>\n<\/div><figure class=\"wp-block-media-text__media\"><img loading=\"lazy\" decoding=\"async\" width=\"976\" height=\"1024\" src=\"https:\/\/lesheuresbleues.fr\/wp-content\/uploads\/2024\/02\/Half-Four-976x1024.png\" alt=\"\" class=\"wp-image-832842 size-full\" srcset=\"http:\/\/lesheuresbleues.fr\/wp-content\/uploads\/2024\/02\/Half-Four-976x1024.png 976w, http:\/\/lesheuresbleues.fr\/wp-content\/uploads\/2024\/02\/Half-Four-286x300.png 286w, http:\/\/lesheuresbleues.fr\/wp-content\/uploads\/2024\/02\/Half-Four-768x806.png 768w, http:\/\/lesheuresbleues.fr\/wp-content\/uploads\/2024\/02\/Half-Four-1464x1536.png 1464w, http:\/\/lesheuresbleues.fr\/wp-content\/uploads\/2024\/02\/Half-Four.png 1587w\" sizes=\"auto, (max-width: 976px) 100vw, 976px\" \/><\/figure><\/div>\n\n\n\n<p class=\"has-small-font-size\"><strong>Au programme du Quartet Half Four<\/strong><br>Anna Gruzina, Antivirus&nbsp;<br>Anna Gruzina, Sweet memories<br>Anna Gruzina, En Vau&nbsp;<br>Philippe Barre, For Betty<br>Philippe Barre, Hard Poppers&nbsp;<br>Philippe Barre, Very Tricky&nbsp;&nbsp;<br>Arthur Schwartz, You and the night and the music&nbsp;<\/p>\n\n\n\n<div class=\"wp-block-media-text is-stacked-on-mobile\" style=\"grid-template-columns:42% auto\"><figure class=\"wp-block-media-text__media\"><img loading=\"lazy\" decoding=\"async\" width=\"425\" height=\"425\" src=\"https:\/\/lesheuresbleues.fr\/wp-content\/uploads\/2024\/03\/Peturcciani-quartet-carre.png\" alt=\"\" class=\"wp-image-867500 size-full\" srcset=\"http:\/\/lesheuresbleues.fr\/wp-content\/uploads\/2024\/03\/Peturcciani-quartet-carre.png 425w, http:\/\/lesheuresbleues.fr\/wp-content\/uploads\/2024\/03\/Peturcciani-quartet-carre-300x300.png 300w, http:\/\/lesheuresbleues.fr\/wp-content\/uploads\/2024\/03\/Peturcciani-quartet-carre-150x150.png 150w\" sizes=\"auto, (max-width: 425px) 100vw, 425px\" \/><\/figure><div class=\"wp-block-media-text__content\">\n<p><a href=\"https:\/\/lesheuresbleues.fr\/les-artistes-sur-nos-scenes\/philippe-petrucciani\/\" data-type=\"page\" data-id=\"769244\">Philippe Petrucciani et son quartet<\/a> vous pr\u00e9senteront la musique de leur trois albums:<br>\u00abRemember Petrucciani\u00bb,  \u00abEste Mundo\u00bb et <br>\u00abLet\u2019s have a walk\u00bb.<\/p>\n<\/div><\/div>\n\n\n\n<p class=\"has-small-font-size\"><strong>Au programme de Philippe Petrucciani et son quartet<\/strong><br>Remember Petrucciani&nbsp;<br>Este Mundo<br>Let\u2019s have a walk<br>Les \u00e9toiles<br>Bahia<br>Alone together<br>Watching T.V.<br>I remember Paris<br>Le Danseur<br>Pourquoi<br>Entrelac\u00e9<br>Mike P.<br>Summertime<br>Michelle<br>Les moulins de mon c\u0153ur<\/p>\n\n\n\n<p><strong>Et apr\u00e8s le spectacle principal, du piano bar pour un dernier verre (mod\u00e9r\u00e9ment, bien s\u00fbr) entre amis.<\/strong><\/p>\n\n\n\n<hr class=\"wp-block-separator has-alpha-channel-opacity\"\/>\n\n\n\n<p><strong><em><a href=\"https:\/\/www.helloasso.com\/associations\/saint-jean-d-ecosse\/evenements\/les-heures-bleues-2024\" target=\"_blank\" rel=\"noreferrer noopener\">La billetterie est ouverte sur Helloasso.<\/a><\/em><\/strong><\/p>\n\n\n\n<p><strong>Et voici le <a href=\"https:\/\/lesheuresbleues.fr\/wp-content\/uploads\/2024\/06\/Invitation-LHB-2024-Serie-4.pdf\" data-type=\"attachment\" data-id=\"987728\">programme complet \u00e0 t\u00e9l\u00e9charger<\/a> ci-dessous<\/strong>:<\/p>\n\n\n\n<div class=\"wp-block-file\"><a id=\"wp-block-file--media-c062c548-e080-435a-a1d0-c37d7d2ae9cb\" href=\"https:\/\/lesheuresbleues.fr\/wp-content\/uploads\/2024\/06\/Invitation-LHB-2024-Serie-4.pdf\">Invitation LHB 2024 S\u00e9rie 4<\/a><a href=\"https:\/\/lesheuresbleues.fr\/wp-content\/uploads\/2024\/06\/Invitation-LHB-2024-Serie-4.pdf\" class=\"wp-block-file__button wp-element-button\" download aria-describedby=\"wp-block-file--media-c062c548-e080-435a-a1d0-c37d7d2ae9cb\">T\u00e9l\u00e9charger<\/a><\/div>\n","protected":false},"excerpt":{"rendered":"<p>Nos soir\u00e9es des jeudi 4, vendredi 5 et samedi 6 juillet s&rsquo;organiseront selon les m\u00eames principes. Apr\u00e8s l&rsquo;ouverture du site, pendant que vous prendrez un rafraichissement sur l&rsquo;esplanade, ou que vous regarderez les expositions de photographies, une ambiance musicale, d\u00e9ambulant entre l&rsquo;exposition et l&rsquo;esplanade, vous fera patienter et vous ouvrira l&rsquo;app\u00e9tit. La restauration rapide sera &hellip; <a href=\"http:\/\/lesheuresbleues.fr\/?page_id=900391\" class=\"more-link\">Continuer la lecture de <span class=\"screen-reader-text\">Le programme musical 2024<\/span>  <span class=\"meta-nav\">&rarr;<\/span><\/a><\/p>\n","protected":false},"author":143852627,"featured_media":400377,"parent":0,"menu_order":0,"comment_status":"closed","ping_status":"closed","template":"","meta":{"_coblocks_attr":"","_coblocks_dimensions":"","_coblocks_responsive_height":"","_coblocks_accordion_ie_support":"","footnotes":""},"class_list":["post-900391","page","type-page","status-publish","has-post-thumbnail","hentry"],"_links":{"self":[{"href":"http:\/\/lesheuresbleues.fr\/index.php?rest_route=\/wp\/v2\/pages\/900391","targetHints":{"allow":["GET"]}}],"collection":[{"href":"http:\/\/lesheuresbleues.fr\/index.php?rest_route=\/wp\/v2\/pages"}],"about":[{"href":"http:\/\/lesheuresbleues.fr\/index.php?rest_route=\/wp\/v2\/types\/page"}],"author":[{"embeddable":true,"href":"http:\/\/lesheuresbleues.fr\/index.php?rest_route=\/wp\/v2\/users\/143852627"}],"replies":[{"embeddable":true,"href":"http:\/\/lesheuresbleues.fr\/index.php?rest_route=%2Fwp%2Fv2%2Fcomments&post=900391"}],"version-history":[{"count":0,"href":"http:\/\/lesheuresbleues.fr\/index.php?rest_route=\/wp\/v2\/pages\/900391\/revisions"}],"wp:featuredmedia":[{"embeddable":true,"href":"http:\/\/lesheuresbleues.fr\/index.php?rest_route=\/wp\/v2\/media\/400377"}],"wp:attachment":[{"href":"http:\/\/lesheuresbleues.fr\/index.php?rest_route=%2Fwp%2Fv2%2Fmedia&parent=900391"}],"curies":[{"name":"wp","href":"https:\/\/api.w.org\/{rel}","templated":true}]}}