{"id":833729,"date":"2024-02-25T01:22:16","date_gmt":"2024-02-25T00:22:16","guid":{"rendered":"https:\/\/lesheuresbleues.fr\/?page_id=833729"},"modified":"2024-07-11T20:53:57","modified_gmt":"2024-07-11T18:53:57","slug":"les-buzz-brothers","status":"publish","type":"page","link":"http:\/\/lesheuresbleues.fr\/?page_id=833729","title":{"rendered":"Les Buzz Brothers"},"content":{"rendered":"\n<p>Avec les Buzz Brothers, c&rsquo;est le r\u00e9pertoire ann\u00e9es 50 \u00e0 70 qui est mis \u00e0 l&rsquo;honneur. Les tubes du rock et du rockabilly mais aussi toutes les ambiances des fifties aux seventies,<br>toujours en d\u00e9ambulation\u2026<\/p>\n\n\n<div class=\"wp-block-image\">\n<figure class=\"aligncenter size-large\"><img loading=\"lazy\" decoding=\"async\" width=\"1024\" height=\"722\" src=\"https:\/\/lesheuresbleues.fr\/wp-content\/uploads\/2024\/02\/Les-Buzz-Brothers-1-1024x722.jpg\" alt=\"\" class=\"wp-image-833757\" srcset=\"http:\/\/lesheuresbleues.fr\/wp-content\/uploads\/2024\/02\/Les-Buzz-Brothers-1-1024x722.jpg 1024w, http:\/\/lesheuresbleues.fr\/wp-content\/uploads\/2024\/02\/Les-Buzz-Brothers-1-300x211.jpg 300w, http:\/\/lesheuresbleues.fr\/wp-content\/uploads\/2024\/02\/Les-Buzz-Brothers-1-768x541.jpg 768w, http:\/\/lesheuresbleues.fr\/wp-content\/uploads\/2024\/02\/Les-Buzz-Brothers-1-1536x1082.jpg 1536w, http:\/\/lesheuresbleues.fr\/wp-content\/uploads\/2024\/02\/Les-Buzz-Brothers-1.jpg 1920w\" sizes=\"auto, (max-width: 1024px) 100vw, 1024px\" \/><\/figure>\n<\/div>\n\n\n<p>Les Buzz Brothers vous ont accueillis aux Heures Bleues 2024 avant le spectacle principal, le 5 juillet.<\/p>\n\n\n\n<p>Vous pouvez les retrouver sur leur site Internet:<br><a href=\"https:\/\/brass-band-tequila.jimdosite.com\/buzz-brothers\/\">https:\/\/brass-band-tequila.jimdosite.com\/buzz-brothers\/<\/a><\/p>\n","protected":false},"excerpt":{"rendered":"<p>Avec les Buzz Brothers, c&rsquo;est le r\u00e9pertoire ann\u00e9es 50 \u00e0 70 qui est mis \u00e0 l&rsquo;honneur. Les tubes du rock et du rockabilly mais aussi toutes les ambiances des fifties aux seventies,toujours en d\u00e9ambulation\u2026 Les Buzz Brothers vous ont accueillis aux Heures Bleues 2024 avant le spectacle principal, le 5 juillet. Vous pouvez les retrouver &hellip; <a href=\"http:\/\/lesheuresbleues.fr\/?page_id=833729\" class=\"more-link\">Continuer la lecture de <span class=\"screen-reader-text\">Les Buzz Brothers<\/span>  <span class=\"meta-nav\">&rarr;<\/span><\/a><\/p>\n","protected":false},"author":143852627,"featured_media":0,"parent":340,"menu_order":0,"comment_status":"closed","ping_status":"closed","template":"","meta":{"_coblocks_attr":"","_coblocks_dimensions":"","_coblocks_responsive_height":"","_coblocks_accordion_ie_support":"","footnotes":""},"class_list":["post-833729","page","type-page","status-publish","hentry"],"_links":{"self":[{"href":"http:\/\/lesheuresbleues.fr\/index.php?rest_route=\/wp\/v2\/pages\/833729","targetHints":{"allow":["GET"]}}],"collection":[{"href":"http:\/\/lesheuresbleues.fr\/index.php?rest_route=\/wp\/v2\/pages"}],"about":[{"href":"http:\/\/lesheuresbleues.fr\/index.php?rest_route=\/wp\/v2\/types\/page"}],"author":[{"embeddable":true,"href":"http:\/\/lesheuresbleues.fr\/index.php?rest_route=\/wp\/v2\/users\/143852627"}],"replies":[{"embeddable":true,"href":"http:\/\/lesheuresbleues.fr\/index.php?rest_route=%2Fwp%2Fv2%2Fcomments&post=833729"}],"version-history":[{"count":0,"href":"http:\/\/lesheuresbleues.fr\/index.php?rest_route=\/wp\/v2\/pages\/833729\/revisions"}],"up":[{"embeddable":true,"href":"http:\/\/lesheuresbleues.fr\/index.php?rest_route=\/wp\/v2\/pages\/340"}],"wp:attachment":[{"href":"http:\/\/lesheuresbleues.fr\/index.php?rest_route=%2Fwp%2Fv2%2Fmedia&parent=833729"}],"curies":[{"name":"wp","href":"https:\/\/api.w.org\/{rel}","templated":true}]}}