{"id":833612,"date":"2024-02-25T01:15:52","date_gmt":"2024-02-25T00:15:52","guid":{"rendered":"https:\/\/lesheuresbleues.fr\/?page_id=833612"},"modified":"2024-07-05T02:03:57","modified_gmt":"2024-07-05T00:03:57","slug":"la-guinguette-improbable","status":"publish","type":"page","link":"http:\/\/lesheuresbleues.fr\/?page_id=833612","title":{"rendered":"La Guinguette Improbable"},"content":{"rendered":"\n<p>&#8230;franc son sans chaise&#8230;<br>D\u00e9ambulatoire festif et (un peu) d\u00e9jant\u00e9\u2026<br>De la chanson (fran\u00e7aise en majeure partie&#8230; mais pas que&#8230;<br>Italienne, espagnole et pourquoi pas russe?)<br>Du swing (chant\u00e9 le plus souvent)<br>Du musette (swingu\u00e9 comme \u00e0 l\u2019\u00e9poque)<br>De la f\u00eate (chant\u00e9e, swingu\u00e9e ou musett\u00e9e)<br><br>?Avec ses cinq comp\u00e8res,  sa sonorisation portative, la guinguette va vous emmener des bords de Marne aux portes de Paris version manouche en passant par Naples.<\/p>\n\n\n<div class=\"wp-block-image\">\n<figure class=\"aligncenter size-full\"><img loading=\"lazy\" decoding=\"async\" width=\"800\" height=\"600\" src=\"https:\/\/lesheuresbleues.fr\/wp-content\/uploads\/2024\/02\/La-guinguette-improbable-2.jpg\" alt=\"\" class=\"wp-image-833690\" srcset=\"http:\/\/lesheuresbleues.fr\/wp-content\/uploads\/2024\/02\/La-guinguette-improbable-2.jpg 800w, http:\/\/lesheuresbleues.fr\/wp-content\/uploads\/2024\/02\/La-guinguette-improbable-2-300x225.jpg 300w, http:\/\/lesheuresbleues.fr\/wp-content\/uploads\/2024\/02\/La-guinguette-improbable-2-768x576.jpg 768w\" sizes=\"auto, (max-width: 800px) 100vw, 800px\" \/><\/figure>\n<\/div>\n\n\n<p>Ils ont anim\u00e9 les Heures Bleues 2024, avant le spectacle principal, le 4 juillet.<\/p>\n\n\n\n<p>Retrouvez-les sur leur site Internet:<br><a href=\"https:\/\/la-guinguette-improbable.jimdosite.com\">https:\/\/la-guinguette-improbable.jimdosite.com<\/a><\/p>\n","protected":false},"excerpt":{"rendered":"<p>&#8230;franc son sans chaise&#8230;D\u00e9ambulatoire festif et (un peu) d\u00e9jant\u00e9\u2026De la chanson (fran\u00e7aise en majeure partie&#8230; mais pas que&#8230;Italienne, espagnole et pourquoi pas russe?)Du swing (chant\u00e9 le plus souvent)Du musette (swingu\u00e9 comme \u00e0 l\u2019\u00e9poque)De la f\u00eate (chant\u00e9e, swingu\u00e9e ou musett\u00e9e) ?Avec ses cinq comp\u00e8res, sa sonorisation portative, la guinguette va vous emmener des bords de Marne &hellip; <a href=\"http:\/\/lesheuresbleues.fr\/?page_id=833612\" class=\"more-link\">Continuer la lecture de <span class=\"screen-reader-text\">La Guinguette Improbable<\/span>  <span class=\"meta-nav\">&rarr;<\/span><\/a><\/p>\n","protected":false},"author":143852627,"featured_media":0,"parent":340,"menu_order":0,"comment_status":"closed","ping_status":"closed","template":"","meta":{"_coblocks_attr":"","_coblocks_dimensions":"","_coblocks_responsive_height":"","_coblocks_accordion_ie_support":"","footnotes":""},"class_list":["post-833612","page","type-page","status-publish","hentry"],"_links":{"self":[{"href":"http:\/\/lesheuresbleues.fr\/index.php?rest_route=\/wp\/v2\/pages\/833612","targetHints":{"allow":["GET"]}}],"collection":[{"href":"http:\/\/lesheuresbleues.fr\/index.php?rest_route=\/wp\/v2\/pages"}],"about":[{"href":"http:\/\/lesheuresbleues.fr\/index.php?rest_route=\/wp\/v2\/types\/page"}],"author":[{"embeddable":true,"href":"http:\/\/lesheuresbleues.fr\/index.php?rest_route=\/wp\/v2\/users\/143852627"}],"replies":[{"embeddable":true,"href":"http:\/\/lesheuresbleues.fr\/index.php?rest_route=%2Fwp%2Fv2%2Fcomments&post=833612"}],"version-history":[{"count":0,"href":"http:\/\/lesheuresbleues.fr\/index.php?rest_route=\/wp\/v2\/pages\/833612\/revisions"}],"up":[{"embeddable":true,"href":"http:\/\/lesheuresbleues.fr\/index.php?rest_route=\/wp\/v2\/pages\/340"}],"wp:attachment":[{"href":"http:\/\/lesheuresbleues.fr\/index.php?rest_route=%2Fwp%2Fv2%2Fmedia&parent=833612"}],"curies":[{"name":"wp","href":"https:\/\/api.w.org\/{rel}","templated":true}]}}