{"id":832823,"date":"2024-02-24T23:10:54","date_gmt":"2024-02-24T22:10:54","guid":{"rendered":"https:\/\/lesheuresbleues.fr\/?page_id=832823"},"modified":"2024-07-11T20:40:33","modified_gmt":"2024-07-11T18:40:33","slug":"half-four","status":"publish","type":"page","link":"http:\/\/lesheuresbleues.fr\/?page_id=832823","title":{"rendered":"Half Four"},"content":{"rendered":"\n<p>Le Half-Four puise dans l&rsquo;h\u00e9ritage du jazz tout en explorant de nouvelles fronti\u00e8res sonores. Des compositions originales, riches en harmonies recherch\u00e9es et en rythmes vibrants, se m\u00ealent habilement \u00e0 des reprises soigneusement choisies, revisit\u00e9es avec une touche personnelle. Cette r\u00e9union offre une exp\u00e9rience musicale o\u00f9 le pass\u00e9 et le pr\u00e9sent se rencontrent dans un dialogue harmonieux.<\/p>\n\n\n<div class=\"wp-block-image\">\n<figure class=\"aligncenter size-large\"><img loading=\"lazy\" decoding=\"async\" width=\"976\" height=\"1024\" src=\"https:\/\/lesheuresbleues.fr\/wp-content\/uploads\/2024\/02\/Half-Four-976x1024.png\" alt=\"\" class=\"wp-image-832842\" srcset=\"http:\/\/lesheuresbleues.fr\/wp-content\/uploads\/2024\/02\/Half-Four-976x1024.png 976w, http:\/\/lesheuresbleues.fr\/wp-content\/uploads\/2024\/02\/Half-Four-286x300.png 286w, http:\/\/lesheuresbleues.fr\/wp-content\/uploads\/2024\/02\/Half-Four-768x806.png 768w, http:\/\/lesheuresbleues.fr\/wp-content\/uploads\/2024\/02\/Half-Four-1464x1536.png 1464w, http:\/\/lesheuresbleues.fr\/wp-content\/uploads\/2024\/02\/Half-Four.png 1587w\" sizes=\"auto, (max-width: 976px) 100vw, 976px\" \/><\/figure>\n<\/div>\n\n\n<p>Half Four, ce sont Philippe Barr\u00e9 (guitare), Ana Gruzina (clavier), Luca Scalambrino (batterie) et Willy Quiko (contrebasse).<\/p>\n\n\n\n<p>Nous les avons \u00e9cout\u00e9s aux Heures Bleues le 6 juillet 2024. Et Philippe Barr\u00e9 \u00e9tait tr\u00e8s \u00e9mu de passer sur la m\u00eame sc\u00e8ne que Philippe Petrucciani, qui avait \u00e9t\u00e9 son professeur.<\/p>\n","protected":false},"excerpt":{"rendered":"<p>Le Half-Four puise dans l&rsquo;h\u00e9ritage du jazz tout en explorant de nouvelles fronti\u00e8res sonores. Des compositions originales, riches en harmonies recherch\u00e9es et en rythmes vibrants, se m\u00ealent habilement \u00e0 des reprises soigneusement choisies, revisit\u00e9es avec une touche personnelle. Cette r\u00e9union offre une exp\u00e9rience musicale o\u00f9 le pass\u00e9 et le pr\u00e9sent se rencontrent dans un dialogue &hellip; <a href=\"http:\/\/lesheuresbleues.fr\/?page_id=832823\" class=\"more-link\">Continuer la lecture de <span class=\"screen-reader-text\">Half Four<\/span>  <span class=\"meta-nav\">&rarr;<\/span><\/a><\/p>\n","protected":false},"author":143852627,"featured_media":0,"parent":340,"menu_order":0,"comment_status":"closed","ping_status":"closed","template":"","meta":{"_coblocks_attr":"","_coblocks_dimensions":"","_coblocks_responsive_height":"","_coblocks_accordion_ie_support":"","footnotes":""},"class_list":["post-832823","page","type-page","status-publish","hentry"],"_links":{"self":[{"href":"http:\/\/lesheuresbleues.fr\/index.php?rest_route=\/wp\/v2\/pages\/832823","targetHints":{"allow":["GET"]}}],"collection":[{"href":"http:\/\/lesheuresbleues.fr\/index.php?rest_route=\/wp\/v2\/pages"}],"about":[{"href":"http:\/\/lesheuresbleues.fr\/index.php?rest_route=\/wp\/v2\/types\/page"}],"author":[{"embeddable":true,"href":"http:\/\/lesheuresbleues.fr\/index.php?rest_route=\/wp\/v2\/users\/143852627"}],"replies":[{"embeddable":true,"href":"http:\/\/lesheuresbleues.fr\/index.php?rest_route=%2Fwp%2Fv2%2Fcomments&post=832823"}],"version-history":[{"count":0,"href":"http:\/\/lesheuresbleues.fr\/index.php?rest_route=\/wp\/v2\/pages\/832823\/revisions"}],"up":[{"embeddable":true,"href":"http:\/\/lesheuresbleues.fr\/index.php?rest_route=\/wp\/v2\/pages\/340"}],"wp:attachment":[{"href":"http:\/\/lesheuresbleues.fr\/index.php?rest_route=%2Fwp%2Fv2%2Fmedia&parent=832823"}],"curies":[{"name":"wp","href":"https:\/\/api.w.org\/{rel}","templated":true}]}}