{"id":832785,"date":"2024-02-24T23:09:00","date_gmt":"2024-02-24T22:09:00","guid":{"rendered":"https:\/\/lesheuresbleues.fr\/?page_id=832785"},"modified":"2024-07-11T20:52:57","modified_gmt":"2024-07-11T18:52:57","slug":"quintette-azalee","status":"publish","type":"page","link":"http:\/\/lesheuresbleues.fr\/?page_id=832785","title":{"rendered":"Quintette Azal\u00e9e"},"content":{"rendered":"\n<p>Azal\u00e9e: fleur rouge \u00e0 cinq p\u00e9tales c\u00e9l\u00e9brant traditionnellement les vari\u00e9t\u00e9s de personnalit\u00e9s. Ainsi, le quintette constitu\u00e9 depuis septembre 2021 fait ses d\u00e9buts dans le cadre de l\u2019Institut d\u2019Enseignement Sup\u00e9rieur d\u2019Aix-en-Provence. Ils se produisent r\u00e9guli\u00e8rement dans des \u00e9v\u00e8nements culturels \u00e0 Aix-en-Provence, soutenus par l\u2019association Muses&amp;Co. Leurs programmes s\u2019articulent autour de pi\u00e8ces de r\u00e9pertoire mais aussi d\u2019arrangements sous le mod\u00e8le du Canadian Brass.<\/p>\n\n\n\n<p>Ils projettent de multiplier leurs concerts dans la r\u00e9gion Sud afin d\u2019\u00e9toffer leur r\u00e9pertoire, leurs exp\u00e9riences et leurs rencontres.<\/p>\n\n\n\n<p>Azal\u00e9e, ce sont Guillaume Barb\u00e9 et Pierrot Buliard (trompettes), Constance Mespoulet (cor), Luis Murillo Narvaez (trombone) et Alexian Bournat (tuba).<\/p>\n\n\n<div class=\"wp-block-image\">\n<figure class=\"aligncenter size-large\"><img loading=\"lazy\" decoding=\"async\" width=\"1024\" height=\"682\" src=\"https:\/\/lesheuresbleues.fr\/wp-content\/uploads\/2024\/02\/Quintette-Azalee-1024x682.jpeg\" alt=\"\" class=\"wp-image-832806\" srcset=\"http:\/\/lesheuresbleues.fr\/wp-content\/uploads\/2024\/02\/Quintette-Azalee-1024x682.jpeg 1024w, http:\/\/lesheuresbleues.fr\/wp-content\/uploads\/2024\/02\/Quintette-Azalee-300x200.jpeg 300w, http:\/\/lesheuresbleues.fr\/wp-content\/uploads\/2024\/02\/Quintette-Azalee-768x512.jpeg 768w, http:\/\/lesheuresbleues.fr\/wp-content\/uploads\/2024\/02\/Quintette-Azalee-1536x1023.jpeg 1536w, http:\/\/lesheuresbleues.fr\/wp-content\/uploads\/2024\/02\/Quintette-Azalee.jpeg 1600w\" sizes=\"auto, (max-width: 1024px) 100vw, 1024px\" \/><\/figure>\n<\/div>\n\n\n<p>Nous les avons entendus aux Heures Bleues le 5 juillet 2024.<\/p>\n\n\n\n<p>Et ils nous font un clin d&rsquo;oeil dans une vid\u00e9o:<\/p>\n\n\n\n<figure class=\"wp-block-embed is-type-video is-provider-youtube wp-block-embed-youtube wp-embed-aspect-16-9 wp-has-aspect-ratio\"><div class=\"wp-block-embed__wrapper\">\n<iframe loading=\"lazy\" title=\"Un clin d&#039;oeil du Quintette Azale?e\" width=\"474\" height=\"267\" src=\"https:\/\/www.youtube.com\/embed\/tRUEMV6Nkcc?feature=oembed\" frameborder=\"0\" allow=\"accelerometer; autoplay; clipboard-write; encrypted-media; gyroscope; picture-in-picture; web-share\" referrerpolicy=\"strict-origin-when-cross-origin\" allowfullscreen><\/iframe>\n<\/div><\/figure>\n","protected":false},"excerpt":{"rendered":"<p>Azal\u00e9e: fleur rouge \u00e0 cinq p\u00e9tales c\u00e9l\u00e9brant traditionnellement les vari\u00e9t\u00e9s de personnalit\u00e9s. Ainsi, le quintette constitu\u00e9 depuis septembre 2021 fait ses d\u00e9buts dans le cadre de l\u2019Institut d\u2019Enseignement Sup\u00e9rieur d\u2019Aix-en-Provence. Ils se produisent r\u00e9guli\u00e8rement dans des \u00e9v\u00e8nements culturels \u00e0 Aix-en-Provence, soutenus par l\u2019association Muses&amp;Co. Leurs programmes s\u2019articulent autour de pi\u00e8ces de r\u00e9pertoire mais aussi d\u2019arrangements &hellip; <a href=\"http:\/\/lesheuresbleues.fr\/?page_id=832785\" class=\"more-link\">Continuer la lecture de <span class=\"screen-reader-text\">Quintette Azal\u00e9e<\/span>  <span class=\"meta-nav\">&rarr;<\/span><\/a><\/p>\n","protected":false},"author":143852627,"featured_media":0,"parent":340,"menu_order":0,"comment_status":"closed","ping_status":"closed","template":"","meta":{"_coblocks_attr":"","_coblocks_dimensions":"","_coblocks_responsive_height":"","_coblocks_accordion_ie_support":"","footnotes":""},"class_list":["post-832785","page","type-page","status-publish","hentry"],"_links":{"self":[{"href":"http:\/\/lesheuresbleues.fr\/index.php?rest_route=\/wp\/v2\/pages\/832785","targetHints":{"allow":["GET"]}}],"collection":[{"href":"http:\/\/lesheuresbleues.fr\/index.php?rest_route=\/wp\/v2\/pages"}],"about":[{"href":"http:\/\/lesheuresbleues.fr\/index.php?rest_route=\/wp\/v2\/types\/page"}],"author":[{"embeddable":true,"href":"http:\/\/lesheuresbleues.fr\/index.php?rest_route=\/wp\/v2\/users\/143852627"}],"replies":[{"embeddable":true,"href":"http:\/\/lesheuresbleues.fr\/index.php?rest_route=%2Fwp%2Fv2%2Fcomments&post=832785"}],"version-history":[{"count":0,"href":"http:\/\/lesheuresbleues.fr\/index.php?rest_route=\/wp\/v2\/pages\/832785\/revisions"}],"up":[{"embeddable":true,"href":"http:\/\/lesheuresbleues.fr\/index.php?rest_route=\/wp\/v2\/pages\/340"}],"wp:attachment":[{"href":"http:\/\/lesheuresbleues.fr\/index.php?rest_route=%2Fwp%2Fv2%2Fmedia&parent=832785"}],"curies":[{"name":"wp","href":"https:\/\/api.w.org\/{rel}","templated":true}]}}