{"id":769268,"date":"2023-12-14T01:05:00","date_gmt":"2023-12-14T00:05:00","guid":{"rendered":"https:\/\/lesheuresbleues.fr\/?page_id=769268"},"modified":"2024-07-05T02:05:02","modified_gmt":"2024-07-05T00:05:02","slug":"marie-de-tourris","status":"publish","type":"page","link":"http:\/\/lesheuresbleues.fr\/?page_id=769268","title":{"rendered":"Marie de Tourris"},"content":{"rendered":"\n<p>Marie de Tourris d\u00e9bute le piano \u00e0 l\u2019\u00e2ge de 5 ans. Elle rentre au Conservatoire de Vienne \u00e0 8 ans et poursuit ses \u00e9tudes en solf\u00e8ge, piano et chant jusqu\u2019\u00e0 la derni\u00e8re ann\u00e9e de formation.<br>En parall\u00e8le, Marie poursuit des \u00e9tudes d\u2019ing\u00e9nieur en a\u00e9ronautique et obtient son dipl\u00f4me de l\u2019Ecole Polytechnique F\u00e9minine \u00e0 Paris. Travaillant dans le secteur a\u00e9ronautique pendant de nombreuses ann\u00e9es, Marie n\u2019abandonne pourtant jamais le piano.<\/p>\n\n\n<div class=\"wp-block-image\">\n<figure class=\"aligncenter size-full is-resized\"><img loading=\"lazy\" decoding=\"async\" width=\"1351\" height=\"945\" src=\"https:\/\/lesheuresbleues.fr\/wp-content\/uploads\/2023\/12\/Marie-de-Tourris-01-concert.jpg\" alt=\"\" class=\"wp-image-776458\" style=\"width:526px;height:auto\" srcset=\"http:\/\/lesheuresbleues.fr\/wp-content\/uploads\/2023\/12\/Marie-de-Tourris-01-concert.jpg 1351w, http:\/\/lesheuresbleues.fr\/wp-content\/uploads\/2023\/12\/Marie-de-Tourris-01-concert-300x210.jpg 300w, http:\/\/lesheuresbleues.fr\/wp-content\/uploads\/2023\/12\/Marie-de-Tourris-01-concert-1024x716.jpg 1024w, http:\/\/lesheuresbleues.fr\/wp-content\/uploads\/2023\/12\/Marie-de-Tourris-01-concert-768x537.jpg 768w\" sizes=\"auto, (max-width: 1351px) 100vw, 1351px\" \/><\/figure>\n<\/div>\n\n\n<p><br>En 2018, elle prend la d\u00e9cision de se consacrer de mani\u00e8re exclusive \u00e0 sa passion pour la musique et quitte son travail de cadre. Elle cr\u00e9e en 2019 la structure \u00abAllegretto\u00bb qui organise des concerts classiques \u00e0 domicile gr\u00e2ce \u00e0 son r\u00e9seau de musiciens.<br>Elle enseigne \u00e9galement le piano aux Studios Decanis de Marseille et en cours particuliers.<\/p>\n\n\n<div class=\"wp-block-image\">\n<figure class=\"aligncenter size-full\"><img loading=\"lazy\" decoding=\"async\" width=\"512\" height=\"768\" src=\"https:\/\/lesheuresbleues.fr\/wp-content\/uploads\/2023\/12\/Marie-de-Tourris-02-portrait.jpg\" alt=\"\" class=\"wp-image-776471\" srcset=\"http:\/\/lesheuresbleues.fr\/wp-content\/uploads\/2023\/12\/Marie-de-Tourris-02-portrait.jpg 512w, http:\/\/lesheuresbleues.fr\/wp-content\/uploads\/2023\/12\/Marie-de-Tourris-02-portrait-200x300.jpg 200w\" sizes=\"auto, (max-width: 512px) 100vw, 512px\" \/><\/figure>\n<\/div>\n\n\n<p class=\"has-medium-font-size\">Elle a enchant\u00e9 les Heures Bleues jeudi 4 juillet 2024.<\/p>\n\n\n\n<p>En attendant, voici quelques unes des ses vid\u00e9os\u2026<\/p>\n\n\n\n<figure class=\"wp-block-embed is-type-video is-provider-youtube wp-block-embed-youtube wp-embed-aspect-16-9 wp-has-aspect-ratio\"><div class=\"wp-block-embed__wrapper\">\n<iframe loading=\"lazy\" title=\"Marie de Tourris nous parle de son art\" width=\"474\" height=\"267\" src=\"https:\/\/www.youtube.com\/embed\/RR31cl4Vc7U?feature=oembed\" frameborder=\"0\" allow=\"accelerometer; autoplay; clipboard-write; encrypted-media; gyroscope; picture-in-picture; web-share\" referrerpolicy=\"strict-origin-when-cross-origin\" allowfullscreen><\/iframe>\n<\/div><\/figure>\n\n\n\n<figure class=\"wp-block-embed is-type-video is-provider-youtube wp-block-embed-youtube wp-embed-aspect-4-3 wp-has-aspect-ratio\"><div class=\"wp-block-embed__wrapper\">\n<iframe loading=\"lazy\" title=\"Pr\u00e9lude n 12 opus 32 de Rachmaninov - Marie de Tourris (nouvelle version)\" width=\"474\" height=\"356\" src=\"https:\/\/www.youtube.com\/embed\/f0hbR27yBd4?feature=oembed\" frameborder=\"0\" allow=\"accelerometer; autoplay; clipboard-write; encrypted-media; gyroscope; picture-in-picture; web-share\" referrerpolicy=\"strict-origin-when-cross-origin\" allowfullscreen><\/iframe>\n<\/div><figcaption class=\"wp-element-caption\">Pr\u00e9lude n 12 opus 32 de Rachmaninov &#8211; Marie de Tourris<\/figcaption><\/figure>\n\n\n\n<figure class=\"wp-block-embed is-type-video is-provider-youtube wp-block-embed-youtube wp-embed-aspect-4-3 wp-has-aspect-ratio\"><div class=\"wp-block-embed__wrapper\">\n<iframe loading=\"lazy\" title=\"Pr\u00e9lude n 5 opus 32 de Rachmaninov - Marie de Tourris (nouvelle version)\" width=\"474\" height=\"356\" src=\"https:\/\/www.youtube.com\/embed\/J9TgWKoXXrc?feature=oembed\" frameborder=\"0\" allow=\"accelerometer; autoplay; clipboard-write; encrypted-media; gyroscope; picture-in-picture; web-share\" referrerpolicy=\"strict-origin-when-cross-origin\" allowfullscreen><\/iframe>\n<\/div><figcaption class=\"wp-element-caption\"><br>Pr\u00e9lude n 5 opus 32 de Rachmaninov<\/figcaption><\/figure>\n\n\n\n<figure class=\"wp-block-embed is-type-video is-provider-youtube wp-block-embed-youtube wp-embed-aspect-4-3 wp-has-aspect-ratio\"><div class=\"wp-block-embed__wrapper\">\n<iframe loading=\"lazy\" title=\"El Puerto (extrait d&#039;Iberia) d&#039;Albeniz (nouvelle version) - Marie de Tourris\" width=\"474\" height=\"356\" src=\"https:\/\/www.youtube.com\/embed\/0HLQ_JrGlA8?feature=oembed\" frameborder=\"0\" allow=\"accelerometer; autoplay; clipboard-write; encrypted-media; gyroscope; picture-in-picture; web-share\" referrerpolicy=\"strict-origin-when-cross-origin\" allowfullscreen><\/iframe>\n<\/div><figcaption class=\"wp-element-caption\">El Puerto (extrait d&rsquo;Iberia) d&rsquo;Albeniz<\/figcaption><\/figure>\n","protected":false},"excerpt":{"rendered":"<p>Marie de Tourris d\u00e9bute le piano \u00e0 l\u2019\u00e2ge de 5 ans. Elle rentre au Conservatoire de Vienne \u00e0 8 ans et poursuit ses \u00e9tudes en solf\u00e8ge, piano et chant jusqu\u2019\u00e0 la derni\u00e8re ann\u00e9e de formation.En parall\u00e8le, Marie poursuit des \u00e9tudes d\u2019ing\u00e9nieur en a\u00e9ronautique et obtient son dipl\u00f4me de l\u2019Ecole Polytechnique F\u00e9minine \u00e0 Paris. Travaillant dans &hellip; <a href=\"http:\/\/lesheuresbleues.fr\/?page_id=769268\" class=\"more-link\">Continuer la lecture de <span class=\"screen-reader-text\">Marie de Tourris<\/span>  <span class=\"meta-nav\">&rarr;<\/span><\/a><\/p>\n","protected":false},"author":158175784,"featured_media":0,"parent":340,"menu_order":0,"comment_status":"closed","ping_status":"closed","template":"","meta":{"_coblocks_attr":"","_coblocks_dimensions":"","_coblocks_responsive_height":"","_coblocks_accordion_ie_support":"","footnotes":""},"class_list":["post-769268","page","type-page","status-publish","hentry"],"_links":{"self":[{"href":"http:\/\/lesheuresbleues.fr\/index.php?rest_route=\/wp\/v2\/pages\/769268","targetHints":{"allow":["GET"]}}],"collection":[{"href":"http:\/\/lesheuresbleues.fr\/index.php?rest_route=\/wp\/v2\/pages"}],"about":[{"href":"http:\/\/lesheuresbleues.fr\/index.php?rest_route=\/wp\/v2\/types\/page"}],"author":[{"embeddable":true,"href":"http:\/\/lesheuresbleues.fr\/index.php?rest_route=\/wp\/v2\/users\/158175784"}],"replies":[{"embeddable":true,"href":"http:\/\/lesheuresbleues.fr\/index.php?rest_route=%2Fwp%2Fv2%2Fcomments&post=769268"}],"version-history":[{"count":0,"href":"http:\/\/lesheuresbleues.fr\/index.php?rest_route=\/wp\/v2\/pages\/769268\/revisions"}],"up":[{"embeddable":true,"href":"http:\/\/lesheuresbleues.fr\/index.php?rest_route=\/wp\/v2\/pages\/340"}],"wp:attachment":[{"href":"http:\/\/lesheuresbleues.fr\/index.php?rest_route=%2Fwp%2Fv2%2Fmedia&parent=769268"}],"curies":[{"name":"wp","href":"https:\/\/api.w.org\/{rel}","templated":true}]}}