{"id":769196,"date":"2023-12-14T01:04:25","date_gmt":"2023-12-14T00:04:25","guid":{"rendered":"https:\/\/lesheuresbleues.fr\/?page_id=769196"},"modified":"2024-07-11T20:51:51","modified_gmt":"2024-07-11T18:51:51","slug":"massilia-sound-gospel","status":"publish","type":"page","link":"http:\/\/lesheuresbleues.fr\/?page_id=769196","title":{"rendered":"Massilia Sounds Gospel"},"content":{"rendered":"\n<p><strong>Massilia Sounds Gospel est une chorale Gospel de Marseille fond\u00e9e et dirig\u00e9e par Greg Richard.<br><\/strong><br><strong>Ils  chantent comme un moyen d\u2019\u00eatre ensemble et de partager ce qu&rsquo;ils sont dans l\u2019\u00e9nergie et les vibrations. Ils y trouvent aussi, en regard de la forte histoire de ce r\u00e9pertoire, l\u2019occasion d\u2019un questionnement sur l\u2019\u00e9poque contemporaine.<\/strong><\/p>\n\n\n<div class=\"wp-block-image\">\n<figure class=\"aligncenter size-large\"><img loading=\"lazy\" decoding=\"async\" width=\"1024\" height=\"439\" src=\"https:\/\/lesheuresbleues.fr\/wp-content\/uploads\/2023\/12\/MSG1-1024x439.jpg\" alt=\"\" class=\"wp-image-777403\" srcset=\"http:\/\/lesheuresbleues.fr\/wp-content\/uploads\/2023\/12\/MSG1-1024x439.jpg 1024w, http:\/\/lesheuresbleues.fr\/wp-content\/uploads\/2023\/12\/MSG1-300x129.jpg 300w, http:\/\/lesheuresbleues.fr\/wp-content\/uploads\/2023\/12\/MSG1-768x329.jpg 768w, http:\/\/lesheuresbleues.fr\/wp-content\/uploads\/2023\/12\/MSG1-1536x658.jpg 1536w, http:\/\/lesheuresbleues.fr\/wp-content\/uploads\/2023\/12\/MSG1-2048x878.jpg 2048w\" sizes=\"auto, (max-width: 1024px) 100vw, 1024px\" \/><\/figure>\n<\/div>\n\n\n<p><br><strong> Chaque concert doit produire cette magie, celle du \u201cfaire ensemble\u201d et toute la richesse&nbsp;dont le choeur  se nourrit avec celles et ceux qui viennent l&rsquo;\u00e9couter.<\/strong><\/p>\n\n\n<div class=\"wp-block-image\">\n<figure class=\"aligncenter size-large\"><img loading=\"lazy\" decoding=\"async\" width=\"1024\" height=\"683\" src=\"https:\/\/lesheuresbleues.fr\/wp-content\/uploads\/2023\/12\/MSG3-1024x683.jpg\" alt=\"\" class=\"wp-image-777407\" srcset=\"http:\/\/lesheuresbleues.fr\/wp-content\/uploads\/2023\/12\/MSG3-1024x683.jpg 1024w, http:\/\/lesheuresbleues.fr\/wp-content\/uploads\/2023\/12\/MSG3-300x200.jpg 300w, http:\/\/lesheuresbleues.fr\/wp-content\/uploads\/2023\/12\/MSG3-768x512.jpg 768w, http:\/\/lesheuresbleues.fr\/wp-content\/uploads\/2023\/12\/MSG3-1536x1024.jpg 1536w, http:\/\/lesheuresbleues.fr\/wp-content\/uploads\/2023\/12\/MSG3-2048x1365.jpg 2048w\" sizes=\"auto, (max-width: 1024px) 100vw, 1024px\" \/><\/figure>\n<\/div>\n\n\n<p class=\"has-medium-font-size\"><strong>Ils ont anim\u00e9 la soir\u00e9e des Heures Bleues le 5 juillet 2024.<\/strong><\/p>\n\n\n\n<p><strong>Et vous pouvez voir aussi quelques vid\u00e9os sur Youtube.<\/strong><\/p>\n\n\n\n<figure class=\"wp-block-embed is-type-video is-provider-youtube wp-block-embed-youtube wp-embed-aspect-16-9 wp-has-aspect-ratio\"><div class=\"wp-block-embed__wrapper\">\n<iframe loading=\"lazy\" title=\"MSG - TEASER &quot;GOSPEL TO GO&quot;\" width=\"474\" height=\"267\" src=\"https:\/\/www.youtube.com\/embed\/6_FVNCnYlZk?feature=oembed\" frameborder=\"0\" allow=\"accelerometer; autoplay; clipboard-write; encrypted-media; gyroscope; picture-in-picture; web-share\" referrerpolicy=\"strict-origin-when-cross-origin\" allowfullscreen><\/iframe>\n<\/div><figcaption class=\"wp-element-caption\">Pr\u00e9sentation<\/figcaption><\/figure>\n\n\n\n<figure class=\"wp-block-embed is-type-video is-provider-youtube wp-block-embed-youtube wp-embed-aspect-16-9 wp-has-aspect-ratio\"><div class=\"wp-block-embed__wrapper\">\n<iframe loading=\"lazy\" title=\"NOBODY KNOWS THE TROUBLES I&#039;VE SEEN\" width=\"474\" height=\"267\" src=\"https:\/\/www.youtube.com\/embed\/72KgNEV9s6s?feature=oembed\" frameborder=\"0\" allow=\"accelerometer; autoplay; clipboard-write; encrypted-media; gyroscope; picture-in-picture; web-share\" referrerpolicy=\"strict-origin-when-cross-origin\" allowfullscreen><\/iframe>\n<\/div><figcaption class=\"wp-element-caption\">Nobody konws the troubles I&rsquo;ve seen<\/figcaption><\/figure>\n\n\n\n<p><strong>Et leur site Internet:<br><\/strong><a href=\"https:\/\/massilia-sounds-gospel.net\" target=\"_blank\" rel=\"noreferrer noopener\"><strong>https:\/\/massilia-sounds-gospel.net<\/strong><\/a><\/p>\n\n\n\n<p><strong>Et des vid\u00e9os pour se pr\u00e9senter \u00e0 l&rsquo;occasion du festival:<\/strong><\/p>\n\n\n\n<figure class=\"wp-block-embed is-type-video is-provider-youtube wp-block-embed-youtube wp-embed-aspect-16-9 wp-has-aspect-ratio\"><div class=\"wp-block-embed__wrapper\">\n<iframe loading=\"lazy\" title=\"Massilia Sounds Gospel\" width=\"474\" height=\"267\" src=\"https:\/\/www.youtube.com\/embed\/ZZrGKQcc4H4?feature=oembed\" frameborder=\"0\" allow=\"accelerometer; autoplay; clipboard-write; encrypted-media; gyroscope; picture-in-picture; web-share\" referrerpolicy=\"strict-origin-when-cross-origin\" allowfullscreen><\/iframe>\n<\/div><\/figure>\n","protected":false},"excerpt":{"rendered":"<p>Massilia Sounds Gospel est une chorale Gospel de Marseille fond\u00e9e et dirig\u00e9e par Greg Richard.Ils chantent comme un moyen d\u2019\u00eatre ensemble et de partager ce qu&rsquo;ils sont dans l\u2019\u00e9nergie et les vibrations. Ils y trouvent aussi, en regard de la forte histoire de ce r\u00e9pertoire, l\u2019occasion d\u2019un questionnement sur l\u2019\u00e9poque contemporaine. Chaque concert doit produire &hellip; <a href=\"http:\/\/lesheuresbleues.fr\/?page_id=769196\" class=\"more-link\">Continuer la lecture de <span class=\"screen-reader-text\">Massilia Sounds Gospel<\/span>  <span class=\"meta-nav\">&rarr;<\/span><\/a><\/p>\n","protected":false},"author":158175784,"featured_media":0,"parent":340,"menu_order":0,"comment_status":"closed","ping_status":"closed","template":"","meta":{"_coblocks_attr":"","_coblocks_dimensions":"","_coblocks_responsive_height":"","_coblocks_accordion_ie_support":"","footnotes":""},"class_list":["post-769196","page","type-page","status-publish","hentry"],"_links":{"self":[{"href":"http:\/\/lesheuresbleues.fr\/index.php?rest_route=\/wp\/v2\/pages\/769196","targetHints":{"allow":["GET"]}}],"collection":[{"href":"http:\/\/lesheuresbleues.fr\/index.php?rest_route=\/wp\/v2\/pages"}],"about":[{"href":"http:\/\/lesheuresbleues.fr\/index.php?rest_route=\/wp\/v2\/types\/page"}],"author":[{"embeddable":true,"href":"http:\/\/lesheuresbleues.fr\/index.php?rest_route=\/wp\/v2\/users\/158175784"}],"replies":[{"embeddable":true,"href":"http:\/\/lesheuresbleues.fr\/index.php?rest_route=%2Fwp%2Fv2%2Fcomments&post=769196"}],"version-history":[{"count":0,"href":"http:\/\/lesheuresbleues.fr\/index.php?rest_route=\/wp\/v2\/pages\/769196\/revisions"}],"up":[{"embeddable":true,"href":"http:\/\/lesheuresbleues.fr\/index.php?rest_route=\/wp\/v2\/pages\/340"}],"wp:attachment":[{"href":"http:\/\/lesheuresbleues.fr\/index.php?rest_route=%2Fwp%2Fv2%2Fmedia&parent=769196"}],"curies":[{"name":"wp","href":"https:\/\/api.w.org\/{rel}","templated":true}]}}