{"id":72,"date":"2020-01-14T11:41:54","date_gmt":"2020-01-14T10:41:54","guid":{"rendered":"https:\/\/lesheuresbleues.fr\/?page_id=72"},"modified":"2025-07-29T14:01:18","modified_gmt":"2025-07-29T12:01:18","slug":"les-actualites-du-festival","status":"publish","type":"page","link":"http:\/\/lesheuresbleues.fr\/?page_id=72","title":{"rendered":"Les actualit\u00e9s des Heures Bleues"},"content":{"rendered":"<ul class=\"wp-block-latest-posts__list is-grid columns-3 has-dates wp-block-latest-posts\"><li><div class=\"wp-block-latest-posts__featured-image\"><img loading=\"lazy\" decoding=\"async\" width=\"150\" height=\"150\" src=\"http:\/\/lesheuresbleues.fr\/wp-content\/uploads\/2025\/07\/informatique-pme-image-261-150x150.jpeg\" class=\"attachment-thumbnail size-thumbnail wp-post-image\" alt=\"\" style=\"\" \/><\/div><a class=\"wp-block-latest-posts__post-title\" href=\"http:\/\/lesheuresbleues.fr\/?p=1237232\">Le site a chang\u00e9 d&rsquo;h\u00e9bergeur<\/a><time datetime=\"2025-07-29T14:37:39+02:00\" class=\"wp-block-latest-posts__post-date\">29 juillet 2025<\/time><div class=\"wp-block-latest-posts__post-excerpt\">Le 29 juillet, nous avons quitt\u00e9 l&rsquo;h\u00e9bergement WordPress.com pour l&rsquo;h\u00e9bergement OVH. En principe, tout s&rsquo;est bien pass\u00e9\u2026 Mais si vous constatez une anomalie, merci de nous le faire savoir en utilisant le formulaire de contact.<\/div><\/li>\n<li><div class=\"wp-block-latest-posts__featured-image\"><img loading=\"lazy\" decoding=\"async\" width=\"150\" height=\"150\" src=\"http:\/\/lesheuresbleues.fr\/wp-content\/uploads\/2023\/05\/youtube-150x150.jpg\" class=\"attachment-thumbnail size-thumbnail wp-post-image\" alt=\"\" style=\"\" \/><\/div><a class=\"wp-block-latest-posts__post-title\" href=\"http:\/\/lesheuresbleues.fr\/?p=1237178\">Les vid\u00e9os en souvenir des trois soir\u00e9es, sur notre chaine Youtube<\/a><time datetime=\"2025-07-15T20:50:35+02:00\" class=\"wp-block-latest-posts__post-date\">15 juillet 2025<\/time><div class=\"wp-block-latest-posts__post-excerpt\">Pour vous rappeller ces trois soir\u00e9es, voici les vid\u00e9os publi\u00e9es sur notre chaine Youtube.<\/div><\/li>\n<li><div class=\"wp-block-latest-posts__featured-image\"><img loading=\"lazy\" decoding=\"async\" width=\"150\" height=\"150\" src=\"http:\/\/lesheuresbleues.fr\/wp-content\/uploads\/2025\/07\/20250705-1000456-e1753818435321-150x150.jpeg\" class=\"attachment-thumbnail size-thumbnail wp-post-image\" alt=\"\" style=\"\" \/><\/div><a class=\"wp-block-latest-posts__post-title\" href=\"http:\/\/lesheuresbleues.fr\/?p=1236977\">Samedi soir aux Heures Bleues, tout s&rsquo;est termin\u00e9 par des chansons!<\/a><time datetime=\"2025-07-06T02:26:00+02:00\" class=\"wp-block-latest-posts__post-date\">6 juillet 2025<\/time><div class=\"wp-block-latest-posts__post-excerpt\">Et le public a dans\u00e9\u2026 Ceux qui sont venus d\u00e8s l&rsquo;ouverture \u00e0 19 heures ont \u00e9t\u00e9 accueillis en musique. Puis, en premi\u00e8re partie, les spectateurs ont entendu des \u00e9l\u00e8ves de l&rsquo;IESM, Azur bones Quartet\u2026 Et &hellip; <a href=\"http:\/\/lesheuresbleues.fr\/?p=1236977\" class=\"more-link\">Continuer la lecture de <span class=\"screen-reader-text\">Samedi soir aux Heures Bleues, tout s&rsquo;est termin\u00e9 par des chansons!<\/span>  <span class=\"meta-nav\">&rarr;<\/span><\/a><\/div><\/li>\n<li><div class=\"wp-block-latest-posts__featured-image\"><img loading=\"lazy\" decoding=\"async\" width=\"150\" height=\"150\" src=\"http:\/\/lesheuresbleues.fr\/wp-content\/uploads\/2025\/07\/20250704-0000414-150x150.png\" class=\"attachment-thumbnail size-thumbnail wp-post-image\" alt=\"\" style=\"\" \/><\/div><a class=\"wp-block-latest-posts__post-title\" href=\"http:\/\/lesheuresbleues.fr\/?p=1236991\">Vendredi soir, les Heures Bleues se sont mises au vert\u2026<\/a><time datetime=\"2025-07-05T02:44:00+02:00\" class=\"wp-block-latest-posts__post-date\">5 juillet 2025<\/time><div class=\"wp-block-latest-posts__post-excerpt\">Normal, le vert est la couleur de l&rsquo;Irlande. Ceux qui sont venus d\u00e8s l&rsquo;ouverture \u00e0 19 heures ont \u00e9t\u00e9 accueillis en musique. En premi\u00e8re partie, les spectateurs on pu d\u00e9couvrir deux duos d&rsquo;\u00e9l\u00e8ves de l&rsquo;IESM, &hellip; <a href=\"http:\/\/lesheuresbleues.fr\/?p=1236991\" class=\"more-link\">Continuer la lecture de <span class=\"screen-reader-text\">Vendredi soir, les Heures Bleues se sont mises au vert\u2026<\/span>  <span class=\"meta-nav\">&rarr;<\/span><\/a><\/div><\/li>\n<li><div class=\"wp-block-latest-posts__featured-image\"><img loading=\"lazy\" decoding=\"async\" width=\"150\" height=\"150\" src=\"http:\/\/lesheuresbleues.fr\/wp-content\/uploads\/2025\/07\/20250703-Littles-L1000258-2-150x150.jpeg\" class=\"attachment-thumbnail size-thumbnail wp-post-image\" alt=\"\" style=\"\" \/><\/div><a class=\"wp-block-latest-posts__post-title\" href=\"http:\/\/lesheuresbleues.fr\/?p=1236962\">\u00c7a chauffait jeudi soir aux Heures Bleues<\/a><time datetime=\"2025-07-04T11:48:22+02:00\" class=\"wp-block-latest-posts__post-date\">4 juillet 2025<\/time><div class=\"wp-block-latest-posts__post-excerpt\">Certes, la canicule n&rsquo;y \u00e9tait pas pour rien, mais il n&rsquo;y avait pas que \u00e7a. Ceux qui sont venus d\u00e8s l&rsquo;ouverture \u00e0 19 heures ont \u00e9t\u00e9 accueillis en musique. Puis, en premi\u00e8re partie, les spectateurs &hellip; <a href=\"http:\/\/lesheuresbleues.fr\/?p=1236962\" class=\"more-link\">Continuer la lecture de <span class=\"screen-reader-text\">\u00c7a chauffait jeudi soir aux Heures Bleues<\/span>  <span class=\"meta-nav\">&rarr;<\/span><\/a><\/div><\/li>\n<li><div class=\"wp-block-latest-posts__featured-image\"><img loading=\"lazy\" decoding=\"async\" width=\"150\" height=\"150\" src=\"http:\/\/lesheuresbleues.fr\/wp-content\/uploads\/2025\/05\/Logo0fficiel2025rond-150x150.png\" class=\"attachment-thumbnail size-thumbnail wp-post-image\" alt=\"\" style=\"\" \/><\/div><a class=\"wp-block-latest-posts__post-title\" href=\"http:\/\/lesheuresbleues.fr\/?p=1236910\">Les Heures Bleues 2025, \u00e7a commence jeudi!<\/a><time datetime=\"2025-07-01T12:19:43+02:00\" class=\"wp-block-latest-posts__post-date\">1 juillet 2025<\/time><div class=\"wp-block-latest-posts__post-excerpt\">Festival Les Heures Bleues, le rendez-vous \u00e9clectique. Tous les jours, le festival vous accueille en musique et vous propose un ap\u00e9ritif sur l\u2019esplanade avec la possibilit\u00e9 de se restaurer en attendant le spectacle. La librairie &hellip; <a href=\"http:\/\/lesheuresbleues.fr\/?p=1236910\" class=\"more-link\">Continuer la lecture de <span class=\"screen-reader-text\">Les Heures Bleues 2025, \u00e7a commence jeudi!<\/span>  <span class=\"meta-nav\">&rarr;<\/span><\/a><\/div><\/li>\n<li><div class=\"wp-block-latest-posts__featured-image\"><img loading=\"lazy\" decoding=\"async\" width=\"150\" height=\"150\" src=\"http:\/\/lesheuresbleues.fr\/wp-content\/uploads\/2025\/06\/Logo-IESM-150x150.png\" class=\"attachment-thumbnail size-thumbnail wp-post-image\" alt=\"\" style=\"\" \/><\/div><a class=\"wp-block-latest-posts__post-title\" href=\"http:\/\/lesheuresbleues.fr\/?p=1236851\">Primis, les jeunes talents de l&rsquo;IESM<\/a><time datetime=\"2025-06-24T19:15:51+02:00\" class=\"wp-block-latest-posts__post-date\">24 juin 2025<\/time><div class=\"wp-block-latest-posts__post-excerpt\">Le festival \u00ab\u00a0Les Heures Bleues\u00a0\u00bb, pour la deuxi\u00e8me ann\u00e9e, vous pr\u00e9sente, en partenariat avec l&rsquo;Institut d&rsquo;Enseignement Sup\u00e9rieur de la Musique Europe et M\u00e9diterran\u00e9e, les jeunes talents de ses \u00e9l\u00e8ves en fin de formation. Les \u00e9l\u00e8ves &hellip; <a href=\"http:\/\/lesheuresbleues.fr\/?p=1236851\" class=\"more-link\">Continuer la lecture de <span class=\"screen-reader-text\">Primis, les jeunes talents de l&rsquo;IESM<\/span>  <span class=\"meta-nav\">&rarr;<\/span><\/a><\/div><\/li>\n<li><div class=\"wp-block-latest-posts__featured-image\"><img loading=\"lazy\" decoding=\"async\" width=\"150\" height=\"150\" src=\"http:\/\/lesheuresbleues.fr\/wp-content\/uploads\/2025\/05\/2025-Guinguette-Hot-Club-1-150x150.jpg\" class=\"attachment-thumbnail size-thumbnail wp-post-image\" alt=\"\" style=\"\" \/><\/div><a class=\"wp-block-latest-posts__post-title\" href=\"http:\/\/lesheuresbleues.fr\/?p=1236814\">Guinguette Hot Club<\/a><time datetime=\"2025-06-12T12:11:00+02:00\" class=\"wp-block-latest-posts__post-date\">12 juin 2025<\/time><div class=\"wp-block-latest-posts__post-excerpt\">Le Guinguette Hot Club revisite le bal populaire dans sa version la plus festive et la plus d\u00e9jant\u00e9e. De Piaf aux Ogres de Barback, de Brel aux T\u00eates Raides, de Bella Ciao au Livre de &hellip; <a href=\"http:\/\/lesheuresbleues.fr\/?p=1236814\" class=\"more-link\">Continuer la lecture de <span class=\"screen-reader-text\">Guinguette Hot Club<\/span>  <span class=\"meta-nav\">&rarr;<\/span><\/a><\/div><\/li>\n<li><div class=\"wp-block-latest-posts__featured-image\"><img loading=\"lazy\" decoding=\"async\" width=\"150\" height=\"150\" src=\"http:\/\/lesheuresbleues.fr\/wp-content\/uploads\/2025\/06\/Logo-Calameo-150x150.png\" class=\"attachment-thumbnail size-thumbnail wp-post-image\" alt=\"\" style=\"\" \/><\/div><a class=\"wp-block-latest-posts__post-title\" href=\"http:\/\/lesheuresbleues.fr\/?p=1236808\">Retrouvez-nous sur Calameo<\/a><time datetime=\"2025-06-11T22:05:17+02:00\" class=\"wp-block-latest-posts__post-date\">11 juin 2025<\/time><div class=\"wp-block-latest-posts__post-excerpt\">Nous vous invitons \u00e0 consulter la programmation et toutes les informations utiles sur Calameo, il vous suffit de cliquer sur le lien. https:\/\/www.calameo.com\/read\/007558330a89b17e24d97<\/div><\/li>\n<\/ul>\n\n\n<p class=\"has-normal-font-size\"><strong>Les archives des articles:<\/strong><\/p>\n\n\n<div class=\"wp-block-archives-dropdown wp-block-archives\"><label for=\"wp-block-archives-1\" class=\"wp-block-archives__label\">Archives<\/label>\n\t\t<select id=\"wp-block-archives-1\" name=\"archive-dropdown\">\n\t\t<option value=\"\">S\u00e9lectionner un mois<\/option>\t<option value='http:\/\/lesheuresbleues.fr\/?m=202507'> juillet 2025 &nbsp;(6)<\/option>\n\t<option value='http:\/\/lesheuresbleues.fr\/?m=202506'> juin 2025 &nbsp;(5)<\/option>\n\t<option value='http:\/\/lesheuresbleues.fr\/?m=202505'> mai 2025 &nbsp;(4)<\/option>\n\t<option value='http:\/\/lesheuresbleues.fr\/?m=202407'> juillet 2024 &nbsp;(7)<\/option>\n\t<option value='http:\/\/lesheuresbleues.fr\/?m=202406'> juin 2024 &nbsp;(8)<\/option>\n\t<option value='http:\/\/lesheuresbleues.fr\/?m=202405'> mai 2024 &nbsp;(9)<\/option>\n\t<option value='http:\/\/lesheuresbleues.fr\/?m=202404'> avril 2024 &nbsp;(5)<\/option>\n\t<option value='http:\/\/lesheuresbleues.fr\/?m=202403'> mars 2024 &nbsp;(2)<\/option>\n\t<option value='http:\/\/lesheuresbleues.fr\/?m=202402'> f\u00e9vrier 2024 &nbsp;(5)<\/option>\n\t<option value='http:\/\/lesheuresbleues.fr\/?m=202307'> juillet 2023 &nbsp;(8)<\/option>\n\t<option value='http:\/\/lesheuresbleues.fr\/?m=202306'> juin 2023 &nbsp;(6)<\/option>\n\t<option value='http:\/\/lesheuresbleues.fr\/?m=202305'> mai 2023 &nbsp;(15)<\/option>\n\t<option value='http:\/\/lesheuresbleues.fr\/?m=202304'> avril 2023 &nbsp;(3)<\/option>\n\t<option value='http:\/\/lesheuresbleues.fr\/?m=202303'> mars 2023 &nbsp;(3)<\/option>\n\t<option value='http:\/\/lesheuresbleues.fr\/?m=202301'> janvier 2023 &nbsp;(1)<\/option>\n\t<option value='http:\/\/lesheuresbleues.fr\/?m=202207'> juillet 2022 &nbsp;(7)<\/option>\n\t<option value='http:\/\/lesheuresbleues.fr\/?m=202206'> juin 2022 &nbsp;(20)<\/option>\n\t<option value='http:\/\/lesheuresbleues.fr\/?m=202205'> mai 2022 &nbsp;(3)<\/option>\n\t<option value='http:\/\/lesheuresbleues.fr\/?m=202204'> avril 2022 &nbsp;(2)<\/option>\n\t<option value='http:\/\/lesheuresbleues.fr\/?m=202203'> mars 2022 &nbsp;(1)<\/option>\n\t<option value='http:\/\/lesheuresbleues.fr\/?m=202102'> f\u00e9vrier 2021 &nbsp;(2)<\/option>\n\t<option value='http:\/\/lesheuresbleues.fr\/?m=202008'> ao\u00fbt 2020 &nbsp;(1)<\/option>\n\t<option value='http:\/\/lesheuresbleues.fr\/?m=202007'> juillet 2020 &nbsp;(1)<\/option>\n\t<option value='http:\/\/lesheuresbleues.fr\/?m=202005'> mai 2020 &nbsp;(3)<\/option>\n\t<option value='http:\/\/lesheuresbleues.fr\/?m=202004'> avril 2020 &nbsp;(2)<\/option>\n\t<option value='http:\/\/lesheuresbleues.fr\/?m=202003'> mars 2020 &nbsp;(2)<\/option>\n\t<option value='http:\/\/lesheuresbleues.fr\/?m=202002'> f\u00e9vrier 2020 &nbsp;(4)<\/option>\n\t<option value='http:\/\/lesheuresbleues.fr\/?m=202001'> janvier 2020 &nbsp;(4)<\/option>\n<\/select><script>\n( ( [ dropdownId, homeUrl ] ) => {\n\t\tconst dropdown = document.getElementById( dropdownId );\n\t\tfunction onSelectChange() {\n\t\t\tsetTimeout( () => {\n\t\t\t\tif ( 'escape' === dropdown.dataset.lastkey ) {\n\t\t\t\t\treturn;\n\t\t\t\t}\n\t\t\t\tif ( dropdown.value ) {\n\t\t\t\t\tlocation.href = dropdown.value;\n\t\t\t\t}\n\t\t\t}, 250 );\n\t\t}\n\t\tfunction onKeyUp( event ) {\n\t\t\tif ( 'Escape' === event.key ) {\n\t\t\t\tdropdown.dataset.lastkey = 'escape';\n\t\t\t} else {\n\t\t\t\tdelete dropdown.dataset.lastkey;\n\t\t\t}\n\t\t}\n\t\tfunction onClick() {\n\t\t\tdelete dropdown.dataset.lastkey;\n\t\t}\n\t\tdropdown.addEventListener( 'keyup', onKeyUp );\n\t\tdropdown.addEventListener( 'click', onClick );\n\t\tdropdown.addEventListener( 'change', onSelectChange );\n\t} )( [\"wp-block-archives-1\",\"http:\/\/lesheuresbleues.fr\"] );\n\/\/# sourceURL=block_core_archives_build_dropdown_script\n<\/script>\n<\/div>","protected":false},"excerpt":{"rendered":"<p>Les archives des articles:<\/p>\n","protected":false},"author":143852627,"featured_media":0,"parent":0,"menu_order":0,"comment_status":"closed","ping_status":"closed","template":"page-templates\/full-width.php","meta":{"_coblocks_attr":"","_coblocks_dimensions":"","_coblocks_responsive_height":"","_coblocks_accordion_ie_support":"","footnotes":""},"class_list":["post-72","page","type-page","status-publish","hentry"],"_links":{"self":[{"href":"http:\/\/lesheuresbleues.fr\/index.php?rest_route=\/wp\/v2\/pages\/72","targetHints":{"allow":["GET"]}}],"collection":[{"href":"http:\/\/lesheuresbleues.fr\/index.php?rest_route=\/wp\/v2\/pages"}],"about":[{"href":"http:\/\/lesheuresbleues.fr\/index.php?rest_route=\/wp\/v2\/types\/page"}],"author":[{"embeddable":true,"href":"http:\/\/lesheuresbleues.fr\/index.php?rest_route=\/wp\/v2\/users\/143852627"}],"replies":[{"embeddable":true,"href":"http:\/\/lesheuresbleues.fr\/index.php?rest_route=%2Fwp%2Fv2%2Fcomments&post=72"}],"version-history":[{"count":0,"href":"http:\/\/lesheuresbleues.fr\/index.php?rest_route=\/wp\/v2\/pages\/72\/revisions"}],"wp:attachment":[{"href":"http:\/\/lesheuresbleues.fr\/index.php?rest_route=%2Fwp%2Fv2%2Fmedia&parent=72"}],"curies":[{"name":"wp","href":"https:\/\/api.w.org\/{rel}","templated":true}]}}