{"id":573832,"date":"2023-04-14T10:59:06","date_gmt":"2023-04-14T08:59:06","guid":{"rendered":"https:\/\/lesheuresbleues.fr\/?page_id=573832"},"modified":"2024-04-15T11:36:22","modified_gmt":"2024-04-15T09:36:22","slug":"ils-soutiennent-les-heures-bleues-2023","status":"publish","type":"page","link":"http:\/\/lesheuresbleues.fr\/?page_id=573832","title":{"rendered":"Ils ont soutenu Les Heures Bleues 2023"},"content":{"rendered":"\n<p style=\"font-size:18px\"><strong><em>Un festival, si grand soit son succ\u00e8s, ne peut construire son \u00e9quilibre financier sur la seule billetterie, il a besoin de subventions et de m\u00e9c\u00e9nats.<br>Nous remercions donc tous nos soutiens financiers pour l&rsquo;int\u00e9r\u00eat qu&rsquo;ils portent \u00e0 la culture et aux valeurs du festival.<\/em><\/strong><\/p>\n\n\n\n<hr class=\"wp-block-separator has-alpha-channel-opacity\"\/>\n\n\n\n<h2 class=\"wp-block-heading\">Les subventions publiques<\/h2>\n\n\n\n<div class=\"wp-block-media-text alignwide is-stacked-on-mobile is-vertically-aligned-center is-style-default\" style=\"grid-template-columns:46% auto\"><figure class=\"wp-block-media-text__media\"><a href=\"https:\/\/www.maregionsud.fr\" target=\"_blank\" rel=\"noopener\"><img loading=\"lazy\" decoding=\"async\" width=\"1024\" height=\"591\" src=\"https:\/\/lesheuresbleues.fr\/wp-content\/uploads\/2021\/01\/Logo-Region-Sud-Vertical-LOGO-2-QUADRI-1024x591.jpg\" alt=\"\" class=\"wp-image-179374 size-full\" srcset=\"http:\/\/lesheuresbleues.fr\/wp-content\/uploads\/2021\/01\/Logo-Region-Sud-Vertical-LOGO-2-QUADRI-1024x591.jpg 1024w, http:\/\/lesheuresbleues.fr\/wp-content\/uploads\/2021\/01\/Logo-Region-Sud-Vertical-LOGO-2-QUADRI-300x173.jpg 300w, http:\/\/lesheuresbleues.fr\/wp-content\/uploads\/2021\/01\/Logo-Region-Sud-Vertical-LOGO-2-QUADRI-768x443.jpg 768w, http:\/\/lesheuresbleues.fr\/wp-content\/uploads\/2021\/01\/Logo-Region-Sud-Vertical-LOGO-2-QUADRI.jpg 1489w\" sizes=\"auto, (max-width: 1024px) 100vw, 1024px\" \/><\/a><\/figure><div class=\"wp-block-media-text__content\">\n<p style=\"font-size:11px\">V\u00e9ritable source d\u2019inspiration, la R\u00e9gion Sud est une terre d\u2019exception, o\u00f9 s\u2019expriment les talents et se croisent les artistes de tous horizons.&nbsp;Synonyme de libert\u00e9, cr\u00e9ateur de lien social, et v\u00e9ritable rempart contre l\u2019obscurantisme, la culture est pour autant bien plus qu\u2019un simple suppl\u00e9ment d\u2019\u00e2me.&nbsp;<\/p>\n<\/div><\/div>\n\n\n\n<p><em><strong>La r\u00e9gion Sud a soutenu le festival 2023 par une subvention, et nous la remercions vivement pour cela. <\/strong><\/em><\/p>\n\n\n\n<hr class=\"wp-block-separator has-alpha-channel-opacity\"\/>\n\n\n\n<h2 class=\"wp-block-heading\">Les soutiens mat\u00e9riels<\/h2>\n\n\n\n<div class=\"wp-block-media-text is-stacked-on-mobile\" style=\"grid-template-columns:34% auto\"><figure class=\"wp-block-media-text__media\"><img loading=\"lazy\" decoding=\"async\" width=\"600\" height=\"600\" src=\"https:\/\/lesheuresbleues.fr\/wp-content\/uploads\/2022\/06\/logo-ville-de-marseille-1.png\" alt=\"\" class=\"wp-image-390962 size-full\" srcset=\"http:\/\/lesheuresbleues.fr\/wp-content\/uploads\/2022\/06\/logo-ville-de-marseille-1.png 600w, http:\/\/lesheuresbleues.fr\/wp-content\/uploads\/2022\/06\/logo-ville-de-marseille-1-300x300.png 300w, http:\/\/lesheuresbleues.fr\/wp-content\/uploads\/2022\/06\/logo-ville-de-marseille-1-150x150.png 150w\" sizes=\"auto, (max-width: 600px) 100vw, 600px\" \/><\/figure><div class=\"wp-block-media-text__content\">\n<p><strong>La mairie de Marseille, pour le pr\u00eat de mat\u00e9riel.<\/strong><\/p>\n<\/div><\/div>\n\n\n\n<div class=\"wp-block-media-text is-stacked-on-mobile\" style=\"grid-template-columns:33% auto\"><figure class=\"wp-block-media-text__media\"><img loading=\"lazy\" decoding=\"async\" width=\"225\" height=\"225\" src=\"https:\/\/lesheuresbleues.fr\/wp-content\/uploads\/2022\/06\/mairie-11-12.png\" alt=\"\" class=\"wp-image-392132 size-full\" srcset=\"http:\/\/lesheuresbleues.fr\/wp-content\/uploads\/2022\/06\/mairie-11-12.png 225w, http:\/\/lesheuresbleues.fr\/wp-content\/uploads\/2022\/06\/mairie-11-12-150x150.png 150w\" sizes=\"auto, (max-width: 225px) 100vw, 225px\" \/><\/figure><div class=\"wp-block-media-text__content\">\n<p><strong>La mairie des 11\u00e8me et 12\u00e8me arrondissement et son maire, Monsieur Souvestre.<\/strong><\/p>\n<\/div><\/div>\n\n\n\n<div class=\"wp-block-media-text has-media-on-the-right is-stacked-on-mobile\"><div class=\"wp-block-media-text__content\">\n<p><strong>Et les entreprises tout autour de nous qui nous autorisent \u00e0 utiliser leurs parkings pour les voitures des spectateurs.<\/strong><\/p>\n<\/div><figure class=\"wp-block-media-text__media\"><img loading=\"lazy\" decoding=\"async\" width=\"1024\" height=\"558\" src=\"https:\/\/lesheuresbleues.fr\/wp-content\/uploads\/2023\/07\/Entreprises-parkings-1024x558.jpg\" alt=\"\" class=\"wp-image-650604 size-full\" srcset=\"http:\/\/lesheuresbleues.fr\/wp-content\/uploads\/2023\/07\/Entreprises-parkings-1024x558.jpg 1024w, http:\/\/lesheuresbleues.fr\/wp-content\/uploads\/2023\/07\/Entreprises-parkings-300x164.jpg 300w, http:\/\/lesheuresbleues.fr\/wp-content\/uploads\/2023\/07\/Entreprises-parkings-768x419.jpg 768w, http:\/\/lesheuresbleues.fr\/wp-content\/uploads\/2023\/07\/Entreprises-parkings.jpg 1366w\" sizes=\"auto, (max-width: 1024px) 100vw, 1024px\" \/><\/figure><\/div>\n\n\n\n<hr class=\"wp-block-separator has-alpha-channel-opacity\"\/>\n\n\n\n<h2 class=\"wp-block-heading\">Les m\u00e9c\u00e8nes et les partenaires<\/h2>\n\n\n\n<p><strong><em>Ils nous ont subventionn\u00e9 financi\u00e8rement, ou bien ils nous ont consenti, pour leurs prestations, des tarifs pr\u00e9f\u00e9rentiels et une disponibilit\u00e9 de tous les instants<\/em><\/strong>. <strong><em>Nous les en remercions tous.<\/em><\/strong><\/p>\n\n\n\n<div class=\"wp-block-jetpack-tiled-gallery is-style-rectangular\"><div class=\"tiled-gallery__gallery\"><div class=\"tiled-gallery__row\"><div class=\"tiled-gallery__col\" style=\"flex-basis:100.00000%\"><figure class=\"tiled-gallery__item\"><img decoding=\"async\" alt=\"\" data-height=\"201\" data-id=\"392058\" data-link=\"https:\/\/lesheuresbleues.fr\/les-partenaires-qui-nous-soutiennent-financierement\/altezza\/\" data-url=\"https:\/\/lesheuresbleues.fr\/wp-content\/uploads\/2022\/06\/Altezza.png\" data-width=\"642\" src=\"https:\/\/i1.wp.com\/lesheuresbleues.fr\/wp-content\/uploads\/2022\/06\/Altezza.png?ssl=1\" data-amp-layout=\"responsive\"\/><\/figure><\/div><\/div><div class=\"tiled-gallery__row\"><div class=\"tiled-gallery__col\" style=\"flex-basis:40.39176%\"><figure class=\"tiled-gallery__item\"><img decoding=\"async\" alt=\"\" data-height=\"431\" data-id=\"392160\" data-link=\"https:\/\/lesheuresbleues.fr\/les-partenaires-qui-nous-soutiennent-financierement\/mistral-club-aix-noir-2\/\" data-url=\"https:\/\/lesheuresbleues.fr\/wp-content\/uploads\/2022\/06\/Mistral-club-aix-noir-1.png\" data-width=\"820\" src=\"https:\/\/i1.wp.com\/lesheuresbleues.fr\/wp-content\/uploads\/2022\/06\/Mistral-club-aix-noir-1.png?ssl=1\" data-amp-layout=\"responsive\"\/><\/figure><figure class=\"tiled-gallery__item\"><img decoding=\"async\" alt=\"\" data-height=\"263\" data-id=\"392136\" data-link=\"https:\/\/lesheuresbleues.fr\/les-partenaires-qui-nous-soutiennent-financierement\/logo-jp-clement\/\" data-url=\"https:\/\/lesheuresbleues.fr\/wp-content\/uploads\/2022\/06\/Logo-JP-Clement.jpg\" data-width=\"281\" src=\"https:\/\/i2.wp.com\/lesheuresbleues.fr\/wp-content\/uploads\/2022\/06\/Logo-JP-Clement.jpg?ssl=1\" data-amp-layout=\"responsive\"\/><\/figure><\/div><div class=\"tiled-gallery__col\" style=\"flex-basis:59.60824%\"><figure class=\"tiled-gallery__item\"><img decoding=\"async\" alt=\"\" data-height=\"200\" data-id=\"392126\" data-link=\"https:\/\/lesheuresbleues.fr\/les-partenaires-qui-nous-soutiennent-financierement\/electrika\/\" data-url=\"https:\/\/lesheuresbleues.fr\/wp-content\/uploads\/2022\/06\/Electrika.png\" data-width=\"200\" src=\"https:\/\/i2.wp.com\/lesheuresbleues.fr\/wp-content\/uploads\/2022\/06\/Electrika.png?ssl=1\" data-amp-layout=\"responsive\"\/><\/figure><\/div><\/div><div class=\"tiled-gallery__row\"><div class=\"tiled-gallery__col\" style=\"flex-basis:100.00000%\"><figure class=\"tiled-gallery__item\"><img decoding=\"async\" alt=\"\" data-height=\"342\" data-id=\"392134\" data-link=\"https:\/\/lesheuresbleues.fr\/les-partenaires-qui-nous-soutiennent-financierement\/sonolis-2\/\" data-url=\"https:\/\/lesheuresbleues.fr\/wp-content\/uploads\/2022\/06\/SONOLIS-2.jpg\" data-width=\"867\" src=\"https:\/\/i1.wp.com\/lesheuresbleues.fr\/wp-content\/uploads\/2022\/06\/SONOLIS-2.jpg?ssl=1\" data-amp-layout=\"responsive\"\/><\/figure><\/div><\/div><div class=\"tiled-gallery__row\"><div class=\"tiled-gallery__col\" style=\"flex-basis:100.00000%\"><figure class=\"tiled-gallery__item\"><img decoding=\"async\" alt=\"\" data-height=\"176\" data-id=\"392138\" data-link=\"https:\/\/lesheuresbleues.fr\/les-partenaires-qui-nous-soutiennent-financierement\/scotto-musique-logo-1643195821\/\" data-url=\"https:\/\/lesheuresbleues.fr\/wp-content\/uploads\/2022\/06\/scotto-musique-logo-1643195821.jpg\" data-width=\"460\" src=\"https:\/\/i2.wp.com\/lesheuresbleues.fr\/wp-content\/uploads\/2022\/06\/scotto-musique-logo-1643195821.jpg?ssl=1\" data-amp-layout=\"responsive\"\/><\/figure><\/div><\/div><\/div><\/div>\n\n\n\n<hr class=\"wp-block-separator has-alpha-channel-opacity\"\/>\n\n\n\n<h2 class=\"wp-block-heading\">Les soutiens priv\u00e9s<\/h2>\n\n\n\n<div class=\"wp-block-media-text alignfull is-stacked-on-mobile is-vertically-aligned-center\" style=\"grid-template-columns:32% auto\"><figure class=\"wp-block-media-text__media\"><img loading=\"lazy\" decoding=\"async\" width=\"1000\" height=\"1000\" src=\"https:\/\/lesheuresbleues.fr\/wp-content\/uploads\/2023\/04\/Logo-Fraternite-et-Humanisme-carre-1000-pixels.jpg\" alt=\"\" class=\"wp-image-573887 size-full\" srcset=\"http:\/\/lesheuresbleues.fr\/wp-content\/uploads\/2023\/04\/Logo-Fraternite-et-Humanisme-carre-1000-pixels.jpg 1000w, http:\/\/lesheuresbleues.fr\/wp-content\/uploads\/2023\/04\/Logo-Fraternite-et-Humanisme-carre-1000-pixels-300x300.jpg 300w, http:\/\/lesheuresbleues.fr\/wp-content\/uploads\/2023\/04\/Logo-Fraternite-et-Humanisme-carre-1000-pixels-150x150.jpg 150w, http:\/\/lesheuresbleues.fr\/wp-content\/uploads\/2023\/04\/Logo-Fraternite-et-Humanisme-carre-1000-pixels-768x768.jpg 768w\" sizes=\"auto, (max-width: 1000px) 100vw, 1000px\" \/><\/figure><div class=\"wp-block-media-text__content\">\n<p class=\"has-text-align-left\" style=\"font-size:16px\"><a href=\"#\"><\/a><a href=\"https:\/\/fraternite-et-humanisme.org\/\"><strong>Le festival est soutenu par le &nbsp;fonds de dotation \u201cFraternit\u00e9 et Humanisme\u201d. Vous pouvez vous aussi contribuer financi\u00e8rement aux actions de \u201cFraternit\u00e9 et Humanisme\u201d<\/strong><\/a><\/p>\n<\/div><\/div>\n\n\n\n<hr class=\"wp-block-separator has-alpha-channel-opacity\"\/>\n\n\n\n<h2 class=\"wp-block-heading\">Les m\u00e9dias<\/h2>\n\n\n\n<div class=\"wp-block-media-text alignfull is-stacked-on-mobile is-vertically-aligned-center\" style=\"grid-template-columns:54% auto\"><figure class=\"wp-block-media-text__media\"><img loading=\"lazy\" decoding=\"async\" width=\"1024\" height=\"230\" src=\"https:\/\/lesheuresbleues.fr\/wp-content\/uploads\/2022\/06\/La_Provence_logo.svg_-1024x230.png\" alt=\"\" class=\"wp-image-392129 size-full\" srcset=\"http:\/\/lesheuresbleues.fr\/wp-content\/uploads\/2022\/06\/La_Provence_logo.svg_-1024x230.png 1024w, http:\/\/lesheuresbleues.fr\/wp-content\/uploads\/2022\/06\/La_Provence_logo.svg_-300x68.png 300w, http:\/\/lesheuresbleues.fr\/wp-content\/uploads\/2022\/06\/La_Provence_logo.svg_-768x173.png 768w, http:\/\/lesheuresbleues.fr\/wp-content\/uploads\/2022\/06\/La_Provence_logo.svg_.png 1280w\" sizes=\"auto, (max-width: 1024px) 100vw, 1024px\" \/><\/figure><div class=\"wp-block-media-text__content\">\n<p class=\"has-text-align-left\" style=\"font-size:16px\"><a href=\"#\"><\/a><strong>Le journal \u00ab\u00a0La Provence\u00a0\u00bb<\/strong>, <strong>est-il besoin de le pr\u00e9senter?<\/strong><\/p>\n<\/div><\/div>\n","protected":false},"excerpt":{"rendered":"<p>Un festival, si grand soit son succ\u00e8s, ne peut construire son \u00e9quilibre financier sur la seule billetterie, il a besoin de subventions et de m\u00e9c\u00e9nats.Nous remercions donc tous nos soutiens financiers pour l&rsquo;int\u00e9r\u00eat qu&rsquo;ils portent \u00e0 la culture et aux valeurs du festival. Les subventions publiques V\u00e9ritable source d\u2019inspiration, la R\u00e9gion Sud est une terre &hellip; <a href=\"http:\/\/lesheuresbleues.fr\/?page_id=573832\" class=\"more-link\">Continuer la lecture de <span class=\"screen-reader-text\">Ils ont soutenu Les Heures Bleues 2023<\/span>  <span class=\"meta-nav\">&rarr;<\/span><\/a><\/p>\n","protected":false},"author":143852627,"featured_media":0,"parent":0,"menu_order":0,"comment_status":"closed","ping_status":"closed","template":"","meta":{"_coblocks_attr":"","_coblocks_dimensions":"","_coblocks_responsive_height":"","_coblocks_accordion_ie_support":"","footnotes":""},"class_list":["post-573832","page","type-page","status-publish","hentry"],"_links":{"self":[{"href":"http:\/\/lesheuresbleues.fr\/index.php?rest_route=\/wp\/v2\/pages\/573832","targetHints":{"allow":["GET"]}}],"collection":[{"href":"http:\/\/lesheuresbleues.fr\/index.php?rest_route=\/wp\/v2\/pages"}],"about":[{"href":"http:\/\/lesheuresbleues.fr\/index.php?rest_route=\/wp\/v2\/types\/page"}],"author":[{"embeddable":true,"href":"http:\/\/lesheuresbleues.fr\/index.php?rest_route=\/wp\/v2\/users\/143852627"}],"replies":[{"embeddable":true,"href":"http:\/\/lesheuresbleues.fr\/index.php?rest_route=%2Fwp%2Fv2%2Fcomments&post=573832"}],"version-history":[{"count":0,"href":"http:\/\/lesheuresbleues.fr\/index.php?rest_route=\/wp\/v2\/pages\/573832\/revisions"}],"wp:attachment":[{"href":"http:\/\/lesheuresbleues.fr\/index.php?rest_route=%2Fwp%2Fv2%2Fmedia&parent=573832"}],"curies":[{"name":"wp","href":"https:\/\/api.w.org\/{rel}","templated":true}]}}