{"id":421288,"date":"2023-03-13T23:43:24","date_gmt":"2023-03-13T22:43:24","guid":{"rendered":"https:\/\/lesheuresbleues.fr\/?page_id=421288"},"modified":"2023-12-14T01:18:10","modified_gmt":"2023-12-14T00:18:10","slug":"bilan-2022","status":"publish","type":"page","link":"http:\/\/lesheuresbleues.fr\/?page_id=421288","title":{"rendered":"Les Heures Bleues 2022: nous sommes heureux de vous retrouver"},"content":{"rendered":"\n<p><\/p>\n\n\n\n<p>Pour sa seconde \u00e9dition, apr\u00e8s deux ann\u00e9es d\u2019annulation du fait de la crise sanitaire, le festival Les Heures Bleues a conquis son public et confirm\u00e9 sa vocation d\u2019un festival de valeurs; Tradition, Renouveau et Partage pr\u00e9sidaient \u00e0 ce mill\u00e9sime 2022 plac\u00e9 sous le parrainage de Raphael Imbert.<\/p>\n\n\n\n<p>Prenant ses quartiers d\u2019\u00e9t\u00e9 pendant 3 soir\u00e9es sous la vo\u00fbte \u00e9toil\u00e9e, de la fin de journ\u00e9e encore ensoleill\u00e9e \u00e0 la douceur bleue des nuits d\u2019\u00e9t\u00e9, le domaine du Ch\u00e2teau Saint Antoine (La Valentine, \u00e0 Marseille) a r\u00e9sonn\u00e9 des accords des chants populaires de M\u00e9diterran\u00e9e, comme du jazz le plus cr\u00e9atif, ou encore des pi\u00e8ces classiques pour piano, sans oublier les cuivres endiabl\u00e9s, ni l\u2019\u00e9vocation th\u00e9\u00e2trale de Marcel Pagnol.<\/p>\n\n\n\n<p>Sept groupes, compagnies ou artistes solo, comptant au total jusqu\u2019\u00e0 53 musiciens ou acteurs, se sont succ\u00e9d\u00e9s pour le plus grand bonheur des <em>1 400 spectateurs*<\/em> : la compagnie Rassegna, la fanfare Fiera Brass, le septet New Thing et Raphael Imbert, avec les laur\u00e9ats de la classe de jazz du conservatoire Pierre Barbizet, le DJ Nat Low, la compagnie Dans la cour des grands, et l\u2019extraordinaire pianiste Shani Diluka.&nbsp;<\/p>\n\n\n\n<div class=\"wp-block-jetpack-tiled-gallery aligncenter is-style-rectangular has-rounded-corners-2\"><div class=\"tiled-gallery__gallery\"><div class=\"tiled-gallery__row\"><div class=\"tiled-gallery__col\" style=\"flex-basis:69.51677%\"><figure class=\"tiled-gallery__item\"><img decoding=\"async\" alt=\"\" data-height=\"1048\" data-id=\"418732\" data-link=\"https:\/\/lesheuresbleues.fr\/lhb2022-2-juillet-00004\/\" data-url=\"https:\/\/lesheuresbleues.fr\/wp-content\/uploads\/2022\/07\/LHB2022-2-juillet-00004-e1656918727430-1024x671.jpg\" data-width=\"1600\" src=\"https:\/\/i1.wp.com\/lesheuresbleues.fr\/wp-content\/uploads\/2022\/07\/LHB2022-2-juillet-00004-e1656918727430-1024x671.jpg?ssl=1\" data-amp-layout=\"responsive\"\/><\/figure><\/div><div class=\"tiled-gallery__col\" style=\"flex-basis:30.48323%\"><figure class=\"tiled-gallery__item\"><img decoding=\"async\" alt=\"\" data-height=\"7564\" data-id=\"418729\" data-link=\"https:\/\/lesheuresbleues.fr\/lhb2022-2-juillet-00003\/\" data-url=\"https:\/\/lesheuresbleues.fr\/wp-content\/uploads\/2022\/07\/LHB2022-2-juillet-00003-683x1024.jpg\" data-width=\"5043\" src=\"https:\/\/i2.wp.com\/lesheuresbleues.fr\/wp-content\/uploads\/2022\/07\/LHB2022-2-juillet-00003-683x1024.jpg?ssl=1\" data-amp-layout=\"responsive\"\/><\/figure><\/div><\/div><div class=\"tiled-gallery__row\"><div class=\"tiled-gallery__col\" style=\"flex-basis:32.68412%\"><figure class=\"tiled-gallery__item\"><img decoding=\"async\" alt=\"\" data-height=\"2220\" data-id=\"416687\" data-link=\"https:\/\/lesheuresbleues.fr\/lhb2022-1er-juillet-00005\/\" data-url=\"https:\/\/lesheuresbleues.fr\/wp-content\/uploads\/2022\/07\/LHB2022-1er-juillet-00005-1024x571.jpg\" data-width=\"3981\" src=\"https:\/\/i1.wp.com\/lesheuresbleues.fr\/wp-content\/uploads\/2022\/07\/LHB2022-1er-juillet-00005-1024x571.jpg?ssl=1\" data-amp-layout=\"responsive\"\/><\/figure><\/div><div class=\"tiled-gallery__col\" style=\"flex-basis:34.91040%\"><figure class=\"tiled-gallery__item\"><img decoding=\"async\" alt=\"\" data-height=\"2380\" data-id=\"416681\" data-link=\"https:\/\/lesheuresbleues.fr\/olympus-digital-camera-30\/\" data-url=\"https:\/\/lesheuresbleues.fr\/wp-content\/uploads\/2022\/07\/LHB2022-1er-juillet-00003-1024x534.jpg\" data-width=\"4562\" src=\"https:\/\/i0.wp.com\/lesheuresbleues.fr\/wp-content\/uploads\/2022\/07\/LHB2022-1er-juillet-00003-1024x534.jpg?ssl=1\" data-amp-layout=\"responsive\"\/><\/figure><\/div><div class=\"tiled-gallery__col\" style=\"flex-basis:32.40548%\"><figure class=\"tiled-gallery__item\"><img decoding=\"async\" alt=\"\" data-height=\"2592\" data-id=\"415641\" data-link=\"https:\/\/lesheuresbleues.fr\/olympus-digital-camera-21\/\" data-url=\"https:\/\/lesheuresbleues.fr\/wp-content\/uploads\/2022\/07\/LHB2022-30juin-00002-1024x576.jpg\" data-width=\"4608\" src=\"https:\/\/i1.wp.com\/lesheuresbleues.fr\/wp-content\/uploads\/2022\/07\/LHB2022-30juin-00002-1024x576.jpg?ssl=1\" data-amp-layout=\"responsive\"\/><\/figure><\/div><\/div><\/div><\/div>\n\n\n\n<p>Entrevues, l\u2019exposition de photographies, pr\u00e9sentait en ext\u00e9rieur une s\u00e9lection d\u2019\u0153uvres d\u2019Alain Boccard, Patrick Box, Christian Bruno, Laurent Caitucoli, Philippe Jacolin, Laurent Le Crabe et Nicolas Trouv\u00e9. Une exposition \u201cD\u2019ici et d\u2019ailleurs\u201d qui a fait l\u2019unanimit\u00e9.<\/p>\n\n\n\n<p>Le fonds de dotation de la Grande Loge de France, Fraternit\u00e9 &amp; Humanisme, notamment d\u00e9di\u00e9 \u00e0 la cr\u00e9ation et \u00e0 la jeunesse, a remis les prix 2022 des Heures Bleues aux 3 musiciens du conservatoire Pierre Barbizet et aux 3 photographes laur\u00e9ats.<\/p>\n\n\n\n<p>Parmi les photographes, le public a d\u00e9sign\u00e9 Laurent Caitucoli pour le 1er prix, Alain Boccard pour le 2e prix et Laurent Le Crabe pour le 3e prix, respectivement dot\u00e9s de 500\u20ac, 250\u20ac et 150\u20ac. Une jeune main innocente a tir\u00e9 de l\u2019urne le nom de madame Fran\u00e7oise Parisot parmi les bulletins de vote ; cette spectatrice a donc pu choisir un tirage photographique d\u2019une valeur de 150\u20ac.<\/p>\n\n\n<div class=\"wp-block-image\">\n<figure class=\"aligncenter size-large\"><img loading=\"lazy\" decoding=\"async\" width=\"685\" height=\"1024\" src=\"https:\/\/lesheuresbleues.fr\/wp-content\/uploads\/2022\/07\/Photo-gagnee-par-le-public-Laurent-Caitucoli-Dans-les-clous-685x1024.jpg\" alt=\"\" class=\"wp-image-420525\" srcset=\"http:\/\/lesheuresbleues.fr\/wp-content\/uploads\/2022\/07\/Photo-gagnee-par-le-public-Laurent-Caitucoli-Dans-les-clous-685x1024.jpg 685w, http:\/\/lesheuresbleues.fr\/wp-content\/uploads\/2022\/07\/Photo-gagnee-par-le-public-Laurent-Caitucoli-Dans-les-clous-201x300.jpg 201w, http:\/\/lesheuresbleues.fr\/wp-content\/uploads\/2022\/07\/Photo-gagnee-par-le-public-Laurent-Caitucoli-Dans-les-clous-768x1148.jpg 768w, http:\/\/lesheuresbleues.fr\/wp-content\/uploads\/2022\/07\/Photo-gagnee-par-le-public-Laurent-Caitucoli-Dans-les-clous.jpg 803w\" sizes=\"auto, (max-width: 685px) 100vw, 685px\" \/><figcaption class=\"wp-element-caption\">\u00ab\u00a0Dans les clous\u00a0\u00bb, photo de Laurent Caitucoli<\/figcaption><\/figure>\n<\/div>\n\n\n<p><\/p>\n\n\n\n<p>C\u00f4t\u00e9 musique, Medhi Telhaoui a re\u00e7u le prix de piano, et en jazz sont ex-aequo Elise Vassalluci au chant et L\u00e9o Hubert au saxophone. Ils ont chacun re\u00e7u 1000\u20ac pour les encourager dans leur carri\u00e8re.<\/p>\n\n\n<div class=\"wp-block-image\">\n<figure class=\"aligncenter size-large\"><img loading=\"lazy\" decoding=\"async\" width=\"1024\" height=\"643\" src=\"https:\/\/lesheuresbleues.fr\/wp-content\/uploads\/2022\/07\/LHB2022-1er-juillet-00002-1024x643.jpg\" alt=\"\" class=\"wp-image-416679\" srcset=\"http:\/\/lesheuresbleues.fr\/wp-content\/uploads\/2022\/07\/LHB2022-1er-juillet-00002-1024x643.jpg 1024w, http:\/\/lesheuresbleues.fr\/wp-content\/uploads\/2022\/07\/LHB2022-1er-juillet-00002-300x189.jpg 300w, http:\/\/lesheuresbleues.fr\/wp-content\/uploads\/2022\/07\/LHB2022-1er-juillet-00002-768x483.jpg 768w, http:\/\/lesheuresbleues.fr\/wp-content\/uploads\/2022\/07\/LHB2022-1er-juillet-00002-1536x965.jpg 1536w, http:\/\/lesheuresbleues.fr\/wp-content\/uploads\/2022\/07\/LHB2022-1er-juillet-00002-2048x1287.jpg 2048w\" sizes=\"auto, (max-width: 1024px) 100vw, 1024px\" \/><\/figure>\n<\/div>\n\n\n<p>Confiant en ces promesses d\u2019avenir, Thierry Zaveroni, Grand Maitre de la Grande Loge de France, pr\u00e9sidait en toute simplicit\u00e9 chaleureuse \u00e0 ces instants charg\u00e9s d\u2019\u00e9motion.<\/p>\n\n\n\n<p>Les artistes, qui sont souvent des auteurs, ont d\u00e9dicac\u00e9 leurs livres et leurs disques \u00e0 la librairie du Ch\u00e2teau pendant que le restaurant affichait complet ; heureusement la guinguette de Fred r\u00e9pondait pr\u00e9sent sur l\u2019agora des rencontres !<\/p>\n\n\n\n<p>Au Ch\u00e2teau Saint Antoine, culture, convivialit\u00e9 et sens de la f\u00eate sont une seconde nature.<\/p>\n\n\n\n<p>Chacun en convient, le Ch\u00e2teau Saint Antoine, cach\u00e9 sur la rive de l\u2019Huveaune, m\u00e9rite pleinement son qualificatif d\u2019un \u201clieu qui vaut le d\u00e9tour\u201d.<\/p>\n\n\n\n<p>Mais rien de tout cela n\u2019aurait pu se faire sans le formidable engagement des 60 volontaires qui ont assur\u00e9 tous les postes, des plus discrets aux plus visibles, et sans la confiance t\u00e9moign\u00e9e par les partenaires :<\/p>\n\n\n\n<p>La R\u00e9gion Sud, la Ville de Marseille, le Conseil d\u00e9partemental, la mairie du 11\/12, La Provence, France Bleu Provence, Scotto musique, le Conservatoire national Pierre Barbizet, le groupe Electrika, Sonolis, Passion Froid, Le Cr\u00e9dit Mutuel, DERD, Mistral Club, l\u2019imprimerie Proscan, Jean Pascal Cl\u00e9ment architectes, Altezza Foods.<\/p>\n\n\n\n<p>Tous sont chaudement remerci\u00e9s.<\/p>\n\n\n\n<p><\/p>\n","protected":false},"excerpt":{"rendered":"<p>Pour sa seconde \u00e9dition, apr\u00e8s deux ann\u00e9es d\u2019annulation du fait de la crise sanitaire, le festival Les Heures Bleues a conquis son public et confirm\u00e9 sa vocation d\u2019un festival de valeurs; Tradition, Renouveau et Partage pr\u00e9sidaient \u00e0 ce mill\u00e9sime 2022 plac\u00e9 sous le parrainage de Raphael Imbert. Prenant ses quartiers d\u2019\u00e9t\u00e9 pendant 3 soir\u00e9es sous &hellip; <a href=\"http:\/\/lesheuresbleues.fr\/?page_id=421288\" class=\"more-link\">Continuer la lecture de <span class=\"screen-reader-text\">Les Heures Bleues 2022: nous sommes heureux de vous retrouver<\/span>  <span class=\"meta-nav\">&rarr;<\/span><\/a><\/p>\n","protected":false},"author":143852627,"featured_media":0,"parent":0,"menu_order":0,"comment_status":"closed","ping_status":"closed","template":"","meta":{"_coblocks_attr":"Oswald","_coblocks_dimensions":"","_coblocks_responsive_height":"","_coblocks_accordion_ie_support":"","footnotes":""},"class_list":["post-421288","page","type-page","status-publish","hentry"],"_links":{"self":[{"href":"http:\/\/lesheuresbleues.fr\/index.php?rest_route=\/wp\/v2\/pages\/421288","targetHints":{"allow":["GET"]}}],"collection":[{"href":"http:\/\/lesheuresbleues.fr\/index.php?rest_route=\/wp\/v2\/pages"}],"about":[{"href":"http:\/\/lesheuresbleues.fr\/index.php?rest_route=\/wp\/v2\/types\/page"}],"author":[{"embeddable":true,"href":"http:\/\/lesheuresbleues.fr\/index.php?rest_route=\/wp\/v2\/users\/143852627"}],"replies":[{"embeddable":true,"href":"http:\/\/lesheuresbleues.fr\/index.php?rest_route=%2Fwp%2Fv2%2Fcomments&post=421288"}],"version-history":[{"count":0,"href":"http:\/\/lesheuresbleues.fr\/index.php?rest_route=\/wp\/v2\/pages\/421288\/revisions"}],"wp:attachment":[{"href":"http:\/\/lesheuresbleues.fr\/index.php?rest_route=%2Fwp%2Fv2%2Fmedia&parent=421288"}],"curies":[{"name":"wp","href":"https:\/\/api.w.org\/{rel}","templated":true}]}}