{"id":24,"date":"2020-01-13T08:14:45","date_gmt":"2020-01-13T07:14:45","guid":{"rendered":"https:\/\/lesheuresbleues.fr\/?page_id=24"},"modified":"2025-05-16T00:07:46","modified_gmt":"2025-05-15T22:07:46","slug":"le-chateau-saint-antoine","status":"publish","type":"page","link":"http:\/\/lesheuresbleues.fr\/?page_id=24","title":{"rendered":"Le Ch\u00e2teau Saint-Antoine : <br>un lieu qui vaut le d\u00e9tour"},"content":{"rendered":"\n<p class=\"has-drop-cap has-text-color has-medium-font-size\" style=\"color:#042999\"><strong>Au c\u0153ur du 11<sup>\u00e8me<\/sup>&nbsp;arrondissement de Marseille, le Ch\u00e2teau Saint-Antoine programme toute l\u2019ann\u00e9e des \u00e9v\u00e9nements et conf\u00e9rences culturels et artistiques pour tout public<\/strong><\/p>\n\n\n\n<p><\/p>\n\n\n\n<p class=\"has-normal-font-size\">C\u2019est en 2016 que La Grande Loge de France se propose de racheter le ch\u00e2teau. La premi\u00e8re pierre&nbsp;d\u2019un ensemble de temples ma\u00e7onniques est pos\u00e9e en novembre 2016 et l\u2019\u00e9difice est inaugur\u00e9 le 2 juin 2018.&nbsp;<br>H\u00f4tel de la Grande Loge de France \u00e0 Marseille, le&nbsp;Ch\u00e2teau Saint-Antoine est d\u00e9di\u00e9 \u00e0 la r\u00e9flexion, \u00e0 la fraternit\u00e9 et \u00e0 la spiritualit\u00e9.&nbsp;<br>Chacun se retrouve au Ch\u00e2teau Saint Antoine. Femmes et hommes, Francs-Ma\u00e7ons(-nes) ou non, voisins et amis, ceux qui aspirent au plaisir d\u2019\u00eatre-ensemble.<\/p>\n\n\n<div class=\"wp-block-image is-style-rounded\">\n<figure class=\"aligncenter size-large coblocks-animate\" data-coblocks-animation=\"zoomIn\"><img decoding=\"async\" src=\"https:\/\/lesheuresbleues.fr\/wp-content\/uploads\/2020\/01\/chc3a2teau-img_5803.jpg?w=1024\" alt=\"\" class=\"wp-image-148\"\/><\/figure>\n<\/div>\n\n\n<h2 class=\"wp-block-heading\" id=\"aujourd-hui-au-chateau-saint-antoine\"><strong><strong><strong><strong>Aujourd\u2019hui&nbsp;au Ch\u00e2teau Saint Antoine<\/strong><\/strong><\/strong><\/strong><\/h2>\n\n\n\n<p class=\"has-normal-font-size\"><a rel=\"noreferrer noopener\" href=\"https:\/\/chateausaintantoine.fr\/le-comptoir-du-livre\/\" target=\"_blank\">La Librairie de l\u2019Orient&nbsp;:<\/a>Choisissez, Michel vous conseille au Comptoir du livre\u2026<\/p>\n\n\n\n<p class=\"has-normal-font-size\"><a rel=\"noreferrer noopener\" href=\"https:\/\/chateausaintantoine.fr\/le-restaurant\/\" target=\"_blank\">Un d\u00e9jeuner au Ch\u00e2teau Saint Antoine<\/a>: Fred et son \u00e9quipe accueillent les membres et leurs invit\u00e9s\u2026<br><br><a rel=\"noreferrer noopener\" href=\"http:\/\/www.saintjeandecosse.fr\" target=\"_blank\">La Loge Saint Jean d\u2019Ecosse<\/a>: Conf\u00e9rences publiques&nbsp; toute l&rsquo;ann\u00e9e &#8211; Rencontres et repas avec les intervenants.<\/p>\n\n\n\n<p class=\"has-medium-font-size\">Pour en savoir plus:<\/p>\n\n\n\n<p>Pour commencer, <a rel=\"noreferrer noopener\" href=\"https:\/\/chateausaintantoine.fr\" target=\"_blank\">le site du ch\u00e2teau Saint-Antoine<\/a>.<\/p>\n\n\n\n<p>Les \u00e9v\u00e9nements du Ch\u00e2teau Saint-Antoine, c\u2019est par ici&nbsp;: &nbsp;<a rel=\"noreferrer noopener\" aria-label=\"sa page Facebook (ouverture dans un nouvel onglet)\" href=\"https:\/\/www.facebook.com\/chateausaintantoinemarseille\/\" target=\"_blank\">sa page Facebook<\/a>.<br><br>L\u2019histoire du Ch\u00e2teau Saint Antoine, c\u2019est par l\u00e0&nbsp;: <a rel=\"noreferrer noopener\" aria-label=\"autre page Facebook (ouverture dans un nouvel onglet)\" href=\"https:\/\/www.facebook.com\/chateausaintantoinemarseille\/\" target=\"_blank\">autre page Facebook<\/a> <br><br><\/p>\n\n\n\n<h2 class=\"wp-block-heading\" id=\"le-chateau-saint-antoine-avant-cela\"><strong><strong><strong>Le Ch\u00e2teau Saint Antoine, avant cela\u2026<\/strong><\/strong><\/strong><\/h2>\n\n\n<div class=\"wp-block-image is-style-rounded\">\n<figure class=\"aligncenter coblocks-animate\" data-coblocks-animation=\"zoomIn\"><img decoding=\"async\" src=\"https:\/\/lesheuresbleues.fr\/wp-content\/uploads\/2020\/01\/chc3a2teau-saint-antoine-46_automne-1965_-1.jpg?w=1024\" alt=\"\" class=\"wp-image-140\"\/><\/figure>\n<\/div>\n\n\n<p>Le&nbsp;Ch\u00e2teau Saint-Antoine est une bastide d\u2019inspiration italienne&nbsp;&nbsp;construite en 1792 sous le nom \u00ab&nbsp;La Rousse&nbsp;\u00bb. Evoqu\u00e9 dans \u00ab&nbsp;Le Ch\u00e2teau de ma m\u00e8re&nbsp;\u00bb de Marcel Pagnol, il est aussi la m\u00e9moire&nbsp;du commandant Guy de Robien, mort au combat en janvier 1915.&nbsp;<br>\u00c0 partir de 1988, propri\u00e9t\u00e9 de la ville de Marseille, le ch\u00e2teau se d\u00e9grade malgr\u00e9 le soutien d\u2019une association.  A l\u2019\u00e9tat de ruine, il sert de lieu&nbsp;d\u2019entra\u00eenement pour le Groupement d\u2019Intervention de la Gendarmerie Nationale&nbsp;<\/p>\n\n\n\n<p><\/p>\n","protected":false},"excerpt":{"rendered":"<p>Au c\u0153ur du 11\u00e8me&nbsp;arrondissement de Marseille, le Ch\u00e2teau Saint-Antoine programme toute l\u2019ann\u00e9e des \u00e9v\u00e9nements et conf\u00e9rences culturels et artistiques pour tout public C\u2019est en 2016 que La Grande Loge de France se propose de racheter le ch\u00e2teau. La premi\u00e8re pierre&nbsp;d\u2019un ensemble de temples ma\u00e7onniques est pos\u00e9e en novembre 2016 et l\u2019\u00e9difice est inaugur\u00e9 le 2 &hellip; <a href=\"http:\/\/lesheuresbleues.fr\/?page_id=24\" class=\"more-link\">Continuer la lecture de <span class=\"screen-reader-text\">Le Ch\u00e2teau Saint-Antoine : <br \/>un lieu qui vaut le d\u00e9tour<\/span>  <span class=\"meta-nav\">&rarr;<\/span><\/a><\/p>\n","protected":false},"author":158175784,"featured_media":0,"parent":0,"menu_order":0,"comment_status":"closed","ping_status":"closed","template":"page-templates\/full-width.php","meta":{"_coblocks_attr":"","_coblocks_dimensions":"","_coblocks_responsive_height":"","_coblocks_accordion_ie_support":"","footnotes":""},"class_list":["post-24","page","type-page","status-publish","hentry"],"_links":{"self":[{"href":"http:\/\/lesheuresbleues.fr\/index.php?rest_route=\/wp\/v2\/pages\/24","targetHints":{"allow":["GET"]}}],"collection":[{"href":"http:\/\/lesheuresbleues.fr\/index.php?rest_route=\/wp\/v2\/pages"}],"about":[{"href":"http:\/\/lesheuresbleues.fr\/index.php?rest_route=\/wp\/v2\/types\/page"}],"author":[{"embeddable":true,"href":"http:\/\/lesheuresbleues.fr\/index.php?rest_route=\/wp\/v2\/users\/158175784"}],"replies":[{"embeddable":true,"href":"http:\/\/lesheuresbleues.fr\/index.php?rest_route=%2Fwp%2Fv2%2Fcomments&post=24"}],"version-history":[{"count":0,"href":"http:\/\/lesheuresbleues.fr\/index.php?rest_route=\/wp\/v2\/pages\/24\/revisions"}],"wp:attachment":[{"href":"http:\/\/lesheuresbleues.fr\/index.php?rest_route=%2Fwp%2Fv2%2Fmedia&parent=24"}],"curies":[{"name":"wp","href":"https:\/\/api.w.org\/{rel}","templated":true}]}}