{"id":176814,"date":"2021-01-28T01:28:41","date_gmt":"2021-01-28T00:28:41","guid":{"rendered":"https:\/\/lesheuresbleues.fr\/?page_id=176814"},"modified":"2022-07-22T19:51:52","modified_gmt":"2022-07-22T17:51:52","slug":"formulaire-de-don","status":"publish","type":"page","link":"http:\/\/lesheuresbleues.fr\/?page_id=176814","title":{"rendered":"Formulaire de don"},"content":{"rendered":"\n<p><\/p>\n\n\n\n<div class=\"wp-block-media-text alignwide is-stacked-on-mobile is-style-default\"><figure class=\"wp-block-media-text__media\"><img loading=\"lazy\" decoding=\"async\" width=\"600\" height=\"451\" src=\"https:\/\/lesheuresbleues.fr\/wp-content\/uploads\/2020\/01\/helloasso.png?w=600\" alt=\"\" class=\"wp-image-152 size-full\" srcset=\"http:\/\/lesheuresbleues.fr\/wp-content\/uploads\/2020\/01\/helloasso.png 600w, http:\/\/lesheuresbleues.fr\/wp-content\/uploads\/2020\/01\/helloasso-300x226.png 300w\" sizes=\"auto, (max-width: 600px) 100vw, 600px\" \/><\/figure><div class=\"wp-block-media-text__content\">\n<p class=\"has-medium-font-size\"><strong>Vous pourrez faire votre don en ligne par carte bleue, et imprimer un attestation de don.<\/strong><\/p>\n<\/div><\/div>\n\n\n\n\t\t\t<iframe\n\t\t\t\tid=\"idIframe\"\n\t\t\t\tsrc=\"https:\/\/www.helloasso.com\/associations\/saint-jean-d-ecosse\/formulaires\/1\/widget\"\n\t\t\t\theight=750px\"\t\t\t\twidth=100%\"\t\t\t\tframeborder=\"0\"\n\t\t\t\tloading=\"lazy\"\n\t\t\t\tallowtransparency=\"true\"\n\t\t\t\tonload=\"resizeIframeMessage()\"><\/iframe>\n\n\n\n\n<p>Le Festival \u00ab\u00a0Les Heures Bleues\u00a0\u00bb est organis\u00e9 par une association sans but lucratif, et repose essentiellement sur du b\u00e9n\u00e9volat, des subventions publiques en cours de demande,  du m\u00e9c\u00e9nat, et sur le soutien financier de ses donateurs.<\/p>\n","protected":false},"excerpt":{"rendered":"<p>Vous pourrez faire votre don en ligne par carte bleue, et imprimer un attestation de don. Le Festival \u00ab\u00a0Les Heures Bleues\u00a0\u00bb est organis\u00e9 par une association sans but lucratif, et repose essentiellement sur du b\u00e9n\u00e9volat, des subventions publiques en cours de demande, du m\u00e9c\u00e9nat, et sur le soutien financier de ses donateurs.<\/p>\n","protected":false},"author":143852627,"featured_media":0,"parent":0,"menu_order":0,"comment_status":"closed","ping_status":"closed","template":"","meta":{"_coblocks_attr":"","_coblocks_dimensions":"","_coblocks_responsive_height":"","_coblocks_accordion_ie_support":"","footnotes":""},"class_list":["post-176814","page","type-page","status-publish","hentry"],"_links":{"self":[{"href":"http:\/\/lesheuresbleues.fr\/index.php?rest_route=\/wp\/v2\/pages\/176814","targetHints":{"allow":["GET"]}}],"collection":[{"href":"http:\/\/lesheuresbleues.fr\/index.php?rest_route=\/wp\/v2\/pages"}],"about":[{"href":"http:\/\/lesheuresbleues.fr\/index.php?rest_route=\/wp\/v2\/types\/page"}],"author":[{"embeddable":true,"href":"http:\/\/lesheuresbleues.fr\/index.php?rest_route=\/wp\/v2\/users\/143852627"}],"replies":[{"embeddable":true,"href":"http:\/\/lesheuresbleues.fr\/index.php?rest_route=%2Fwp%2Fv2%2Fcomments&post=176814"}],"version-history":[{"count":0,"href":"http:\/\/lesheuresbleues.fr\/index.php?rest_route=\/wp\/v2\/pages\/176814\/revisions"}],"wp:attachment":[{"href":"http:\/\/lesheuresbleues.fr\/index.php?rest_route=%2Fwp%2Fv2%2Fmedia&parent=176814"}],"curies":[{"name":"wp","href":"https:\/\/api.w.org\/{rel}","templated":true}]}}