{"id":176415,"date":"2021-01-27T23:25:47","date_gmt":"2021-01-27T22:25:47","guid":{"rendered":"https:\/\/lesheuresbleues.fr\/?page_id=176415"},"modified":"2023-03-01T17:26:43","modified_gmt":"2023-03-01T16:26:43","slug":"il-est-temps-douvrir-son-coeur","status":"publish","type":"page","link":"http:\/\/lesheuresbleues.fr\/?page_id=176415","title":{"rendered":"Soutenir Les Heures Bleues"},"content":{"rendered":"\n<h2 class=\"has-text-color wp-block-heading\" style=\"color:#04709f;line-height:1.6\"><strong><strong>Le Festival Les Heures Bleues s\u2019affirme comme un rendez-vous culturel incontournable en R\u00e9gion Sud.&nbsp;<\/strong>&nbsp;<strong>Merci \u00e0 nos partenaires et m\u00e9c\u00e8nes qui nous soutiennent et \u00e0 ceux qui nous rejoignent<\/strong><\/strong>.<\/h2>\n\n\n\n<p>Le Festival Les Heures Bleues croise plusieurs expressions artistiques accessibles \u00e0 tous : jazz, chants populaires traditionnels, piano, fanfare, photographie\u2026 Au fil des 3 soir\u00e9es, en plein air et en une unit\u00e9 de lieu, tous les publics sont r\u00e9unis autour d\u2019artistes qui illustrent des valeurs universelles et humanistes, partageant les f\u00e9licit\u00e9s de la convivialit\u00e9 et de la d\u00e9couverte dans une ambiance festive et unique.<\/p>\n\n\n\n<h2 class=\"wp-block-heading\"><strong>Soutenir ce festival, c\u2019est rencontrer, innover et surprendre<\/strong>&nbsp;<\/h2>\n\n\n\n<p>Soutenir Les Heures Bleues, c\u2019est s\u2019associer au d\u00e9veloppement d\u2019une exp\u00e9rience festivali\u00e8re unique, r\u00e9gionale et \u00e9co-responsable, ancr\u00e9e dans un territoire dynamique. C\u2019est aussi d\u00e9velopper la proximit\u00e9 humaine et donner l\u2019occasion \u00e0 des artistes du spectacle vivant local de partager leurs talents.&nbsp;<br>Les fonds octroy\u00e9s sont exclusivement utilis\u00e9s pour l\u2019organisation du Festival.<\/p>\n\n\n\n<p><strong>Les avantages<\/strong>&nbsp;:&nbsp;<br>\u2022 B\u00e9n\u00e9ficier d\u2019un accueil personnalis\u00e9,&nbsp;<br>\u2022 \u00catre invit\u00e9 \u00e0 des \u00e9v\u00e9nements avant le Festival,<br>\u2022 Assister aux conf\u00e9rences de Saint Jean d\u2019Ecosse tout au long de l&rsquo;ann\u00e9e.<br><br><strong>C\u2019est aussi pour les entreprises<\/strong>&nbsp;:&nbsp;&nbsp;<br>\u2022 Enrichir son image de marque,<br>\u2022 Associer l&rsquo;image de son entreprise \u00e0 des valeurs universelles qui renforcent la coh\u00e9sion du personnel et participent \u00e0 la d\u00e9marche RSE,<br>\u2022 P\u00e9renniser l\u2019ouverture \u00e0 l\u2019art et \u00e0 la culture propos\u00e9e \u00e0 tous les milieux sociaux,&nbsp;&nbsp;<br>\u2022 R\u00e9aliser une op\u00e9ration de RP \u00e9thique et de qualit\u00e9<\/p>\n\n\n\n<div class=\"wp-block-buttons is-layout-flex wp-block-buttons-is-layout-flex\">\n<div class=\"wp-block-button has-custom-width wp-block-button__width-100 is-style-fill\"><a class=\"wp-block-button__link has-background wp-element-button\" href=\"https:\/\/lesheuresbleues.fr\/formulaire-de-don\/\" style=\"background-color:#0517f0\">Faites un don pour soutenir le festival<\/a><\/div>\n\n\n\n<div class=\"wp-block-button has-custom-width wp-block-button__width-100 is-style-fill\"><a class=\"wp-block-button__link has-background wp-element-button\" href=\"contact@lesheuresbleues.fr\" style=\"background-color:#0906e7\" target=\"_blank\" rel=\"noreferrer noopener\">Informez-vous sur les opportunit\u00e9s de partenariat ou de m\u00e9c\u00e9nat<\/a><\/div>\n<\/div>\n\n\n\n<p><\/p>\n\n\n\n<p>Le Festival \u00ab\u00a0Les Heures Bleues\u00a0\u00bb est organis\u00e9 par une association sans but lucratif, et repose essentiellement sur du b\u00e9n\u00e9volat, des subventions publiques en cours de demande,  du m\u00e9c\u00e9nat, et sur le soutien financier de ses donateurs.<\/p>\n\n\n<div class=\"wp-block-image\">\n<figure class=\"aligncenter size-large\"><img loading=\"lazy\" decoding=\"async\" width=\"1024\" height=\"301\" src=\"https:\/\/lesheuresbleues.fr\/wp-content\/uploads\/2022\/06\/CVL-visuel-SV-1024x301.jpg\" alt=\"\" class=\"wp-image-404890\" srcset=\"http:\/\/lesheuresbleues.fr\/wp-content\/uploads\/2022\/06\/CVL-visuel-SV-1024x301.jpg 1024w, http:\/\/lesheuresbleues.fr\/wp-content\/uploads\/2022\/06\/CVL-visuel-SV-300x88.jpg 300w, http:\/\/lesheuresbleues.fr\/wp-content\/uploads\/2022\/06\/CVL-visuel-SV-768x226.jpg 768w, http:\/\/lesheuresbleues.fr\/wp-content\/uploads\/2022\/06\/CVL-visuel-SV-1536x451.jpg 1536w, http:\/\/lesheuresbleues.fr\/wp-content\/uploads\/2022\/06\/CVL-visuel-SV-2048x601.jpg 2048w\" sizes=\"auto, (max-width: 1024px) 100vw, 1024px\" \/><\/figure>\n<\/div>","protected":false},"excerpt":{"rendered":"<p>Le Festival Les Heures Bleues s\u2019affirme comme un rendez-vous culturel incontournable en R\u00e9gion Sud.&nbsp;&nbsp;Merci \u00e0 nos partenaires et m\u00e9c\u00e8nes qui nous soutiennent et \u00e0 ceux qui nous rejoignent. Le Festival Les Heures Bleues croise plusieurs expressions artistiques accessibles \u00e0 tous : jazz, chants populaires traditionnels, piano, fanfare, photographie\u2026 Au fil des 3 soir\u00e9es, en plein &hellip; <a href=\"http:\/\/lesheuresbleues.fr\/?page_id=176415\" class=\"more-link\">Continuer la lecture de <span class=\"screen-reader-text\">Soutenir Les Heures Bleues<\/span>  <span class=\"meta-nav\">&rarr;<\/span><\/a><\/p>\n","protected":false},"author":143852627,"featured_media":404890,"parent":0,"menu_order":0,"comment_status":"closed","ping_status":"closed","template":"page-templates\/full-width.php","meta":{"_coblocks_attr":"","_coblocks_dimensions":"","_coblocks_responsive_height":"","_coblocks_accordion_ie_support":"","footnotes":""},"class_list":["post-176415","page","type-page","status-publish","has-post-thumbnail","hentry"],"_links":{"self":[{"href":"http:\/\/lesheuresbleues.fr\/index.php?rest_route=\/wp\/v2\/pages\/176415","targetHints":{"allow":["GET"]}}],"collection":[{"href":"http:\/\/lesheuresbleues.fr\/index.php?rest_route=\/wp\/v2\/pages"}],"about":[{"href":"http:\/\/lesheuresbleues.fr\/index.php?rest_route=\/wp\/v2\/types\/page"}],"author":[{"embeddable":true,"href":"http:\/\/lesheuresbleues.fr\/index.php?rest_route=\/wp\/v2\/users\/143852627"}],"replies":[{"embeddable":true,"href":"http:\/\/lesheuresbleues.fr\/index.php?rest_route=%2Fwp%2Fv2%2Fcomments&post=176415"}],"version-history":[{"count":0,"href":"http:\/\/lesheuresbleues.fr\/index.php?rest_route=\/wp\/v2\/pages\/176415\/revisions"}],"wp:featuredmedia":[{"embeddable":true,"href":"http:\/\/lesheuresbleues.fr\/index.php?rest_route=\/wp\/v2\/media\/404890"}],"wp:attachment":[{"href":"http:\/\/lesheuresbleues.fr\/index.php?rest_route=%2Fwp%2Fv2%2Fmedia&parent=176415"}],"curies":[{"name":"wp","href":"https:\/\/api.w.org\/{rel}","templated":true}]}}