{"id":1237173,"date":"2025-07-15T20:52:40","date_gmt":"2025-07-15T18:52:40","guid":{"rendered":"https:\/\/lesheuresbleues.fr\/?page_id=1237173"},"modified":"2025-07-15T20:52:41","modified_gmt":"2025-07-15T18:52:41","slug":"les-videos-souvenirs-des-heures-bleues-2025","status":"publish","type":"page","link":"http:\/\/lesheuresbleues.fr\/?page_id=1237173","title":{"rendered":"Les vid\u00e9os souvenirs des Heures Bleues 2025"},"content":{"rendered":"\n<p>Pour vous rappeller ces trois soir\u00e9es, voici les vid\u00e9os publi\u00e9es sur notre chaine Youtube.<\/p>\n\n\n\n<figure class=\"wp-block-embed is-type-video is-provider-youtube wp-block-embed-youtube wp-embed-aspect-16-9 wp-has-aspect-ratio\"><div class=\"wp-block-embed__wrapper\">\n<iframe loading=\"lazy\" title=\"Les Heures Bleues 2025, la vid\u00e9o souvenir du 3 juillet\" width=\"474\" height=\"267\" src=\"https:\/\/www.youtube.com\/embed\/rdErjsc-TEg?feature=oembed\" frameborder=\"0\" allow=\"accelerometer; autoplay; clipboard-write; encrypted-media; gyroscope; picture-in-picture; web-share\" referrerpolicy=\"strict-origin-when-cross-origin\" allowfullscreen><\/iframe>\n<\/div><figcaption class=\"wp-element-caption\">Jeudi 3 juillet 2025<\/figcaption><\/figure>\n\n\n\n<figure class=\"wp-block-embed is-type-video is-provider-youtube wp-block-embed-youtube wp-embed-aspect-16-9 wp-has-aspect-ratio\"><div class=\"wp-block-embed__wrapper\">\n<iframe loading=\"lazy\" title=\"Les Heures Bleues 2025, la vid\u00e9o souvenir du 4 juillet\" width=\"474\" height=\"267\" src=\"https:\/\/www.youtube.com\/embed\/cv91n8CY0ss?feature=oembed\" frameborder=\"0\" allow=\"accelerometer; autoplay; clipboard-write; encrypted-media; gyroscope; picture-in-picture; web-share\" referrerpolicy=\"strict-origin-when-cross-origin\" allowfullscreen><\/iframe>\n<\/div><figcaption class=\"wp-element-caption\">Vendredi 4 juillet 2025<\/figcaption><\/figure>\n\n\n\n<figure class=\"wp-block-embed is-type-video is-provider-youtube wp-block-embed-youtube wp-embed-aspect-16-9 wp-has-aspect-ratio\"><div class=\"wp-block-embed__wrapper\">\n<iframe loading=\"lazy\" title=\"Les Heures Bleues 2025, vid\u00e9o souvenir du 5 juillet\" width=\"474\" height=\"267\" src=\"https:\/\/www.youtube.com\/embed\/sJOknibYzPo?feature=oembed\" frameborder=\"0\" allow=\"accelerometer; autoplay; clipboard-write; encrypted-media; gyroscope; picture-in-picture; web-share\" referrerpolicy=\"strict-origin-when-cross-origin\" allowfullscreen><\/iframe>\n<\/div><figcaption class=\"wp-element-caption\">Samedi 5 juillet 2025<\/figcaption><\/figure>\n","protected":false},"excerpt":{"rendered":"<p>Pour vous rappeller ces trois soir\u00e9es, voici les vid\u00e9os publi\u00e9es sur notre chaine Youtube.<\/p>\n","protected":false},"author":143852627,"featured_media":605958,"parent":0,"menu_order":0,"comment_status":"closed","ping_status":"closed","template":"","meta":{"_coblocks_attr":"","_coblocks_dimensions":"","_coblocks_responsive_height":"","_coblocks_accordion_ie_support":"","footnotes":""},"class_list":["post-1237173","page","type-page","status-publish","has-post-thumbnail","hentry"],"_links":{"self":[{"href":"http:\/\/lesheuresbleues.fr\/index.php?rest_route=\/wp\/v2\/pages\/1237173","targetHints":{"allow":["GET"]}}],"collection":[{"href":"http:\/\/lesheuresbleues.fr\/index.php?rest_route=\/wp\/v2\/pages"}],"about":[{"href":"http:\/\/lesheuresbleues.fr\/index.php?rest_route=\/wp\/v2\/types\/page"}],"author":[{"embeddable":true,"href":"http:\/\/lesheuresbleues.fr\/index.php?rest_route=\/wp\/v2\/users\/143852627"}],"replies":[{"embeddable":true,"href":"http:\/\/lesheuresbleues.fr\/index.php?rest_route=%2Fwp%2Fv2%2Fcomments&post=1237173"}],"version-history":[{"count":0,"href":"http:\/\/lesheuresbleues.fr\/index.php?rest_route=\/wp\/v2\/pages\/1237173\/revisions"}],"wp:featuredmedia":[{"embeddable":true,"href":"http:\/\/lesheuresbleues.fr\/index.php?rest_route=\/wp\/v2\/media\/605958"}],"wp:attachment":[{"href":"http:\/\/lesheuresbleues.fr\/index.php?rest_route=%2Fwp%2Fv2%2Fmedia&parent=1237173"}],"curies":[{"name":"wp","href":"https:\/\/api.w.org\/{rel}","templated":true}]}}