{"id":1236747,"date":"2025-06-08T19:19:47","date_gmt":"2025-06-08T17:19:47","guid":{"rendered":"https:\/\/lesheuresbleues.fr\/?page_id=1236747"},"modified":"2025-06-08T19:19:47","modified_gmt":"2025-06-08T17:19:47","slug":"metissages","status":"publish","type":"page","link":"http:\/\/lesheuresbleues.fr\/?page_id=1236747","title":{"rendered":"M\u00e9tissages"},"content":{"rendered":"\n<p>Deux duos qui marient des instruments bien diff\u00e9rents, pour un m\u00e9tissage musical riche en couleurs.<\/p>\n\n\n\n<p><strong>Duo Harpe et Trompette<\/strong><br><strong><br><\/strong>Sirine Amarouche, Harpe <br>Anatole Martin, Trompette<\/p>\n\n\n\n<p>Astor PIAZZOLLA &#8211; Oblivion<br>Maurice RAVEL<br>Luiz BONFA &#8211; Manha de Carnaval, Black Orpheus<\/p>\n\n\n<div class=\"wp-block-image\">\n<figure class=\"aligncenter size-full\"><img loading=\"lazy\" decoding=\"async\" width=\"754\" height=\"422\" src=\"https:\/\/lesheuresbleues.fr\/wp-content\/uploads\/2025\/06\/2025-Primis-2-Harpe-et-Trompette.png\" alt=\"\" class=\"wp-image-1236752\" srcset=\"http:\/\/lesheuresbleues.fr\/wp-content\/uploads\/2025\/06\/2025-Primis-2-Harpe-et-Trompette.png 754w, http:\/\/lesheuresbleues.fr\/wp-content\/uploads\/2025\/06\/2025-Primis-2-Harpe-et-Trompette-300x168.png 300w\" sizes=\"auto, (max-width: 754px) 100vw, 754px\" \/><\/figure>\n<\/div>\n\n\n<p><strong>Duo Loom :\u00a0Fl\u00fbte traversi\u00e8re et Guitare \u00e9lectrique<\/strong><\/p>\n\n\n\n<p>Julie Bertin, Fl\u00fbte<br>Adam Guiraud, Guitare \u00e9lectrique<\/p>\n\n\n\n<p>Miles DAVIS\u2013 Four<br>Ant\u00f4nio Carlos JOBIM\u2013 Corcovado<br>Chick COREA \u2013 Spain, arrangement<\/p>\n\n\n<div class=\"wp-block-image\">\n<figure class=\"aligncenter size-full\"><img loading=\"lazy\" decoding=\"async\" width=\"474\" height=\"470\" src=\"https:\/\/lesheuresbleues.fr\/wp-content\/uploads\/2025\/06\/2025-Primis-3-Duo-Loom.png\" alt=\"\" class=\"wp-image-1236754\" srcset=\"http:\/\/lesheuresbleues.fr\/wp-content\/uploads\/2025\/06\/2025-Primis-3-Duo-Loom.png 474w, http:\/\/lesheuresbleues.fr\/wp-content\/uploads\/2025\/06\/2025-Primis-3-Duo-Loom-300x297.png 300w, http:\/\/lesheuresbleues.fr\/wp-content\/uploads\/2025\/06\/2025-Primis-3-Duo-Loom-150x150.png 150w\" sizes=\"auto, (max-width: 474px) 100vw, 474px\" \/><\/figure>\n<\/div>\n\n\n<p><strong>Aux Heures Bleues vendredi 4 juillet 2025<\/strong><\/p>\n\n\n\n<p>Des jeunes \u00e9tudiants de l\u2019IESM (Institut d\u2019Enseignement Sup\u00e9rieur de la Musique \u2013 Europe et M\u00e9diterran\u00e9e)&nbsp;:<br><a href=\"https:\/\/iesm.fr\/\" target=\"_blank\" rel=\"noreferrer noopener\">https:\/\/iesm.fr\/<\/a><\/p>\n","protected":false},"excerpt":{"rendered":"<p>Deux duos qui marient des instruments bien diff\u00e9rents, pour un m\u00e9tissage musical riche en couleurs. Duo Harpe et TrompetteSirine Amarouche, Harpe Anatole Martin, Trompette Astor PIAZZOLLA &#8211; OblivionMaurice RAVELLuiz BONFA &#8211; Manha de Carnaval, Black Orpheus Duo Loom :\u00a0Fl\u00fbte traversi\u00e8re et Guitare \u00e9lectrique Julie Bertin, Fl\u00fbteAdam Guiraud, Guitare \u00e9lectrique Miles DAVIS\u2013 FourAnt\u00f4nio Carlos JOBIM\u2013 CorcovadoChick &hellip; <a href=\"http:\/\/lesheuresbleues.fr\/?page_id=1236747\" class=\"more-link\">Continuer la lecture de <span class=\"screen-reader-text\">M\u00e9tissages<\/span>  <span class=\"meta-nav\">&rarr;<\/span><\/a><\/p>\n","protected":false},"author":158175784,"featured_media":1236749,"parent":340,"menu_order":0,"comment_status":"closed","ping_status":"closed","template":"","meta":{"_coblocks_attr":"","_coblocks_dimensions":"","_coblocks_responsive_height":"","_coblocks_accordion_ie_support":"","footnotes":""},"class_list":["post-1236747","page","type-page","status-publish","has-post-thumbnail","hentry"],"_links":{"self":[{"href":"http:\/\/lesheuresbleues.fr\/index.php?rest_route=\/wp\/v2\/pages\/1236747","targetHints":{"allow":["GET"]}}],"collection":[{"href":"http:\/\/lesheuresbleues.fr\/index.php?rest_route=\/wp\/v2\/pages"}],"about":[{"href":"http:\/\/lesheuresbleues.fr\/index.php?rest_route=\/wp\/v2\/types\/page"}],"author":[{"embeddable":true,"href":"http:\/\/lesheuresbleues.fr\/index.php?rest_route=\/wp\/v2\/users\/158175784"}],"replies":[{"embeddable":true,"href":"http:\/\/lesheuresbleues.fr\/index.php?rest_route=%2Fwp%2Fv2%2Fcomments&post=1236747"}],"version-history":[{"count":0,"href":"http:\/\/lesheuresbleues.fr\/index.php?rest_route=\/wp\/v2\/pages\/1236747\/revisions"}],"up":[{"embeddable":true,"href":"http:\/\/lesheuresbleues.fr\/index.php?rest_route=\/wp\/v2\/pages\/340"}],"wp:featuredmedia":[{"embeddable":true,"href":"http:\/\/lesheuresbleues.fr\/index.php?rest_route=\/wp\/v2\/media\/1236749"}],"wp:attachment":[{"href":"http:\/\/lesheuresbleues.fr\/index.php?rest_route=%2Fwp%2Fv2%2Fmedia&parent=1236747"}],"curies":[{"name":"wp","href":"https:\/\/api.w.org\/{rel}","templated":true}]}}