{"id":1236740,"date":"2025-06-08T19:22:31","date_gmt":"2025-06-08T17:22:31","guid":{"rendered":"https:\/\/lesheuresbleues.fr\/?page_id=1236740"},"modified":"2025-06-08T19:22:32","modified_gmt":"2025-06-08T17:22:32","slug":"azur-bones-quartet","status":"publish","type":"page","link":"http:\/\/lesheuresbleues.fr\/?page_id=1236740","title":{"rendered":"Azur Bones Quartet"},"content":{"rendered":"\n<p>Un quatuor  de  trombones<br><br>&#8211;\u00a0Jorge Luis Guerra Torres<br>&#8211;\u00a0Luis Murillo Narvaez<br>&#8211;\u00a0Alexian Bournat<br>&#8211;\u00a0Cristian Rivero L\u00e9on<br><br>Quelle \u00e9nergie!<\/p>\n\n\n\n<p><\/p>\n\n\n<div class=\"wp-block-image\">\n<figure class=\"aligncenter size-full\"><img loading=\"lazy\" decoding=\"async\" width=\"694\" height=\"792\" src=\"https:\/\/lesheuresbleues.fr\/wp-content\/uploads\/2025\/06\/2025-Primis-4-Azur-Bones-Quartet.png\" alt=\"\" class=\"wp-image-1236757\" srcset=\"http:\/\/lesheuresbleues.fr\/wp-content\/uploads\/2025\/06\/2025-Primis-4-Azur-Bones-Quartet.png 694w, http:\/\/lesheuresbleues.fr\/wp-content\/uploads\/2025\/06\/2025-Primis-4-Azur-Bones-Quartet-263x300.png 263w\" sizes=\"auto, (max-width: 694px) 100vw, 694px\" \/><\/figure>\n<\/div>\n\n\n<p>Programme vari\u00e9 de reprises et du r\u00e9pertoire de musique sud-am\u00e9ricaine.<br>&#8211; Carmen, Georges BIZET, Arrangement Guy DESTANQUE<br>&#8211;\u00a0?Tico Tico, Zequinha de ABR\u00c8U, Arrangement Enrique CRESPO<br>&#8211;\u00a0?Na Gloria, Raul De BARROS, Arrangement Gilberto GAGLIARDI<br>&#8211;\u00a0?Blue Bells of Lucerne, Jean-Fran\u00e7ois MICHEL<br>&#8211;\u00a0?Hey Jude, The Beatles, Arr. Ingo Luis.<br>&#8211;\u00a0?Popurri del Joropo Venezolano, Arr. Miguelangel S\u00e1nchez.<\/p>\n\n\n\n<p><strong>Aux Heures Bleues samedi 5 juillet 2025<\/strong><\/p>\n\n\n\n<p>Des jeunes \u00e9tudiants de l\u2019IESM (Institut d\u2019Enseignement Sup\u00e9rieur de la Musique \u2013 Europe et M\u00e9diterran\u00e9e)&nbsp;:<br><a href=\"https:\/\/iesm.fr\/\" target=\"_blank\" rel=\"noreferrer noopener\">https:\/\/iesm.fr\/<\/a><\/p>\n","protected":false},"excerpt":{"rendered":"<p>Un quatuor de trombones &#8211;\u00a0Jorge Luis Guerra Torres&#8211;\u00a0Luis Murillo Narvaez&#8211;\u00a0Alexian Bournat&#8211;\u00a0Cristian Rivero L\u00e9on Quelle \u00e9nergie! Programme vari\u00e9 de reprises et du r\u00e9pertoire de musique sud-am\u00e9ricaine.&#8211; Carmen, Georges BIZET, Arrangement Guy DESTANQUE&#8211;\u00a0?Tico Tico, Zequinha de ABR\u00c8U, Arrangement Enrique CRESPO&#8211;\u00a0?Na Gloria, Raul De BARROS, Arrangement Gilberto GAGLIARDI&#8211;\u00a0?Blue Bells of Lucerne, Jean-Fran\u00e7ois MICHEL&#8211;\u00a0?Hey Jude, The Beatles, Arr. Ingo &hellip; <a href=\"http:\/\/lesheuresbleues.fr\/?page_id=1236740\" class=\"more-link\">Continuer la lecture de <span class=\"screen-reader-text\">Azur Bones Quartet<\/span>  <span class=\"meta-nav\">&rarr;<\/span><\/a><\/p>\n","protected":false},"author":158175784,"featured_media":0,"parent":340,"menu_order":0,"comment_status":"closed","ping_status":"closed","template":"","meta":{"_coblocks_attr":"","_coblocks_dimensions":"","_coblocks_responsive_height":"","_coblocks_accordion_ie_support":"","footnotes":""},"class_list":["post-1236740","page","type-page","status-publish","hentry"],"_links":{"self":[{"href":"http:\/\/lesheuresbleues.fr\/index.php?rest_route=\/wp\/v2\/pages\/1236740","targetHints":{"allow":["GET"]}}],"collection":[{"href":"http:\/\/lesheuresbleues.fr\/index.php?rest_route=\/wp\/v2\/pages"}],"about":[{"href":"http:\/\/lesheuresbleues.fr\/index.php?rest_route=\/wp\/v2\/types\/page"}],"author":[{"embeddable":true,"href":"http:\/\/lesheuresbleues.fr\/index.php?rest_route=\/wp\/v2\/users\/158175784"}],"replies":[{"embeddable":true,"href":"http:\/\/lesheuresbleues.fr\/index.php?rest_route=%2Fwp%2Fv2%2Fcomments&post=1236740"}],"version-history":[{"count":0,"href":"http:\/\/lesheuresbleues.fr\/index.php?rest_route=\/wp\/v2\/pages\/1236740\/revisions"}],"up":[{"embeddable":true,"href":"http:\/\/lesheuresbleues.fr\/index.php?rest_route=\/wp\/v2\/pages\/340"}],"wp:attachment":[{"href":"http:\/\/lesheuresbleues.fr\/index.php?rest_route=%2Fwp%2Fv2%2Fmedia&parent=1236740"}],"curies":[{"name":"wp","href":"https:\/\/api.w.org\/{rel}","templated":true}]}}