{"id":1236556,"date":"2025-05-29T13:15:34","date_gmt":"2025-05-29T11:15:34","guid":{"rendered":"https:\/\/lesheuresbleues.fr\/?page_id=1236556"},"modified":"2025-06-30T23:46:17","modified_gmt":"2025-06-30T21:46:17","slug":"le-programme-musical-2025","status":"publish","type":"page","link":"http:\/\/lesheuresbleues.fr\/?page_id=1236556","title":{"rendered":"Le programme musical 2025"},"content":{"rendered":"\n<h4 class=\"wp-block-heading\">Nos soir\u00e9es des jeudi 3, vendredi 4 et samedi 5 juillet s&rsquo;organiseront selon les m\u00eames principes.<\/h4>\n\n\n\n<p class=\"has-medium-font-size\"><strong>Tous les jours, le festival vous accueille en musique et vous propose un ap\u00e9ritif musical sur l\u2019esplanade avec la possibilit\u00e9 de se restaurer en attendant le spectacle. Une <a href=\"https:\/\/lesheuresbleues.fr\/lumieres-delles\/\" data-type=\"page\" data-id=\"1236531\">exposition photo<\/a> vous attend et vous propose des \u00ab\u00a0<a href=\"https:\/\/lesheuresbleues.fr\/lumieres-delles\/\" data-type=\"page\" data-id=\"1236531\">Lumi\u00e8res d\u2019Elles<\/a>\u00ab\u00a0.<\/strong><\/p>\n\n\n\n<p><\/p>\n\n\n\n<p class=\"has-medium-font-size\"><strong>D\u00e8s 21 heures 30, le jeudi 3 juillet le festival vous propose une soir\u00e9e consacr\u00e9e aux Beatles avec \u00abThe Littles\u00a0\u00bb, le vendredi 4 juillet, une soir\u00e9e musique et danse irlandaises avec \u00abGolden Goat\u00bb, et le samedi 5 juillet, une soir\u00e9e \u00ab\u00a0Bal Pop\u2019\u00a0\u00bb avec le \u00abGuinguette Hot Club\u00bb.<\/strong><\/p>\n\n\n\n<p class=\"has-medium-font-size\"><strong>Vous l\u2019aurez compris, seul, entre amis ou en famille, le festival Les Heures Bleues est le rendez-vous o\u00f9 tout le monde se retrouve.<\/strong><\/p>\n\n\n\n<div class=\"wp-block-media-text has-media-on-the-right is-stacked-on-mobile\" style=\"grid-template-columns:auto 44%\"><div class=\"wp-block-media-text__content\">\n<p><strong>Chaque soir, \u00e0 21 heures avant le spectacle principal, sur sc\u00e8ne, \u00ab\u00a0Primis\u00a0\u00bb avec les jeunes talents l\u2019Institut d\u2019Enseignement Sup\u00e9rieur de la Musique \u2013 Europe et M\u00e9diterran\u00e9e.&nbsp;<\/strong><\/p>\n<\/div><figure class=\"wp-block-media-text__media\"><img loading=\"lazy\" decoding=\"async\" width=\"1024\" height=\"724\" src=\"https:\/\/lesheuresbleues.fr\/wp-content\/uploads\/2025\/05\/2025-Mosaique-Primis-1-1024x724.png\" alt=\"\" class=\"wp-image-1236669 size-full\" srcset=\"http:\/\/lesheuresbleues.fr\/wp-content\/uploads\/2025\/05\/2025-Mosaique-Primis-1-1024x724.png 1024w, http:\/\/lesheuresbleues.fr\/wp-content\/uploads\/2025\/05\/2025-Mosaique-Primis-1-300x212.png 300w, http:\/\/lesheuresbleues.fr\/wp-content\/uploads\/2025\/05\/2025-Mosaique-Primis-1-768x543.png 768w, http:\/\/lesheuresbleues.fr\/wp-content\/uploads\/2025\/05\/2025-Mosaique-Primis-1-1536x1086.png 1536w, http:\/\/lesheuresbleues.fr\/wp-content\/uploads\/2025\/05\/2025-Mosaique-Primis-1-2048x1448.png 2048w\" sizes=\"auto, (max-width: 1024px) 100vw, 1024px\" \/><\/figure><\/div>\n\n\n\n<hr class=\"wp-block-separator has-alpha-channel-opacity\"\/>\n\n\n\n<h4 class=\"wp-block-heading\">Jeudi 3 juillet <a href=\"https:\/\/lesheuresbleues.fr\/les-artistes-sur-nos-scenes\/the-littles\/\" data-type=\"page\" data-id=\"1236376\">The Littles<\/a><\/h4>\n\n\n\n<div class=\"wp-block-media-text is-stacked-on-mobile\"><figure class=\"wp-block-media-text__media\"><img loading=\"lazy\" decoding=\"async\" width=\"1024\" height=\"729\" src=\"https:\/\/lesheuresbleues.fr\/wp-content\/uploads\/2025\/05\/2025-Littles-01-1024x729.jpg\" alt=\"\" class=\"wp-image-1236651 size-full\" srcset=\"http:\/\/lesheuresbleues.fr\/wp-content\/uploads\/2025\/05\/2025-Littles-01-1024x729.jpg 1024w, http:\/\/lesheuresbleues.fr\/wp-content\/uploads\/2025\/05\/2025-Littles-01-300x214.jpg 300w, http:\/\/lesheuresbleues.fr\/wp-content\/uploads\/2025\/05\/2025-Littles-01-768x547.jpg 768w, http:\/\/lesheuresbleues.fr\/wp-content\/uploads\/2025\/05\/2025-Littles-01.jpg 1080w\" sizes=\"auto, (max-width: 1024px) 100vw, 1024px\" \/><\/figure><div class=\"wp-block-media-text__content\">\n<p class=\"has-medium-font-size\">Quatre gar\u00e7ons dans le vent qui restituent sur sc\u00e8ne la l\u00e9gende des Beatles.<\/p>\n<\/div><\/div>\n\n\n\n<p>Pr\u00e9c\u00e9d\u00e9s par les jeunes talents de l&rsquo;IESM: \u00ab\u00a0<a href=\"https:\/\/lesheuresbleues.fr\/les-artistes-sur-nos-scenes\/arcelli-ensemble-de-violoncelles\/\" data-type=\"page\" data-id=\"1236748\">Arcelli,\u00a0\u00bb un ensemble. de six violoncelles<\/a>.<\/p>\n\n\n\n<hr class=\"wp-block-separator has-alpha-channel-opacity\"\/>\n\n\n\n<h4 class=\"wp-block-heading\">Vendredi 4 juillet <a href=\"https:\/\/lesheuresbleues.fr\/les-artistes-sur-nos-scenes\/golden-goat\/\" data-type=\"page\" data-id=\"1236420\">Golden Goat<\/a><\/h4>\n\n\n\n<div class=\"wp-block-media-text is-stacked-on-mobile\"><figure class=\"wp-block-media-text__media\"><img loading=\"lazy\" decoding=\"async\" width=\"1024\" height=\"683\" src=\"https:\/\/lesheuresbleues.fr\/wp-content\/uploads\/2025\/05\/2025-Golden-Goat-2-1024x683.jpg\" alt=\"\" class=\"wp-image-1236655 size-full\" srcset=\"http:\/\/lesheuresbleues.fr\/wp-content\/uploads\/2025\/05\/2025-Golden-Goat-2-1024x683.jpg 1024w, http:\/\/lesheuresbleues.fr\/wp-content\/uploads\/2025\/05\/2025-Golden-Goat-2-300x200.jpg 300w, http:\/\/lesheuresbleues.fr\/wp-content\/uploads\/2025\/05\/2025-Golden-Goat-2-768x512.jpg 768w, http:\/\/lesheuresbleues.fr\/wp-content\/uploads\/2025\/05\/2025-Golden-Goat-2-1536x1024.jpg 1536w, http:\/\/lesheuresbleues.fr\/wp-content\/uploads\/2025\/05\/2025-Golden-Goat-2-2048x1365.jpg 2048w\" sizes=\"auto, (max-width: 1024px) 100vw, 1024px\" \/><\/figure><div class=\"wp-block-media-text__content\">\n<p class=\"has-medium-font-size\">Avec leurs musiciens et leurs danseurs, venez voyager en Irlande.<\/p>\n<\/div><\/div>\n\n\n\n<p>Pr\u00e9c\u00e9d\u00e9s par les jeunes talents de l&rsquo;IESM: <a href=\"https:\/\/lesheuresbleues.fr\/les-artistes-sur-nos-scenes\/metissages\/\" data-type=\"page\" data-id=\"1236747\">\u00ab\u00a0Metissages\u00a0\u00bb un duo harpe et trompette, puis un second duo fl\u00fbte traversi\u00e8re et guitare \u00e9lectrique.<\/a><\/p>\n\n\n\n<hr class=\"wp-block-separator has-alpha-channel-opacity\"\/>\n\n\n\n<h4 class=\"wp-block-heading\">Samedi 5 juillet <a href=\"https:\/\/lesheuresbleues.fr\/les-artistes-sur-nos-scenes\/guinguette-hot-club\/\" data-type=\"page\" data-id=\"1236431\">Guinguette Hot Club<\/a><\/h4>\n\n\n\n<div class=\"wp-block-media-text is-stacked-on-mobile\"><figure class=\"wp-block-media-text__media\"><img loading=\"lazy\" decoding=\"async\" width=\"1024\" height=\"692\" src=\"https:\/\/lesheuresbleues.fr\/wp-content\/uploads\/2025\/05\/2025-Guinguette-Hot-Club-3-1024x692.jpg\" alt=\"\" class=\"wp-image-1236661 size-full\" srcset=\"http:\/\/lesheuresbleues.fr\/wp-content\/uploads\/2025\/05\/2025-Guinguette-Hot-Club-3-1024x692.jpg 1024w, http:\/\/lesheuresbleues.fr\/wp-content\/uploads\/2025\/05\/2025-Guinguette-Hot-Club-3-300x203.jpg 300w, http:\/\/lesheuresbleues.fr\/wp-content\/uploads\/2025\/05\/2025-Guinguette-Hot-Club-3-768x519.jpg 768w, http:\/\/lesheuresbleues.fr\/wp-content\/uploads\/2025\/05\/2025-Guinguette-Hot-Club-3-1536x1038.jpg 1536w, http:\/\/lesheuresbleues.fr\/wp-content\/uploads\/2025\/05\/2025-Guinguette-Hot-Club-3.jpg 2048w\" sizes=\"auto, (max-width: 1024px) 100vw, 1024px\" \/><\/figure><div class=\"wp-block-media-text__content\">\n<p class=\"has-medium-font-size\">Revisitez la chanson fran\u00e7aise dans une ambiance de bal populaire.<\/p>\n<\/div><\/div>\n\n\n\n<p>Pr\u00e9c\u00e9d\u00e9s par les jeunes talents de l&rsquo;IESM: <a href=\"https:\/\/lesheuresbleues.fr\/les-artistes-sur-nos-scenes\/azur-bones-quartet\/\" data-type=\"page\" data-id=\"1236740\">\u00ab\u00a0Azur Bones Quartet\u00a0\u00bb un quatuor de trombones<\/a>.<\/p>\n\n\n\n<hr class=\"wp-block-separator has-alpha-channel-opacity\"\/>\n\n\n\n<div class=\"wp-block-buttons is-content-justification-center is-layout-flex wp-container-core-buttons-is-layout-16018d1d wp-block-buttons-is-layout-flex\">\n<div class=\"wp-block-button has-custom-width wp-block-button__width-100\"><a class=\"wp-block-button__link has-background has-medium-font-size has-custom-font-size wp-element-button\" href=\"https:\/\/www.helloasso.com\/associations\/saint-jean-d-ecosse\/evenements\/les-heures-bleues-2025\" style=\"background-color:#270890\" target=\"_blank\" rel=\"noreferrer noopener\">La billetterie est ouverte sur HelloAsso, Cliquez ici<\/a><\/div>\n<\/div>\n\n\n\n<hr class=\"wp-block-separator has-alpha-channel-opacity\"\/>\n\n\n\n<div class=\"wp-block-jetpack-slideshow aligncenter is-style-rectangular\" data-autoplay=\"true\" data-delay=\"3\" data-effect=\"slide\"><div class=\"wp-block-jetpack-slideshow_container swiper-container\"><ul class=\"wp-block-jetpack-slideshow_swiper-wrapper swiper-wrapper\"><li class=\"wp-block-jetpack-slideshow_slide swiper-slide\"><figure><img loading=\"lazy\" decoding=\"async\" width=\"1000\" height=\"1250\" alt=\"\" class=\"wp-block-jetpack-slideshow_image wp-image-1236636\" data-id=\"1236636\" src=\"https:\/\/lesheuresbleues.fr\/wp-content\/uploads\/2025\/05\/2025-Programmation-01.jpg\" srcset=\"http:\/\/lesheuresbleues.fr\/wp-content\/uploads\/2025\/05\/2025-Programmation-01.jpg 1000w, http:\/\/lesheuresbleues.fr\/wp-content\/uploads\/2025\/05\/2025-Programmation-01-240x300.jpg 240w, http:\/\/lesheuresbleues.fr\/wp-content\/uploads\/2025\/05\/2025-Programmation-01-819x1024.jpg 819w, http:\/\/lesheuresbleues.fr\/wp-content\/uploads\/2025\/05\/2025-Programmation-01-768x960.jpg 768w\" sizes=\"auto, (max-width: 1000px) 100vw, 1000px\" \/><\/figure><\/li><li class=\"wp-block-jetpack-slideshow_slide swiper-slide\"><figure><img loading=\"lazy\" decoding=\"async\" width=\"1000\" height=\"1250\" alt=\"\" class=\"wp-block-jetpack-slideshow_image wp-image-1236633\" data-id=\"1236633\" src=\"https:\/\/lesheuresbleues.fr\/wp-content\/uploads\/2025\/05\/2025-Impromptu-01.jpg\" srcset=\"http:\/\/lesheuresbleues.fr\/wp-content\/uploads\/2025\/05\/2025-Impromptu-01.jpg 1000w, http:\/\/lesheuresbleues.fr\/wp-content\/uploads\/2025\/05\/2025-Impromptu-01-240x300.jpg 240w, http:\/\/lesheuresbleues.fr\/wp-content\/uploads\/2025\/05\/2025-Impromptu-01-819x1024.jpg 819w, http:\/\/lesheuresbleues.fr\/wp-content\/uploads\/2025\/05\/2025-Impromptu-01-768x960.jpg 768w\" sizes=\"auto, (max-width: 1000px) 100vw, 1000px\" \/><\/figure><\/li><li class=\"wp-block-jetpack-slideshow_slide swiper-slide\"><figure><img loading=\"lazy\" decoding=\"async\" width=\"1000\" height=\"1250\" alt=\"\" class=\"wp-block-jetpack-slideshow_image wp-image-1236635\" data-id=\"1236635\" src=\"https:\/\/lesheuresbleues.fr\/wp-content\/uploads\/2025\/05\/2025-Primis-01.jpg\" srcset=\"http:\/\/lesheuresbleues.fr\/wp-content\/uploads\/2025\/05\/2025-Primis-01.jpg 1000w, http:\/\/lesheuresbleues.fr\/wp-content\/uploads\/2025\/05\/2025-Primis-01-240x300.jpg 240w, http:\/\/lesheuresbleues.fr\/wp-content\/uploads\/2025\/05\/2025-Primis-01-819x1024.jpg 819w, http:\/\/lesheuresbleues.fr\/wp-content\/uploads\/2025\/05\/2025-Primis-01-768x960.jpg 768w\" sizes=\"auto, (max-width: 1000px) 100vw, 1000px\" \/><\/figure><\/li><li class=\"wp-block-jetpack-slideshow_slide swiper-slide\"><figure><img loading=\"lazy\" decoding=\"async\" width=\"1000\" height=\"1250\" alt=\"\" class=\"wp-block-jetpack-slideshow_image wp-image-1236637\" data-id=\"1236637\" src=\"https:\/\/lesheuresbleues.fr\/wp-content\/uploads\/2025\/05\/2025-The-Littles-01.jpg\" srcset=\"http:\/\/lesheuresbleues.fr\/wp-content\/uploads\/2025\/05\/2025-The-Littles-01.jpg 1000w, http:\/\/lesheuresbleues.fr\/wp-content\/uploads\/2025\/05\/2025-The-Littles-01-240x300.jpg 240w, http:\/\/lesheuresbleues.fr\/wp-content\/uploads\/2025\/05\/2025-The-Littles-01-819x1024.jpg 819w, http:\/\/lesheuresbleues.fr\/wp-content\/uploads\/2025\/05\/2025-The-Littles-01-768x960.jpg 768w\" sizes=\"auto, (max-width: 1000px) 100vw, 1000px\" \/><\/figure><\/li><li class=\"wp-block-jetpack-slideshow_slide swiper-slide\"><figure><img loading=\"lazy\" decoding=\"async\" width=\"1000\" height=\"1250\" alt=\"\" class=\"wp-block-jetpack-slideshow_image wp-image-1236631\" data-id=\"1236631\" src=\"https:\/\/lesheuresbleues.fr\/wp-content\/uploads\/2025\/05\/2025-Golden-Goat-01.jpg\" srcset=\"http:\/\/lesheuresbleues.fr\/wp-content\/uploads\/2025\/05\/2025-Golden-Goat-01.jpg 1000w, http:\/\/lesheuresbleues.fr\/wp-content\/uploads\/2025\/05\/2025-Golden-Goat-01-240x300.jpg 240w, http:\/\/lesheuresbleues.fr\/wp-content\/uploads\/2025\/05\/2025-Golden-Goat-01-819x1024.jpg 819w, http:\/\/lesheuresbleues.fr\/wp-content\/uploads\/2025\/05\/2025-Golden-Goat-01-768x960.jpg 768w\" sizes=\"auto, (max-width: 1000px) 100vw, 1000px\" \/><\/figure><\/li><li class=\"wp-block-jetpack-slideshow_slide swiper-slide\"><figure><img loading=\"lazy\" decoding=\"async\" width=\"1000\" height=\"1250\" alt=\"\" class=\"wp-block-jetpack-slideshow_image wp-image-1236632\" data-id=\"1236632\" src=\"https:\/\/lesheuresbleues.fr\/wp-content\/uploads\/2025\/05\/2025-Guinguette-Hot-Club-01.jpg\" srcset=\"http:\/\/lesheuresbleues.fr\/wp-content\/uploads\/2025\/05\/2025-Guinguette-Hot-Club-01.jpg 1000w, http:\/\/lesheuresbleues.fr\/wp-content\/uploads\/2025\/05\/2025-Guinguette-Hot-Club-01-240x300.jpg 240w, http:\/\/lesheuresbleues.fr\/wp-content\/uploads\/2025\/05\/2025-Guinguette-Hot-Club-01-819x1024.jpg 819w, http:\/\/lesheuresbleues.fr\/wp-content\/uploads\/2025\/05\/2025-Guinguette-Hot-Club-01-768x960.jpg 768w\" sizes=\"auto, (max-width: 1000px) 100vw, 1000px\" \/><\/figure><\/li><li class=\"wp-block-jetpack-slideshow_slide swiper-slide\"><figure><img loading=\"lazy\" decoding=\"async\" width=\"1000\" height=\"1250\" alt=\"\" class=\"wp-block-jetpack-slideshow_image wp-image-1236634\" data-id=\"1236634\" src=\"https:\/\/lesheuresbleues.fr\/wp-content\/uploads\/2025\/05\/2025-Lumiere-delles-01.jpg\" srcset=\"http:\/\/lesheuresbleues.fr\/wp-content\/uploads\/2025\/05\/2025-Lumiere-delles-01.jpg 1000w, http:\/\/lesheuresbleues.fr\/wp-content\/uploads\/2025\/05\/2025-Lumiere-delles-01-240x300.jpg 240w, http:\/\/lesheuresbleues.fr\/wp-content\/uploads\/2025\/05\/2025-Lumiere-delles-01-819x1024.jpg 819w, http:\/\/lesheuresbleues.fr\/wp-content\/uploads\/2025\/05\/2025-Lumiere-delles-01-768x960.jpg 768w\" sizes=\"auto, (max-width: 1000px) 100vw, 1000px\" \/><\/figure><\/li><\/ul><a class=\"wp-block-jetpack-slideshow_button-prev swiper-button-prev swiper-button-white\" role=\"button\"><\/a><a class=\"wp-block-jetpack-slideshow_button-next swiper-button-next swiper-button-white\" role=\"button\"><\/a><a aria-label=\"Pause Slideshow\" class=\"wp-block-jetpack-slideshow_button-pause\" role=\"button\"><\/a><div class=\"wp-block-jetpack-slideshow_pagination swiper-pagination swiper-pagination-white\"><\/div><\/div><\/div>\n\n\n\n<p><\/p>\n","protected":false},"excerpt":{"rendered":"<p>Nos soir\u00e9es des jeudi 3, vendredi 4 et samedi 5 juillet s&rsquo;organiseront selon les m\u00eames principes. Tous les jours, le festival vous accueille en musique et vous propose un ap\u00e9ritif musical sur l\u2019esplanade avec la possibilit\u00e9 de se restaurer en attendant le spectacle. Une exposition photo vous attend et vous propose des \u00ab\u00a0Lumi\u00e8res d\u2019Elles\u00ab\u00a0. D\u00e8s &hellip; <a href=\"http:\/\/lesheuresbleues.fr\/?page_id=1236556\" class=\"more-link\">Continuer la lecture de <span class=\"screen-reader-text\">Le programme musical 2025<\/span>  <span class=\"meta-nav\">&rarr;<\/span><\/a><\/p>\n","protected":false},"author":158175784,"featured_media":400377,"parent":0,"menu_order":0,"comment_status":"closed","ping_status":"closed","template":"","meta":{"_coblocks_attr":"","_coblocks_dimensions":"","_coblocks_responsive_height":"","_coblocks_accordion_ie_support":"","footnotes":""},"class_list":["post-1236556","page","type-page","status-publish","has-post-thumbnail","hentry"],"_links":{"self":[{"href":"http:\/\/lesheuresbleues.fr\/index.php?rest_route=\/wp\/v2\/pages\/1236556","targetHints":{"allow":["GET"]}}],"collection":[{"href":"http:\/\/lesheuresbleues.fr\/index.php?rest_route=\/wp\/v2\/pages"}],"about":[{"href":"http:\/\/lesheuresbleues.fr\/index.php?rest_route=\/wp\/v2\/types\/page"}],"author":[{"embeddable":true,"href":"http:\/\/lesheuresbleues.fr\/index.php?rest_route=\/wp\/v2\/users\/158175784"}],"replies":[{"embeddable":true,"href":"http:\/\/lesheuresbleues.fr\/index.php?rest_route=%2Fwp%2Fv2%2Fcomments&post=1236556"}],"version-history":[{"count":0,"href":"http:\/\/lesheuresbleues.fr\/index.php?rest_route=\/wp\/v2\/pages\/1236556\/revisions"}],"wp:featuredmedia":[{"embeddable":true,"href":"http:\/\/lesheuresbleues.fr\/index.php?rest_route=\/wp\/v2\/media\/400377"}],"wp:attachment":[{"href":"http:\/\/lesheuresbleues.fr\/index.php?rest_route=%2Fwp%2Fv2%2Fmedia&parent=1236556"}],"curies":[{"name":"wp","href":"https:\/\/api.w.org\/{rel}","templated":true}]}}