{"id":1236531,"date":"2025-05-15T23:09:52","date_gmt":"2025-05-15T21:09:52","guid":{"rendered":"https:\/\/lesheuresbleues.fr\/?page_id=1236531"},"modified":"2025-05-29T12:41:23","modified_gmt":"2025-05-29T10:41:23","slug":"lumieres-delles","status":"publish","type":"page","link":"http:\/\/lesheuresbleues.fr\/?page_id=1236531","title":{"rendered":"Exposition photos Lumi\u00e8res d&rsquo;Elles"},"content":{"rendered":"\n<p>L&rsquo;exposition de photographies 2025 sera consacr\u00e9e \u00e0 des femmes photographes, a des regards de femme sur le monde.<\/p>\n\n\n<div class=\"wp-block-image\">\n<figure class=\"aligncenter size-full is-resized coblocks-animate\" data-coblocks-animation=\"clipHorizontal\"><img loading=\"lazy\" decoding=\"async\" width=\"1000\" height=\"1250\" src=\"https:\/\/lesheuresbleues.fr\/wp-content\/uploads\/2025\/05\/20250528-1-e1748513948904.png\" alt=\"\" class=\"wp-image-1236620\" style=\"width:355px;height:auto\" srcset=\"http:\/\/lesheuresbleues.fr\/wp-content\/uploads\/2025\/05\/20250528-1-e1748513948904.png 1000w, http:\/\/lesheuresbleues.fr\/wp-content\/uploads\/2025\/05\/20250528-1-e1748513948904-240x300.png 240w, http:\/\/lesheuresbleues.fr\/wp-content\/uploads\/2025\/05\/20250528-1-e1748513948904-819x1024.png 819w, http:\/\/lesheuresbleues.fr\/wp-content\/uploads\/2025\/05\/20250528-1-e1748513948904-768x960.png 768w\" sizes=\"auto, (max-width: 1000px) 100vw, 1000px\" \/><\/figure>\n<\/div>\n\n\n<p class=\"is-style-default has-dark-gray-color has-text-color has-link-color has-medium-font-size wp-elements-49453cc01039827993c580a0a63e3f60\" style=\"line-height:1.5\">Plongez dans un univers photographique o\u00f9 la lumi\u00e8re r\u00e9v\u00e8le la sensibilit\u00e9 de trois femmes artistes. Une exposition qui met en lumi\u00e8re une pluralit\u00e9 de regards et de techniques, explorant des th\u00e8mes multiples et vari\u00e9es. travers leurs objectifs, elles captent des instants de vie, des \u00e9motions brutes et des visions singuli\u00e8res qui interpellent et inspirent. Le titre \u00ab\u00a0Lumi\u00e8res d&rsquo;Elles\u00a0\u00bb symbolise la richesse de leurs perspectives uniques, \u00e9clairant le monde \u00e0 travers leurs cr\u00e9ations.<\/p>\n\n\n\n<p class=\"is-style-default has-dark-gray-color has-text-color has-link-color has-medium-font-size wp-elements-94e4521c53333a428f5e6dad814ede0a\" style=\"line-height:1.5\">D\u00e9couvrez comment ces photographes transforment la lumi\u00e8re en r\u00e9cits visuels poignants et novateurs. Ne manquez pas cette occasion unique de vous laisser \u00e9clairer par ces regards f\u00e9minins inspirants..<\/p>\n\n\n\n<p class=\"is-style-default has-dark-gray-color has-text-color has-link-color has-medium-font-size wp-elements-ccf09d42b39b7c764416bce72e6ce7cf\" style=\"line-height:1.5\">Venez explorer la diversit\u00e9 et la profondeur de la photographie contemporaine au f\u00e9minin.<\/p>\n\n\n\n<div class=\"wp-block-media-text is-stacked-on-mobile coblocks-animate\" data-coblocks-animation=\"zoomIn\"><figure class=\"wp-block-media-text__media\"><img decoding=\"async\" src=\"https:\/\/lesheuresbleues.fr\/wp-content\/uploads\/2025\/05\/20250528-4-819x1024.png\" alt=\"\" class=\"wp-image-1236621 size-full\"\/><\/figure><div class=\"wp-block-media-text__content\">\n<p class=\"has-large-font-size\"><strong>Muriel Despiau<\/strong><\/p>\n\n\n\n<p class=\"has-large-font-size\"><strong>Les gouttes d&rsquo;art<\/strong><\/p>\n<\/div><\/div>\n\n\n\n<div class=\"wp-block-media-text has-media-on-the-right is-stacked-on-mobile coblocks-animate\" data-coblocks-animation=\"zoomIn\"><div class=\"wp-block-media-text__content\">\n<p class=\"has-large-font-size\"><strong>Odette Gardiner<\/strong><\/p>\n\n\n\n<p class=\"has-large-font-size\"><strong>Femmes du Monde<\/strong><\/p>\n<\/div><figure class=\"wp-block-media-text__media\"><img decoding=\"async\" src=\"https:\/\/lesheuresbleues.fr\/wp-content\/uploads\/2025\/05\/20250528-3-819x1024.png\" alt=\"\" class=\"wp-image-1236624 size-full\"\/><\/figure><\/div>\n\n\n\n<div class=\"wp-block-media-text is-stacked-on-mobile\"><figure class=\"wp-block-media-text__media\"><img decoding=\"async\" src=\"https:\/\/lesheuresbleues.fr\/wp-content\/uploads\/2025\/05\/20250528-5-819x1024.png\" alt=\"\" class=\"wp-image-1236626 size-full\"\/><\/figure><div class=\"wp-block-media-text__content\">\n<p class=\"has-large-font-size\"><strong>Catherine Heuz\u00e9<\/strong><\/p>\n\n\n\n<p class=\"has-large-font-size\"><strong>Japan in mind<\/strong><\/p>\n<\/div><\/div>\n\n\n\n<p class=\"has-large-font-size\" style=\"line-height:1.1\"><br><\/p>\n\n\n\n<figure class=\"wp-block-image size-large coblocks-animate\" data-coblocks-animation=\"clipHorizontal\"><img decoding=\"async\" src=\"https:\/\/lesheuresbleues.fr\/wp-content\/uploads\/2025\/05\/20250528-2-819x1024.png\" alt=\"\" class=\"wp-image-1236628\"\/><\/figure>\n","protected":false},"excerpt":{"rendered":"<p>L&rsquo;exposition de photographies 2025 sera consacr\u00e9e \u00e0 des femmes photographes, a des regards de femme sur le monde. Plongez dans un univers photographique o\u00f9 la lumi\u00e8re r\u00e9v\u00e8le la sensibilit\u00e9 de trois femmes artistes. Une exposition qui met en lumi\u00e8re une pluralit\u00e9 de regards et de techniques, explorant des th\u00e8mes multiples et vari\u00e9es. travers leurs objectifs, &hellip; <a href=\"http:\/\/lesheuresbleues.fr\/?page_id=1236531\" class=\"more-link\">Continuer la lecture de <span class=\"screen-reader-text\">Exposition photos Lumi\u00e8res d&rsquo;Elles<\/span>  <span class=\"meta-nav\">&rarr;<\/span><\/a><\/p>\n","protected":false},"author":158175784,"featured_media":0,"parent":0,"menu_order":0,"comment_status":"closed","ping_status":"closed","template":"","meta":{"_coblocks_attr":"","_coblocks_dimensions":"","_coblocks_responsive_height":"","_coblocks_accordion_ie_support":"","footnotes":""},"class_list":["post-1236531","page","type-page","status-publish","hentry"],"_links":{"self":[{"href":"http:\/\/lesheuresbleues.fr\/index.php?rest_route=\/wp\/v2\/pages\/1236531","targetHints":{"allow":["GET"]}}],"collection":[{"href":"http:\/\/lesheuresbleues.fr\/index.php?rest_route=\/wp\/v2\/pages"}],"about":[{"href":"http:\/\/lesheuresbleues.fr\/index.php?rest_route=\/wp\/v2\/types\/page"}],"author":[{"embeddable":true,"href":"http:\/\/lesheuresbleues.fr\/index.php?rest_route=\/wp\/v2\/users\/158175784"}],"replies":[{"embeddable":true,"href":"http:\/\/lesheuresbleues.fr\/index.php?rest_route=%2Fwp%2Fv2%2Fcomments&post=1236531"}],"version-history":[{"count":0,"href":"http:\/\/lesheuresbleues.fr\/index.php?rest_route=\/wp\/v2\/pages\/1236531\/revisions"}],"wp:attachment":[{"href":"http:\/\/lesheuresbleues.fr\/index.php?rest_route=%2Fwp%2Fv2%2Fmedia&parent=1236531"}],"curies":[{"name":"wp","href":"https:\/\/api.w.org\/{rel}","templated":true}]}}