{"id":1236431,"date":"2025-04-21T17:59:41","date_gmt":"2025-04-21T15:59:41","guid":{"rendered":"https:\/\/lesheuresbleues.fr\/?page_id=1236431"},"modified":"2025-04-21T18:46:55","modified_gmt":"2025-04-21T16:46:55","slug":"guinguette-hot-club","status":"publish","type":"page","link":"http:\/\/lesheuresbleues.fr\/?page_id=1236431","title":{"rendered":"Guinguette Hot Club"},"content":{"rendered":"\n<p>Le Guinguette Hot Club revisite le bal populaire dans sa version la plus festive et la plus d\u00e9jant\u00e9e!<\/p>\n\n\n<div class=\"wp-block-image\">\n<figure class=\"aligncenter size-large\"><img loading=\"lazy\" decoding=\"async\" width=\"1024\" height=\"692\" src=\"https:\/\/lesheuresbleues.fr\/wp-content\/uploads\/2025\/04\/2025-GHC-5-1024x692.jpg\" alt=\"\" class=\"wp-image-1236438\" srcset=\"http:\/\/lesheuresbleues.fr\/wp-content\/uploads\/2025\/04\/2025-GHC-5-1024x692.jpg 1024w, http:\/\/lesheuresbleues.fr\/wp-content\/uploads\/2025\/04\/2025-GHC-5-300x203.jpg 300w, http:\/\/lesheuresbleues.fr\/wp-content\/uploads\/2025\/04\/2025-GHC-5-768x519.jpg 768w, http:\/\/lesheuresbleues.fr\/wp-content\/uploads\/2025\/04\/2025-GHC-5-1536x1038.jpg 1536w, http:\/\/lesheuresbleues.fr\/wp-content\/uploads\/2025\/04\/2025-GHC-5.jpg 2048w\" sizes=\"auto, (max-width: 1024px) 100vw, 1024px\" \/><\/figure>\n<\/div>\n\n\n<p>De Piaf aux Ogres de Barback, de Brel aux T\u00eates Raides, de Bella Ciao au Livre de la Jungle, le collectif rassemble toutes les g\u00e9n\u00e9rations et tous les milieux, en d\u00e9tricotant et reprisant des chansons populaires, dynamit\u00e9es par des arrangements originaux, explosifs et audacieux!<\/p>\n\n\n\n<p>Le collectif propage sur sc\u00e8ne comme sur la piste une r\u00e9elle fi\u00e8vre et une \u00e9nergie brute, o\u00f9 la convivialit\u00e9 et le partage deviennent les seuls mots d\u2019ordre. Cuivres, batterie, percussions et basse se m\u00ealent aux voix, guitares, ukul\u00e9l\u00e9, violon, fl\u00fbte et m\u00eame cornemuse!<\/p>\n\n\n\n<p>Les P\u2019tits Papiers prennent alors des allures de folklore slave, \u00e0 5h00 Paris s\u2019\u00e9veille en Tziganie, la foule s\u2019emporte sur une rumba gitane, et les Perles de pluie viennent vraiment de pays o\u00f9 il ne pleut pas &#8230; Un spectacle o\u00f9 l\u2019on finit \u00e9tonn\u00e9, parfois \u00e9puis\u00e9 d\u2019avoir trop dans\u00e9, souvent tr\u00e8s heureux, mais toujours on en redemande !!!<\/p>\n\n\n\n<p><strong>Aux Heures Bleues samedi 5 juillet 2025<\/strong><\/p>\n\n\n\n<p>Retrouvez les sur leur site Internet: <a href=\"https:\/\/www.guinguettehotclub.com\/\" target=\"_blank\" rel=\"noreferrer noopener\">https:\/\/www.guinguettehotclub.com\/<\/a><\/p>\n","protected":false},"excerpt":{"rendered":"<p>Le Guinguette Hot Club revisite le bal populaire dans sa version la plus festive et la plus d\u00e9jant\u00e9e! De Piaf aux Ogres de Barback, de Brel aux T\u00eates Raides, de Bella Ciao au Livre de la Jungle, le collectif rassemble toutes les g\u00e9n\u00e9rations et tous les milieux, en d\u00e9tricotant et reprisant des chansons populaires, dynamit\u00e9es &hellip; <a href=\"http:\/\/lesheuresbleues.fr\/?page_id=1236431\" class=\"more-link\">Continuer la lecture de <span class=\"screen-reader-text\">Guinguette Hot Club<\/span>  <span class=\"meta-nav\">&rarr;<\/span><\/a><\/p>\n","protected":false},"author":158175784,"featured_media":0,"parent":340,"menu_order":0,"comment_status":"closed","ping_status":"closed","template":"","meta":{"_coblocks_attr":"","_coblocks_dimensions":"","_coblocks_responsive_height":"","_coblocks_accordion_ie_support":"","footnotes":""},"class_list":["post-1236431","page","type-page","status-publish","hentry"],"_links":{"self":[{"href":"http:\/\/lesheuresbleues.fr\/index.php?rest_route=\/wp\/v2\/pages\/1236431","targetHints":{"allow":["GET"]}}],"collection":[{"href":"http:\/\/lesheuresbleues.fr\/index.php?rest_route=\/wp\/v2\/pages"}],"about":[{"href":"http:\/\/lesheuresbleues.fr\/index.php?rest_route=\/wp\/v2\/types\/page"}],"author":[{"embeddable":true,"href":"http:\/\/lesheuresbleues.fr\/index.php?rest_route=\/wp\/v2\/users\/158175784"}],"replies":[{"embeddable":true,"href":"http:\/\/lesheuresbleues.fr\/index.php?rest_route=%2Fwp%2Fv2%2Fcomments&post=1236431"}],"version-history":[{"count":0,"href":"http:\/\/lesheuresbleues.fr\/index.php?rest_route=\/wp\/v2\/pages\/1236431\/revisions"}],"up":[{"embeddable":true,"href":"http:\/\/lesheuresbleues.fr\/index.php?rest_route=\/wp\/v2\/pages\/340"}],"wp:attachment":[{"href":"http:\/\/lesheuresbleues.fr\/index.php?rest_route=%2Fwp%2Fv2%2Fmedia&parent=1236431"}],"curies":[{"name":"wp","href":"https:\/\/api.w.org\/{rel}","templated":true}]}}