{"id":1236420,"date":"2025-04-20T23:47:12","date_gmt":"2025-04-20T21:47:12","guid":{"rendered":"https:\/\/lesheuresbleues.fr\/?page_id=1236420"},"modified":"2025-04-21T18:49:28","modified_gmt":"2025-04-21T16:49:28","slug":"golden-goat","status":"publish","type":"page","link":"http:\/\/lesheuresbleues.fr\/?page_id=1236420","title":{"rendered":"Golden Goat"},"content":{"rendered":"<div class=\"wp-block-image\">\n<figure class=\"aligncenter size-large\"><img loading=\"lazy\" decoding=\"async\" width=\"1024\" height=\"683\" src=\"https:\/\/lesheuresbleues.fr\/wp-content\/uploads\/2025\/04\/2025-Golden-Goat-02-1024x683.jpg\" alt=\"\" class=\"wp-image-1236422\" srcset=\"http:\/\/lesheuresbleues.fr\/wp-content\/uploads\/2025\/04\/2025-Golden-Goat-02-1024x683.jpg 1024w, http:\/\/lesheuresbleues.fr\/wp-content\/uploads\/2025\/04\/2025-Golden-Goat-02-300x200.jpg 300w, http:\/\/lesheuresbleues.fr\/wp-content\/uploads\/2025\/04\/2025-Golden-Goat-02-768x512.jpg 768w, http:\/\/lesheuresbleues.fr\/wp-content\/uploads\/2025\/04\/2025-Golden-Goat-02-1536x1024.jpg 1536w, http:\/\/lesheuresbleues.fr\/wp-content\/uploads\/2025\/04\/2025-Golden-Goat-02-2048x1365.jpg 2048w\" sizes=\"auto, (max-width: 1024px) 100vw, 1024px\" \/><\/figure>\n<\/div>\n\n\n<p>Golden Goat est un groupe de 7 musiciens issus de diff\u00e9rents<br>univers musicaux (jazz, classique, musique traditionnelle, rock) qui<br>se sont r\u00e9unis pour vous faire partager leur vision de la musique<br>irlandaise. Laissez-vous porter par les fl\u00fbtes Irlandaises, le violon, les<br>guitares, les percussions, le chant et les cornemuses dans un<br>style et des tenues des ann\u00e9es 1920 \u00e0 l\u2019\u00e9poque de la prohibition. Ils sont accompagn\u00e9s de danseuses et danseurs.<\/p>\n\n\n\n<p><strong>Golden Goat sera aux Heures Bleues vendredi 4 juillet 2025.<\/strong><\/p>\n\n\n<div class=\"wp-block-image\">\n<figure class=\"aligncenter size-large\"><img loading=\"lazy\" decoding=\"async\" width=\"1024\" height=\"683\" src=\"https:\/\/lesheuresbleues.fr\/wp-content\/uploads\/2025\/04\/2025-Golden-Goat-01-1024x683.jpg\" alt=\"\" class=\"wp-image-1236424\" srcset=\"http:\/\/lesheuresbleues.fr\/wp-content\/uploads\/2025\/04\/2025-Golden-Goat-01-1024x683.jpg 1024w, http:\/\/lesheuresbleues.fr\/wp-content\/uploads\/2025\/04\/2025-Golden-Goat-01-300x200.jpg 300w, http:\/\/lesheuresbleues.fr\/wp-content\/uploads\/2025\/04\/2025-Golden-Goat-01-768x512.jpg 768w, http:\/\/lesheuresbleues.fr\/wp-content\/uploads\/2025\/04\/2025-Golden-Goat-01-1536x1024.jpg 1536w, http:\/\/lesheuresbleues.fr\/wp-content\/uploads\/2025\/04\/2025-Golden-Goat-01-2048x1365.jpg 2048w\" sizes=\"auto, (max-width: 1024px) 100vw, 1024px\" \/><\/figure>\n<\/div>","protected":false},"excerpt":{"rendered":"<p>Golden Goat est un groupe de 7 musiciens issus de diff\u00e9rentsunivers musicaux (jazz, classique, musique traditionnelle, rock) quise sont r\u00e9unis pour vous faire partager leur vision de la musiqueirlandaise. Laissez-vous porter par les fl\u00fbtes Irlandaises, le violon, lesguitares, les percussions, le chant et les cornemuses dans unstyle et des tenues des ann\u00e9es 1920 \u00e0 l\u2019\u00e9poque &hellip; <a href=\"http:\/\/lesheuresbleues.fr\/?page_id=1236420\" class=\"more-link\">Continuer la lecture de <span class=\"screen-reader-text\">Golden Goat<\/span>  <span class=\"meta-nav\">&rarr;<\/span><\/a><\/p>\n","protected":false},"author":158175784,"featured_media":0,"parent":340,"menu_order":0,"comment_status":"closed","ping_status":"closed","template":"","meta":{"_coblocks_attr":"","_coblocks_dimensions":"","_coblocks_responsive_height":"","_coblocks_accordion_ie_support":"","footnotes":""},"class_list":["post-1236420","page","type-page","status-publish","hentry"],"_links":{"self":[{"href":"http:\/\/lesheuresbleues.fr\/index.php?rest_route=\/wp\/v2\/pages\/1236420","targetHints":{"allow":["GET"]}}],"collection":[{"href":"http:\/\/lesheuresbleues.fr\/index.php?rest_route=\/wp\/v2\/pages"}],"about":[{"href":"http:\/\/lesheuresbleues.fr\/index.php?rest_route=\/wp\/v2\/types\/page"}],"author":[{"embeddable":true,"href":"http:\/\/lesheuresbleues.fr\/index.php?rest_route=\/wp\/v2\/users\/158175784"}],"replies":[{"embeddable":true,"href":"http:\/\/lesheuresbleues.fr\/index.php?rest_route=%2Fwp%2Fv2%2Fcomments&post=1236420"}],"version-history":[{"count":0,"href":"http:\/\/lesheuresbleues.fr\/index.php?rest_route=\/wp\/v2\/pages\/1236420\/revisions"}],"up":[{"embeddable":true,"href":"http:\/\/lesheuresbleues.fr\/index.php?rest_route=\/wp\/v2\/pages\/340"}],"wp:attachment":[{"href":"http:\/\/lesheuresbleues.fr\/index.php?rest_route=%2Fwp%2Fv2%2Fmedia&parent=1236420"}],"curies":[{"name":"wp","href":"https:\/\/api.w.org\/{rel}","templated":true}]}}