{"id":1122586,"date":"2024-09-02T16:19:54","date_gmt":"2024-09-02T14:19:54","guid":{"rendered":"https:\/\/lesheuresbleues.fr\/?page_id=1122586"},"modified":"2024-11-02T16:20:28","modified_gmt":"2024-11-02T15:20:28","slug":"les-heures-bleues-2024-quand-la-musique-reunit-les-etoiles-invitent-au-voyage","status":"publish","type":"page","link":"http:\/\/lesheuresbleues.fr\/?page_id=1122586","title":{"rendered":"Les Heures Bleues 2024: Quand la musique r\u00e9unit, les \u00e9toiles invitent au voyage"},"content":{"rendered":"\n<p><\/p>\n\n\n\n<p>Cette \u00e9dition 2024 du festival \u00abLes Heures Bleues\u00bb a permis de poser cet \u00e9v\u00e8nement comme un de ceux qui font le paysage culturel de notre r\u00e9gion.<\/p>\n\n\n\n<p>Peut-\u00eatre Marcel Pagnol nous a-t-il aid\u00e9, d\u2019une fa\u00e7on ou d\u2019une autre, en partageant sa l\u00e9gendaire bonne humeur. Cela doit bien l\u2019amuser que l\u2019un des ch\u00e2teaux qu\u2019il traversait en cachette avec sa famille, le Ch\u00e2teau Saint-Antoine, accueille de nos jours, sous la houlette de la Grande Loge de France, des manifestations culturelles, des conf\u00e9rences publiques et surtout le festival des Heures Bleues. Pagnol aurait sans doute aim\u00e9 d\u00e9crire ces moments si particuliers o\u00f9 la fraternit\u00e9 s\u2019exprime simplement, dans la joie, la paix et l\u2019amour.<\/p>\n\n\n\n<p>Au terme de ces trois soir\u00e9es, qui se sont d\u00e9roul\u00e9es les 4, 5 et 6 juillet, un constat, celui de la constance puisqu\u2019elles auront r\u00e9unies pr\u00e8s de 1300 festivaliers, tout comme la pr\u00e9c\u00e9dente \u00e9dition en 2023. Et \u00e0 son habitude, le festival aura ouvert chacune d\u2019elle par les d\u00e9ambulations musicales. Les trois formations \u00e0 l\u2019\u0153uvre,\u00a0<em>La Guinguette Improbable, Les Buzz Brothers et Mississipi Boys,<\/em>\u00a0ont su cr\u00e9er un lien entre tous tandis que le jour d\u00e9croissait lentement. Ces moments sont pr\u00e9cieux, rares et attendus. Ils permettent de prendre le temps, hors du temps, dans un esprit de partage pour se retrouver ou se rencontrer.<\/p>\n\n\n<div class=\"wp-block-image is-style-rounded\">\n<figure class=\"aligncenter size-large\"><img loading=\"lazy\" decoding=\"async\" width=\"673\" height=\"1024\" src=\"https:\/\/lesheuresbleues.fr\/wp-content\/uploads\/2024\/07\/2024-Chateau-trombone-673x1024.jpeg\" alt=\"\" class=\"wp-image-1010933\" srcset=\"http:\/\/lesheuresbleues.fr\/wp-content\/uploads\/2024\/07\/2024-Chateau-trombone-673x1024.jpeg 673w, http:\/\/lesheuresbleues.fr\/wp-content\/uploads\/2024\/07\/2024-Chateau-trombone-197x300.jpeg 197w, http:\/\/lesheuresbleues.fr\/wp-content\/uploads\/2024\/07\/2024-Chateau-trombone-768x1168.jpeg 768w, http:\/\/lesheuresbleues.fr\/wp-content\/uploads\/2024\/07\/2024-Chateau-trombone-1010x1536.jpeg 1010w, http:\/\/lesheuresbleues.fr\/wp-content\/uploads\/2024\/07\/2024-Chateau-trombone.jpeg 1052w\" sizes=\"auto, (max-width: 673px) 100vw, 673px\" \/><\/figure>\n<\/div>\n\n\n<p><br>Chaque soir ils pr\u00e9c\u00e9daient les&nbsp;<em>Primis<\/em>, ces jeunes talents issus de l\u2019IESM d\u2019Aix- en-Provence (Institut d\u2019enseignement Sup\u00e9rieur de la Musique). Pour leur rendre justice, il faut bien plus de quelques lignes pour rapporter l\u2019exceptionnel maturit\u00e9 de ces trois formations.&nbsp;<em>Reverso,<\/em>&nbsp;un quatuor \u00e0 cordes,&nbsp;<em>Azal\u00e9e,<\/em>&nbsp;un quintette de cuivres, Half<em>-Four,<\/em>&nbsp;un groupe de jazz ont offert des instants subtiles et intenses qui ont d\u00fb r\u00e9sonner longtemps encore apr\u00e8s qu\u2019ils aient salu\u00e9 un public enthousiaste.<\/p>\n\n\n\n<p>Cet \u00e9gr\u00e9gore, qu\u2019ils ont su propager, a perdur\u00e9 avec des artistes connus et appr\u00e9ci\u00e9s qui ont marqu\u00e9 par leur volont\u00e9 d\u2019en faire un moment unique. Trois univers diff\u00e9rents pour f\u00eater la diversit\u00e9 de la musique, cette langue commune \u00e0 tous. Marie de Tourris nous a offert au piano des interpr\u00e9tations fortes de grands compositeurs de Chopin \u00e0 Liszt, privil\u00e9giant l\u2019harmonie vibratoire. Massilia Sounds Gospel, \u00e0 travers leurs rythmes enthousiastes, ces chants \u00e9nerg\u00e9tiques et spirituels, ont faits un bouillonnement de vie. Philippe Petrucciani et son quartet de jazz avec la voix intense Nathalie Blanc ont offert un final intense aux accents jazzy \u00e0 cette quatri\u00e8me \u00e9dition des Heures Bleues.<\/p>\n\n\n\n<p>Le Festival a, comme chaque ann\u00e9e, mis \u00e0 l\u2019honneur l\u2019art de l\u2019image. Cinq exposants pr\u00e9sentaient leurs photos et se sont vus r\u00e9compens\u00e9s par des prix remis par notre Tr\u00e8s Respectable Grand Maitre, Thierry Zaveroni. Le premier est all\u00e9 \u00e0 Aur\u00e9lien Saujat, le second \u00e0 Jean-Pierre Peretti, le troisi\u00e8me \u00e0 Anne Hubinet.<\/p>\n\n\n\n<p>Le Comptoir du livre aura accueilli celles et ceux int\u00e9ress\u00e9s par la richesse des ouvrages propos\u00e9s et nourrit des rencontres qui porteront peut-\u00eatre les fruits de quelques autres.<\/p>\n\n\n\n<p>Il aura fallu une ann\u00e9e de travail ainsi que la volont\u00e9, la disponibilit\u00e9 et la bonne humeur des 60 volontaires pour voir ces trois soir\u00e9es mises en \u0153uvre par Saint Jean d\u2019\u00c9cosse tenir leurs promesses avec toutes celles et tous ceux qui auront fait vivre par leur pr\u00e9sence le sens des Heures Bleues.<\/p>\n\n\n\n<p>Cette quatri\u00e8me \u00e9dition du festival \u00abLes Heures Bleues\u00bb aura permis de faire vivre l\u2019id\u00e9e de Platon se laquelle \u00ab<em>La musique donne une \u00e2me \u00e0 nos c\u0153urs et des ailes \u00e0 la pens\u00e9e<\/em>\u00bb, tout en tra\u00e7ant la voie \u00e0 notre prochain rendez-vous en 2025 qui proposera une nouvelle fois \u00e0 un voyage musical sous les \u00e9toiles.<\/p>\n\n\n<div class=\"wp-block-image is-style-rounded\">\n<figure class=\"aligncenter size-medium\"><img loading=\"lazy\" decoding=\"async\" width=\"300\" height=\"200\" src=\"https:\/\/lesheuresbleues.fr\/wp-content\/uploads\/2023\/07\/CSA-1-300x200.jpg\" alt=\"\" class=\"wp-image-648216\" srcset=\"http:\/\/lesheuresbleues.fr\/wp-content\/uploads\/2023\/07\/CSA-1-300x200.jpg 300w, http:\/\/lesheuresbleues.fr\/wp-content\/uploads\/2023\/07\/CSA-1-1024x683.jpg 1024w, http:\/\/lesheuresbleues.fr\/wp-content\/uploads\/2023\/07\/CSA-1-768x512.jpg 768w, http:\/\/lesheuresbleues.fr\/wp-content\/uploads\/2023\/07\/CSA-1-1536x1024.jpg 1536w, http:\/\/lesheuresbleues.fr\/wp-content\/uploads\/2023\/07\/CSA-1-2048x1365.jpg 2048w\" sizes=\"auto, (max-width: 300px) 100vw, 300px\" \/><\/figure>\n<\/div>\n\n\n<p>Et nous avons \u00e9t\u00e9 labellis\u00e9s \u00ab\u00a0Ecofest 2024\u00a0\u00bb.<\/p>\n\n\n<div class=\"wp-block-image\">\n<figure class=\"aligncenter size-large is-resized\"><img loading=\"lazy\" decoding=\"async\" width=\"1024\" height=\"1024\" src=\"https:\/\/lesheuresbleues.fr\/wp-content\/uploads\/2024\/11\/Logo-Ecofest-labellise-_2024_-1024x1024.png\" alt=\"\" class=\"wp-image-1122688\" style=\"object-fit:cover;width:300px;height:300px\" srcset=\"http:\/\/lesheuresbleues.fr\/wp-content\/uploads\/2024\/11\/Logo-Ecofest-labellise-_2024_-1024x1024.png 1024w, http:\/\/lesheuresbleues.fr\/wp-content\/uploads\/2024\/11\/Logo-Ecofest-labellise-_2024_-300x300.png 300w, http:\/\/lesheuresbleues.fr\/wp-content\/uploads\/2024\/11\/Logo-Ecofest-labellise-_2024_-150x150.png 150w, http:\/\/lesheuresbleues.fr\/wp-content\/uploads\/2024\/11\/Logo-Ecofest-labellise-_2024_-768x768.png 768w, http:\/\/lesheuresbleues.fr\/wp-content\/uploads\/2024\/11\/Logo-Ecofest-labellise-_2024_-1536x1536.png 1536w, http:\/\/lesheuresbleues.fr\/wp-content\/uploads\/2024\/11\/Logo-Ecofest-labellise-_2024_.png 1563w\" sizes=\"auto, (max-width: 1024px) 100vw, 1024px\" \/><\/figure>\n<\/div>\n\n\n<p>Vous pouvez t\u00e9l\u00e9charger le rapport d&rsquo;audit.<\/p>\n\n\n\n<div data-wp-interactive=\"core\/file\" class=\"wp-block-file\"><object data-wp-bind--hidden=\"!state.hasPdfPreview\" hidden class=\"wp-block-file__embed\" data=\"https:\/\/lesheuresbleues.fr\/wp-content\/uploads\/2024\/11\/2024-Ecobilan-final-les-heures-bleues.pdf\" type=\"application\/pdf\" style=\"width:100%;height:600px\" aria-label=\"Contenu embarqu\u00e9 2024 Ecobilan final les heures bleues.\"><\/object><a id=\"wp-block-file--media-35dbc823-bc53-4b90-b376-0f90614707f8\" href=\"https:\/\/lesheuresbleues.fr\/wp-content\/uploads\/2024\/11\/2024-Ecobilan-final-les-heures-bleues.pdf\">2024 Ecobilan final les heures bleues<\/a><a href=\"https:\/\/lesheuresbleues.fr\/wp-content\/uploads\/2024\/11\/2024-Ecobilan-final-les-heures-bleues.pdf\" class=\"wp-block-file__button wp-element-button\" download aria-describedby=\"wp-block-file--media-35dbc823-bc53-4b90-b376-0f90614707f8\">T\u00e9l\u00e9charger<\/a><\/div>\n","protected":false},"excerpt":{"rendered":"<p>Cette \u00e9dition 2024 du festival \u00abLes Heures Bleues\u00bb a permis de poser cet \u00e9v\u00e8nement comme un de ceux qui font le paysage culturel de notre r\u00e9gion. Peut-\u00eatre Marcel Pagnol nous a-t-il aid\u00e9, d\u2019une fa\u00e7on ou d\u2019une autre, en partageant sa l\u00e9gendaire bonne humeur. Cela doit bien l\u2019amuser que l\u2019un des ch\u00e2teaux qu\u2019il traversait en cachette &hellip; <a href=\"http:\/\/lesheuresbleues.fr\/?page_id=1122586\" class=\"more-link\">Continuer la lecture de <span class=\"screen-reader-text\">Les Heures Bleues 2024: Quand la musique r\u00e9unit, les \u00e9toiles invitent au voyage<\/span>  <span class=\"meta-nav\">&rarr;<\/span><\/a><\/p>\n","protected":false},"author":143852627,"featured_media":0,"parent":0,"menu_order":0,"comment_status":"closed","ping_status":"closed","template":"","meta":{"_coblocks_attr":"","_coblocks_dimensions":"","_coblocks_responsive_height":"","_coblocks_accordion_ie_support":"","footnotes":""},"class_list":["post-1122586","page","type-page","status-publish","hentry"],"_links":{"self":[{"href":"http:\/\/lesheuresbleues.fr\/index.php?rest_route=\/wp\/v2\/pages\/1122586","targetHints":{"allow":["GET"]}}],"collection":[{"href":"http:\/\/lesheuresbleues.fr\/index.php?rest_route=\/wp\/v2\/pages"}],"about":[{"href":"http:\/\/lesheuresbleues.fr\/index.php?rest_route=\/wp\/v2\/types\/page"}],"author":[{"embeddable":true,"href":"http:\/\/lesheuresbleues.fr\/index.php?rest_route=\/wp\/v2\/users\/143852627"}],"replies":[{"embeddable":true,"href":"http:\/\/lesheuresbleues.fr\/index.php?rest_route=%2Fwp%2Fv2%2Fcomments&post=1122586"}],"version-history":[{"count":0,"href":"http:\/\/lesheuresbleues.fr\/index.php?rest_route=\/wp\/v2\/pages\/1122586\/revisions"}],"wp:attachment":[{"href":"http:\/\/lesheuresbleues.fr\/index.php?rest_route=%2Fwp%2Fv2%2Fmedia&parent=1122586"}],"curies":[{"name":"wp","href":"https:\/\/api.w.org\/{rel}","templated":true}]}}