{"id":106,"date":"2021-01-29T17:32:05","date_gmt":"2021-01-29T16:32:05","guid":{"rendered":"https:\/\/lesheuresbleues.fr\/?page_id=106"},"modified":"2023-05-06T23:09:55","modified_gmt":"2023-05-06T21:09:55","slug":"les-partenaires-qui-nous-soutiennent-financierement","status":"publish","type":"page","link":"http:\/\/lesheuresbleues.fr\/?page_id=106","title":{"rendered":"Ils ont soutenu Les Heures Bleues 2022"},"content":{"rendered":"\n<p style=\"font-size:18px\"><strong><em>Un festival, si grand soit son succ\u00e8s, ne peut construire son \u00e9quilibre financier sur la seule billetterie, il a besoin de subventions et de m\u00e9c\u00e9nats.<br>Nous remercions donc tous nos soutiens financiers pour l&rsquo;int\u00e9r\u00eat qu&rsquo;ils portent \u00e0 la culture et aux valeurs du festival.<\/em><\/strong><\/p>\n\n\n\n<hr class=\"wp-block-separator has-alpha-channel-opacity\"\/>\n\n\n\n<h2 class=\"wp-block-heading\">Les subventions publiques<\/h2>\n\n\n\n<div class=\"wp-block-media-text alignwide is-stacked-on-mobile is-vertically-aligned-center is-style-default\" style=\"grid-template-columns:46% auto\"><figure class=\"wp-block-media-text__media\"><a href=\"https:\/\/www.maregionsud.fr\" target=\"_blank\" rel=\"noopener\"><img loading=\"lazy\" decoding=\"async\" width=\"1024\" height=\"591\" src=\"https:\/\/lesheuresbleues.fr\/wp-content\/uploads\/2021\/01\/Logo-Region-Sud-Vertical-LOGO-2-QUADRI-1024x591.jpg\" alt=\"\" class=\"wp-image-179374 size-full\" srcset=\"http:\/\/lesheuresbleues.fr\/wp-content\/uploads\/2021\/01\/Logo-Region-Sud-Vertical-LOGO-2-QUADRI-1024x591.jpg 1024w, http:\/\/lesheuresbleues.fr\/wp-content\/uploads\/2021\/01\/Logo-Region-Sud-Vertical-LOGO-2-QUADRI-300x173.jpg 300w, http:\/\/lesheuresbleues.fr\/wp-content\/uploads\/2021\/01\/Logo-Region-Sud-Vertical-LOGO-2-QUADRI-768x443.jpg 768w, http:\/\/lesheuresbleues.fr\/wp-content\/uploads\/2021\/01\/Logo-Region-Sud-Vertical-LOGO-2-QUADRI.jpg 1489w\" sizes=\"auto, (max-width: 1024px) 100vw, 1024px\" \/><\/a><\/figure><div class=\"wp-block-media-text__content\">\n<p style=\"font-size:11px\">V\u00e9ritable source d\u2019inspiration, la R\u00e9gion Sud est une terre d\u2019exception, o\u00f9 s\u2019expriment les talents et se croisent les artistes de tous horizons.&nbsp;Synonyme de libert\u00e9, cr\u00e9ateur de lien social, et v\u00e9ritable rempart contre l\u2019obscurantisme, la culture est pour autant bien plus qu\u2019un simple suppl\u00e9ment d\u2019\u00e2me.&nbsp;<\/p>\n<\/div><\/div>\n\n\n\n<p><strong><em>La r\u00e9gion Sud a soutenu le festival 2022 par une subvention qui nous a \u00e9t\u00e9 notifi\u00e9e d\u00e9but juillet, et nous la remercions vivement pour cela.<\/em><\/strong><\/p>\n\n\n\n<hr class=\"wp-block-separator has-alpha-channel-opacity\"\/>\n\n\n<div class=\"wp-block-image\">\n<figure class=\"aligncenter size-full\"><img loading=\"lazy\" decoding=\"async\" width=\"408\" height=\"123\" src=\"https:\/\/lesheuresbleues.fr\/wp-content\/uploads\/2022\/06\/logo-ville-de-marseille-2.png\" alt=\"\" class=\"wp-image-390964\" srcset=\"http:\/\/lesheuresbleues.fr\/wp-content\/uploads\/2022\/06\/logo-ville-de-marseille-2.png 408w, http:\/\/lesheuresbleues.fr\/wp-content\/uploads\/2022\/06\/logo-ville-de-marseille-2-300x90.png 300w\" sizes=\"auto, (max-width: 408px) 100vw, 408px\" \/><\/figure>\n<\/div>\n\n\n<p>La ville de Marseille a \u00e9t\u00e9 sollicit\u00e9e pour soutenir le festival en 2022.<\/p>\n\n\n\n<hr class=\"wp-block-separator has-alpha-channel-opacity\"\/>\n\n\n<div class=\"wp-block-image\">\n<figure class=\"aligncenter size-large is-resized\"><img loading=\"lazy\" decoding=\"async\" src=\"https:\/\/lesheuresbleues.fr\/wp-content\/uploads\/2022\/06\/Logo-departement-13.-1024x271.png\" alt=\"\" class=\"wp-image-390958\" width=\"512\" height=\"136\" srcset=\"http:\/\/lesheuresbleues.fr\/wp-content\/uploads\/2022\/06\/Logo-departement-13.-1024x271.png 1024w, http:\/\/lesheuresbleues.fr\/wp-content\/uploads\/2022\/06\/Logo-departement-13.-300x79.png 300w, http:\/\/lesheuresbleues.fr\/wp-content\/uploads\/2022\/06\/Logo-departement-13.-768x203.png 768w, http:\/\/lesheuresbleues.fr\/wp-content\/uploads\/2022\/06\/Logo-departement-13.-1536x406.png 1536w, http:\/\/lesheuresbleues.fr\/wp-content\/uploads\/2022\/06\/Logo-departement-13.-2048x542.png 2048w\" sizes=\"auto, (max-width: 512px) 100vw, 512px\" \/><\/figure>\n<\/div>\n\n\n<p>La d\u00e9partement des Bouches-du-R\u00f4ne a \u00e9t\u00e9 sollicit\u00e9 pour soutenir le festival en 2022.<\/p>\n\n\n\n<hr class=\"wp-block-separator has-alpha-channel-opacity\"\/>\n\n\n\n<h2 class=\"wp-block-heading\">Les m\u00e9c\u00e8nes et les partenaires<\/h2>\n\n\n\n<p><strong><em>Ils nous ont subventionn\u00e9 financi\u00e8rement, ou bien ils nous ont consenti, pour leurs prestations, des tarifs pr\u00e9f\u00e9rentiels et une disponibilit\u00e9 de tous les instants, ou bien ils ont largement diffus\u00e9 l&rsquo;information sur notre festival. Nous les en remercions tous.<\/em><\/strong><\/p>\n\n\n\n<div class=\"wp-block-jetpack-tiled-gallery is-style-rectangular\"><div class=\"tiled-gallery__gallery\"><div class=\"tiled-gallery__row\"><div class=\"tiled-gallery__col\" style=\"flex-basis:100.00000%\"><figure class=\"tiled-gallery__item\"><img decoding=\"async\" alt=\"\" data-height=\"201\" data-id=\"392058\" data-link=\"https:\/\/lesheuresbleues.fr\/les-partenaires-qui-nous-soutiennent-financierement\/altezza\/\" data-url=\"https:\/\/lesheuresbleues.fr\/wp-content\/uploads\/2022\/06\/Altezza.png\" data-width=\"642\" src=\"https:\/\/i1.wp.com\/lesheuresbleues.fr\/wp-content\/uploads\/2022\/06\/Altezza.png?ssl=1\" data-amp-layout=\"responsive\"\/><\/figure><\/div><\/div><div class=\"tiled-gallery__row\"><div class=\"tiled-gallery__col\" style=\"flex-basis:63.95281%\"><figure class=\"tiled-gallery__item\"><img decoding=\"async\" alt=\"\" data-height=\"431\" data-id=\"392160\" data-link=\"https:\/\/lesheuresbleues.fr\/les-partenaires-qui-nous-soutiennent-financierement\/mistral-club-aix-noir-2\/\" data-url=\"https:\/\/lesheuresbleues.fr\/wp-content\/uploads\/2022\/06\/Mistral-club-aix-noir-1.png\" data-width=\"820\" src=\"https:\/\/i1.wp.com\/lesheuresbleues.fr\/wp-content\/uploads\/2022\/06\/Mistral-club-aix-noir-1.png?ssl=1\" data-amp-layout=\"responsive\"\/><\/figure><\/div><div class=\"tiled-gallery__col\" style=\"flex-basis:36.04719%\"><figure class=\"tiled-gallery__item\"><img decoding=\"async\" alt=\"\" data-height=\"263\" data-id=\"392136\" data-link=\"https:\/\/lesheuresbleues.fr\/les-partenaires-qui-nous-soutiennent-financierement\/logo-jp-clement\/\" data-url=\"https:\/\/lesheuresbleues.fr\/wp-content\/uploads\/2022\/06\/Logo-JP-Clement.jpg\" data-width=\"281\" src=\"https:\/\/i2.wp.com\/lesheuresbleues.fr\/wp-content\/uploads\/2022\/06\/Logo-JP-Clement.jpg?ssl=1\" data-amp-layout=\"responsive\"\/><\/figure><\/div><\/div><div class=\"tiled-gallery__row\"><div class=\"tiled-gallery__col\" style=\"flex-basis:100.00000%\"><figure class=\"tiled-gallery__item\"><img decoding=\"async\" alt=\"\" data-height=\"244\" data-id=\"392124\" data-link=\"https:\/\/lesheuresbleues.fr\/les-partenaires-qui-nous-soutiennent-financierement\/credit-mutuel\/\" data-url=\"https:\/\/lesheuresbleues.fr\/wp-content\/uploads\/2022\/06\/Credit-mutuel.jpg\" data-width=\"1000\" src=\"https:\/\/i1.wp.com\/lesheuresbleues.fr\/wp-content\/uploads\/2022\/06\/Credit-mutuel.jpg?ssl=1\" data-amp-layout=\"responsive\"\/><\/figure><\/div><\/div><div class=\"tiled-gallery__row\"><div class=\"tiled-gallery__col\" style=\"flex-basis:48.68942%\"><figure class=\"tiled-gallery__item\"><img decoding=\"async\" alt=\"\" data-height=\"234\" data-id=\"392125\" data-link=\"https:\/\/lesheuresbleues.fr\/les-partenaires-qui-nous-soutiennent-financierement\/derd\/\" data-url=\"https:\/\/lesheuresbleues.fr\/wp-content\/uploads\/2022\/06\/DERD.jpg\" data-width=\"222\" src=\"https:\/\/i0.wp.com\/lesheuresbleues.fr\/wp-content\/uploads\/2022\/06\/DERD.jpg?ssl=1\" data-amp-layout=\"responsive\"\/><\/figure><\/div><div class=\"tiled-gallery__col\" style=\"flex-basis:51.31058%\"><figure class=\"tiled-gallery__item\"><img decoding=\"async\" alt=\"\" data-height=\"200\" data-id=\"392126\" data-link=\"https:\/\/lesheuresbleues.fr\/les-partenaires-qui-nous-soutiennent-financierement\/electrika\/\" data-url=\"https:\/\/lesheuresbleues.fr\/wp-content\/uploads\/2022\/06\/Electrika.png\" data-width=\"200\" src=\"https:\/\/i2.wp.com\/lesheuresbleues.fr\/wp-content\/uploads\/2022\/06\/Electrika.png?ssl=1\" data-amp-layout=\"responsive\"\/><\/figure><\/div><\/div><div class=\"tiled-gallery__row\"><div class=\"tiled-gallery__col\" style=\"flex-basis:100.00000%\"><figure class=\"tiled-gallery__item\"><img decoding=\"async\" alt=\"\" data-height=\"127\" data-id=\"392127\" data-link=\"https:\/\/lesheuresbleues.fr\/les-partenaires-qui-nous-soutiennent-financierement\/energitec-elec\/\" data-url=\"https:\/\/lesheuresbleues.fr\/wp-content\/uploads\/2022\/06\/Energitec-Elec.jpg\" data-width=\"591\" src=\"https:\/\/i1.wp.com\/lesheuresbleues.fr\/wp-content\/uploads\/2022\/06\/Energitec-Elec.jpg?ssl=1\" data-amp-layout=\"responsive\"\/><\/figure><\/div><\/div><div class=\"tiled-gallery__row\"><div class=\"tiled-gallery__col\" style=\"flex-basis:27.73353%\"><figure class=\"tiled-gallery__item\"><img decoding=\"async\" alt=\"\" data-height=\"287\" data-id=\"392135\" data-link=\"https:\/\/lesheuresbleues.fr\/les-partenaires-qui-nous-soutiennent-financierement\/proscan-2016\/\" data-url=\"https:\/\/lesheuresbleues.fr\/wp-content\/uploads\/2022\/06\/Proscan-2016.png\" data-width=\"277\" src=\"https:\/\/i2.wp.com\/lesheuresbleues.fr\/wp-content\/uploads\/2022\/06\/Proscan-2016.png?ssl=1\" data-amp-layout=\"responsive\"\/><\/figure><\/div><div class=\"tiled-gallery__col\" style=\"flex-basis:72.26647%\"><figure class=\"tiled-gallery__item\"><img decoding=\"async\" alt=\"\" data-height=\"342\" data-id=\"392134\" data-link=\"https:\/\/lesheuresbleues.fr\/les-partenaires-qui-nous-soutiennent-financierement\/sonolis-2\/\" data-url=\"https:\/\/lesheuresbleues.fr\/wp-content\/uploads\/2022\/06\/SONOLIS-2.jpg\" data-width=\"867\" src=\"https:\/\/i1.wp.com\/lesheuresbleues.fr\/wp-content\/uploads\/2022\/06\/SONOLIS-2.jpg?ssl=1\" data-amp-layout=\"responsive\"\/><\/figure><\/div><\/div><div class=\"tiled-gallery__row\"><div class=\"tiled-gallery__col\" style=\"flex-basis:100.00000%\"><figure class=\"tiled-gallery__item\"><img decoding=\"async\" alt=\"\" data-height=\"176\" data-id=\"392138\" data-link=\"https:\/\/lesheuresbleues.fr\/les-partenaires-qui-nous-soutiennent-financierement\/scotto-musique-logo-1643195821\/\" data-url=\"https:\/\/lesheuresbleues.fr\/wp-content\/uploads\/2022\/06\/scotto-musique-logo-1643195821.jpg\" data-width=\"460\" src=\"https:\/\/i2.wp.com\/lesheuresbleues.fr\/wp-content\/uploads\/2022\/06\/scotto-musique-logo-1643195821.jpg?ssl=1\" data-amp-layout=\"responsive\"\/><\/figure><\/div><\/div><div class=\"tiled-gallery__row\"><div class=\"tiled-gallery__col\" style=\"flex-basis:50.00000%\"><figure class=\"tiled-gallery__item\"><img decoding=\"async\" alt=\"\" data-height=\"225\" data-id=\"392132\" data-link=\"https:\/\/lesheuresbleues.fr\/les-partenaires-qui-nous-soutiennent-financierement\/mairie-11-12\/\" data-url=\"https:\/\/lesheuresbleues.fr\/wp-content\/uploads\/2022\/06\/mairie-11-12.png\" data-width=\"225\" src=\"https:\/\/i0.wp.com\/lesheuresbleues.fr\/wp-content\/uploads\/2022\/06\/mairie-11-12.png?ssl=1\" data-amp-layout=\"responsive\"\/><\/figure><\/div><div class=\"tiled-gallery__col\" style=\"flex-basis:50.00000%\"><figure class=\"tiled-gallery__item\"><img decoding=\"async\" alt=\"\" data-height=\"1500\" data-id=\"392128\" data-link=\"https:\/\/lesheuresbleues.fr\/les-partenaires-qui-nous-soutiennent-financierement\/f-bleu-provence-v-eps-2\/\" data-url=\"https:\/\/lesheuresbleues.fr\/wp-content\/uploads\/2022\/06\/Francebleu_provence-1024x1024.jpg\" data-width=\"1500\" src=\"https:\/\/i2.wp.com\/lesheuresbleues.fr\/wp-content\/uploads\/2022\/06\/Francebleu_provence-1024x1024.jpg?ssl=1\" data-amp-layout=\"responsive\"\/><\/figure><\/div><\/div><div class=\"tiled-gallery__row\"><div class=\"tiled-gallery__col\" style=\"flex-basis:100.00000%\"><figure class=\"tiled-gallery__item\"><img decoding=\"async\" alt=\"\" data-height=\"288\" data-id=\"392129\" data-link=\"https:\/\/lesheuresbleues.fr\/les-partenaires-qui-nous-soutiennent-financierement\/la_provence_logo-svg\/\" data-url=\"https:\/\/lesheuresbleues.fr\/wp-content\/uploads\/2022\/06\/La_Provence_logo.svg_-1024x230.png\" data-width=\"1280\" src=\"https:\/\/i1.wp.com\/lesheuresbleues.fr\/wp-content\/uploads\/2022\/06\/La_Provence_logo.svg_-1024x230.png?ssl=1\" data-amp-layout=\"responsive\"\/><\/figure><\/div><\/div><div class=\"tiled-gallery__row\"><div class=\"tiled-gallery__col\" style=\"flex-basis:100.00000%\"><figure class=\"tiled-gallery__item\"><img decoding=\"async\" alt=\"\" data-height=\"367\" data-id=\"412185\" data-link=\"https:\/\/lesheuresbleues.fr\/les-partenaires-qui-nous-soutiennent-financierement\/logo-cnrr-inseamm\/\" data-url=\"https:\/\/lesheuresbleues.fr\/wp-content\/uploads\/2022\/06\/Logo-cNrr-INSEAMM.jpg\" data-width=\"969\" src=\"https:\/\/i0.wp.com\/lesheuresbleues.fr\/wp-content\/uploads\/2022\/06\/Logo-cNrr-INSEAMM.jpg?ssl=1\" data-amp-layout=\"responsive\"\/><\/figure><\/div><\/div><div class=\"tiled-gallery__row\"><div class=\"tiled-gallery__col\" style=\"flex-basis:100.00000%\"><figure class=\"tiled-gallery__item\"><img decoding=\"async\" alt=\"\" data-height=\"121\" data-id=\"392113\" data-link=\"https:\/\/lesheuresbleues.fr\/les-partenaires-qui-nous-soutiennent-financierement\/arsud\/\" data-url=\"https:\/\/lesheuresbleues.fr\/wp-content\/uploads\/2022\/06\/Arsud.png\" data-width=\"418\" src=\"https:\/\/i1.wp.com\/lesheuresbleues.fr\/wp-content\/uploads\/2022\/06\/Arsud.png?ssl=1\" data-amp-layout=\"responsive\"\/><\/figure><\/div><\/div><\/div><\/div>\n","protected":false},"excerpt":{"rendered":"<p>Un festival, si grand soit son succ\u00e8s, ne peut construire son \u00e9quilibre financier sur la seule billetterie, il a besoin de subventions et de m\u00e9c\u00e9nats.Nous remercions donc tous nos soutiens financiers pour l&rsquo;int\u00e9r\u00eat qu&rsquo;ils portent \u00e0 la culture et aux valeurs du festival. Les subventions publiques V\u00e9ritable source d\u2019inspiration, la R\u00e9gion Sud est une terre &hellip; <a href=\"http:\/\/lesheuresbleues.fr\/?page_id=106\" class=\"more-link\">Continuer la lecture de <span class=\"screen-reader-text\">Ils ont soutenu Les Heures Bleues 2022<\/span>  <span class=\"meta-nav\">&rarr;<\/span><\/a><\/p>\n","protected":false},"author":143852627,"featured_media":0,"parent":0,"menu_order":0,"comment_status":"closed","ping_status":"closed","template":"","meta":{"_coblocks_attr":"","_coblocks_dimensions":"","_coblocks_responsive_height":"","_coblocks_accordion_ie_support":"","footnotes":""},"class_list":["post-106","page","type-page","status-publish","hentry"],"_links":{"self":[{"href":"http:\/\/lesheuresbleues.fr\/index.php?rest_route=\/wp\/v2\/pages\/106","targetHints":{"allow":["GET"]}}],"collection":[{"href":"http:\/\/lesheuresbleues.fr\/index.php?rest_route=\/wp\/v2\/pages"}],"about":[{"href":"http:\/\/lesheuresbleues.fr\/index.php?rest_route=\/wp\/v2\/types\/page"}],"author":[{"embeddable":true,"href":"http:\/\/lesheuresbleues.fr\/index.php?rest_route=\/wp\/v2\/users\/143852627"}],"replies":[{"embeddable":true,"href":"http:\/\/lesheuresbleues.fr\/index.php?rest_route=%2Fwp%2Fv2%2Fcomments&post=106"}],"version-history":[{"count":0,"href":"http:\/\/lesheuresbleues.fr\/index.php?rest_route=\/wp\/v2\/pages\/106\/revisions"}],"wp:attachment":[{"href":"http:\/\/lesheuresbleues.fr\/index.php?rest_route=%2Fwp%2Fv2%2Fmedia&parent=106"}],"curies":[{"name":"wp","href":"https:\/\/api.w.org\/{rel}","templated":true}]}}