{"id":105,"date":"2020-01-16T18:46:42","date_gmt":"2020-01-16T17:46:42","guid":{"rendered":"https:\/\/lesheuresbleues.fr\/?page_id=105"},"modified":"2023-12-14T01:17:29","modified_gmt":"2023-12-14T00:17:29","slug":"le-festival-2019","status":"publish","type":"page","link":"http:\/\/lesheuresbleues.fr\/?page_id=105","title":{"rendered":"Les Heures Bleues 2019, un nouveau festival \u00e0 Marseille"},"content":{"rendered":"\n<p>La premi\u00e8re \u00e9dition du festival \u00ab&nbsp;Les Heures Bleues&nbsp;\u00bb s\u2019est tenue au Ch\u00e2teau Saint-Antoine les 4, 5 et 6 juillet 2019.<\/p>\n\n\n\n<div class=\"wp-block-media-text alignwide has-media-on-the-right is-stacked-on-mobile\" style=\"grid-template-columns:auto 77%\"><figure class=\"wp-block-media-text__media\"><img decoding=\"async\" src=\"https:\/\/lesheuresbleues.fr\/wp-content\/uploads\/2020\/01\/2019-heures-bleues-l.l.10.jpg?w=500\" alt=\"\" class=\"wp-image-314 size-full\"\/><\/figure><div class=\"wp-block-media-text__content\">\n<p class=\"has-normal-font-size\">Vu de la sc\u00e8ne, les si\u00e8ges des spectateurs, pendantles am\u00e9nagements et les r\u00e9p\u00e9titions<\/p>\n<\/div><\/div>\n\n\n\n<div class=\"wp-block-media-text alignwide has-media-on-the-right is-stacked-on-mobile\" style=\"grid-template-columns:auto 77%\"><figure class=\"wp-block-media-text__media\"><img decoding=\"async\" src=\"https:\/\/lesheuresbleues.fr\/wp-content\/uploads\/2020\/01\/2019-heures-bleues-img_1475.jpg?w=500\" alt=\"\" class=\"wp-image-311 size-full\"\/><\/figure><div class=\"wp-block-media-text__content\">\n<p class=\"has-normal-font-size\">Le ch\u00e2teau, vu des platanes, avec les pavillon des restaurateurs<\/p>\n<\/div><\/div>\n\n\n\n<p>Impromptus musicaux, restauration, spectacles aux programmations riches et vari\u00e9es ont permis \u00e0 un public nombreux et sous le charme, de d\u00e9couvrir ou red\u00e9couvrir ce site enchanteur.<\/p>\n\n\n\n<div class=\"wp-block-group\"><div class=\"wp-block-group__inner-container is-layout-flow wp-block-group-is-layout-flow\">\n<div class=\"wp-block-group\"><div class=\"wp-block-group__inner-container is-layout-flow wp-block-group-is-layout-flow\">\n<p class=\"has-light-gray-background-color has-background\">Jeudi 4, <strong>Impromptu musical avec \u00ab\u00a0<a href=\"https:\/\/lesheuresbleues.fr\/les-artistes-sur-nos-scenes\/les-artistes-guinguette-hot-club\/\">Ritournelles<\/a>\u00ab\u00a0<\/strong><\/p>\n\n\n\n<div class=\"wp-block-group\"><div class=\"wp-block-group__inner-container is-layout-flow wp-block-group-is-layout-flow\">\n<p class=\"has-light-gray-background-color has-background\">Jeudi 4 , <strong><a href=\"https:\/\/lesheuresbleues.fr\/les-artistes-sur-nos-scenes\/souvenirs-dun-enfant-de-provence\/\">Souvenirs d\u2019un enfant de Provence<\/a><\/strong><br><br>Une soir\u00e9e d\u00e9di\u00e9e \u00e0 Marcel Pagnol et \u00e0 Vladimir Cosma<br>Jean-Pierre Gourdain, com\u00e9dien, Nathalie et Fabrice Lano\u00e9, pianistes, diront les textes de Marcel Pagnol et joueront la musique de Vladimir Cosma :&nbsp;La gloire de mon p\u00e8re,&nbsp;et&nbsp;Le ch\u00e2teau de ma m\u00e8re, distilleront les mots et la musique de la tendresse, du lyrisme, de l\u2019humour, de l\u2019\u00e9motion.<br>Un pr\u00e9cieux moment litt\u00e9raire et musical.<\/p>\n<\/div><\/div>\n<\/div><\/div>\n<\/div><\/div>\n\n\n\n<div class=\"wp-block-media-text alignwide has-media-on-the-right is-stacked-on-mobile\"><figure class=\"wp-block-media-text__media\"><img decoding=\"async\" src=\"https:\/\/lesheuresbleues.fr\/wp-content\/uploads\/2020\/01\/2019-heures-bleues-l.l.65.jpg?w=500\" alt=\"\" class=\"wp-image-318 size-full\"\/><\/figure><div class=\"wp-block-media-text__content\">\n<p class=\"has-normal-font-size\">Les premiers spectateurs prennent un rafraichissement en attendant le d\u00e9but des spectacles.<\/p>\n<\/div><\/div>\n\n\n\n<div class=\"wp-block-group\"><div class=\"wp-block-group__inner-container is-layout-flow wp-block-group-is-layout-flow\">\n<div class=\"wp-block-group\"><div class=\"wp-block-group__inner-container is-layout-flow wp-block-group-is-layout-flow\">\n<p class=\"has-light-gray-background-color has-background\">Vendredi 5, <strong>Impromptu musical avec <\/strong><a href=\"https:\/\/lesheuresbleues.fr\/les-artistes-sur-nos-scenes\/6lexic\/\" data-type=\"page\" data-id=\"379\"><strong>\u00ab\u00a06lexic\u00a0\u00bb<\/strong><\/a><\/p>\n\n\n\n<p class=\"has-light-gray-background-color has-background\">Vendredi 5, <strong><a href=\"https:\/\/lesheuresbleues.fr\/les-artistes-sur-nos-scenes\/swing-strings\/\" data-type=\"page\" data-id=\"408\">Swing &amp; String<\/a><\/strong><br><br>Le Trio de Jazz de Philippe Duchemin et le Quatuor Puccini pr\u00e9sentent un programme haut en couleurs \u201cquand le trio jazz rencontre le quatuor \u00e0 cordes\u201d, dans l\u2019alternance de beaux \u201cstandards\u201d du jazz, connus de tous les jazzmen et les amateurs, arrang\u00e9s pour quatuor \u00e0 cordes et trio jazz, et de pi\u00e8ces originales inspir\u00e9es de compositeurs classiques tels que Bach, Chopin ou Tcha\u00efkovski &#8230;<br>Jazz et musique classique s\u2019interpr\u00e8tent en se nourrissant mutuellement, faisant fi des a priori de certains et des fronti\u00e8res artificielles aujourd\u2019hui le plus souvent abolies. Comme le disait le grand Duke Ellington, il n\u2019y a pas de grande et de petite musique, seulement de la bonne et de la mauvaise musique !<\/p>\n<\/div><\/div>\n<\/div><\/div>\n\n\n\n<div class=\"wp-block-media-text alignwide is-stacked-on-mobile\" style=\"grid-template-columns:85% auto\"><figure class=\"wp-block-media-text__media\"><img decoding=\"async\" src=\"https:\/\/lesheuresbleues.fr\/wp-content\/uploads\/2020\/01\/2019-heures-bleues-img_1481.jpg?w=500\" alt=\"\" class=\"wp-image-309 size-full\"\/><\/figure><div class=\"wp-block-media-text__content\">\n<p class=\"has-normal-font-size\">La sc\u00e8ne et le ch\u00e2teau<\/p>\n<\/div><\/div>\n\n\n\n<p>Vendredi 5 juillet, \u00ab&nbsp;Les Heures Bleues&nbsp;\u00bb a \u00e9t\u00e9 honor\u00e9 de la pr\u00e9sence de Monsieur Julien Ravier, maire du 6<sup>\u00e8me<\/sup>&nbsp;secteur (11<sup>\u00e8me<\/sup>&nbsp;et 12<sup>\u00e8me<\/sup>&nbsp;Arrondissement) ainsi que de Madame la d\u00e9put\u00e9e Val\u00e9rie Boyer. Leur venue d\u00e9montrant s\u2019il le fallait, la grande pertinence du Ch\u00e2teau Saint-Antoine \u00e0 s\u2019ouvrir sur la Cit\u00e9 afin de faire rayonner ce patrimoine merveilleux qui le m\u00e9rite tant.<\/p>\n\n\n\n<div class=\"wp-block-media-text alignwide is-stacked-on-mobile\" style=\"grid-template-columns:82% auto\"><figure class=\"wp-block-media-text__media\"><img decoding=\"async\" src=\"https:\/\/lesheuresbleues.fr\/wp-content\/uploads\/2020\/01\/2019-heures-bleues-img_1477-e1579195840847.jpg?w=500\" alt=\"\" class=\"wp-image-313 size-full\"\/><\/figure><div class=\"wp-block-media-text__content\">\n<p class=\"has-normal-font-size\">Un arbre au cr\u00e9puscule<\/p>\n<\/div><\/div>\n\n\n\n<div class=\"wp-block-group\"><div class=\"wp-block-group__inner-container is-layout-flow wp-block-group-is-layout-flow\">\n<p class=\"has-background\" style=\"background-color:#d9e5f2\">Samedi 6, <strong>Une journ\u00e9e de conf\u00e9rences<\/strong><br><br>En quatre actes a permis \u00e0 ces trois jours de rencontres de proposer une r\u00e9flexion approfondie sur Saint Jean d\u2019Ecosse, de la Loge des origines, n\u00e9e en 1751 \u00e0 la ma\u00e7onnerie que nous pratiquons aujourd\u2019hui et dont nous sommes les h\u00e9ritiers. Il est \u00e0 noter l\u2019ouverture de cette conf\u00e9rence par Monsieur Pierre \u00c9chinard, historien, venu expliciter le contexte particulier (commercial, social, politique) de cette p\u00e9riode foisonnante du milieu du 18<sup>\u00e8me<\/sup>&nbsp;si\u00e8cle.<\/p>\n<\/div><\/div>\n\n\n\n<div class=\"wp-block-group\"><div class=\"wp-block-group__inner-container is-layout-flow wp-block-group-is-layout-flow\">\n<div class=\"wp-block-group\"><div class=\"wp-block-group__inner-container is-layout-flow wp-block-group-is-layout-flow\">\n<div class=\"wp-block-group\"><div class=\"wp-block-group__inner-container is-layout-flow wp-block-group-is-layout-flow\">\n<div class=\"wp-block-group\"><div class=\"wp-block-group__inner-container is-layout-flow wp-block-group-is-layout-flow\">\n<p class=\"has-light-gray-background-color has-background\">Samedi 6, <strong>Impromptu musical avec <a href=\"https:\/\/lesheuresbleues.fr\/les-artistes-sur-nos-scenes\/suzy-swing\/\" data-type=\"page\" data-id=\"429\">\u00ab\u00a0Suzy swing\u00a0\u00bb<\/a><\/strong><\/p>\n\n\n\n<p class=\"has-light-gray-background-color has-background\">Samedi 6,<a href=\"https:\/\/lesheuresbleues.fr\/les-artistes-sur-nos-scenes\/new-idea-chamber-orchestra\/\" data-type=\"page\" data-id=\"438\"> <strong>Ensemble NI&amp;Co New Ideas Chamber Orchestra<\/strong><\/a><br><br>Une soir\u00e9e pour d\u00e9couvrir ce que la musique classique a de r\u00e9solument contemporain. Les 7 instrumentistes \u00e0 corde de Lituanie cr\u00e9ent une exp\u00e9rience musicale sublime, captivante, d\u00e9cid\u00e9ment digne d\u2019attention. Leurs interpr\u00e9tations de Vivaldi ou Bach rivalisent avec celle de Max Richter ou Gediminas Gelgotas, le fondateur de l\u2019orchestre. Applaudis aux Etats-unis comme en Europe, ils seront exceptionnellement \u00e0 Marseille aux Heures Bleues pour une seule soir\u00e9e m\u00e9morable.<\/p>\n<\/div><\/div>\n<\/div><\/div>\n<\/div><\/div>\n<\/div><\/div>\n\n\n\n<div class=\"wp-block-media-text alignwide is-stacked-on-mobile\" style=\"grid-template-columns:74% auto\"><figure class=\"wp-block-media-text__media\"><img decoding=\"async\" src=\"https:\/\/lesheuresbleues.fr\/wp-content\/uploads\/2020\/01\/2019-heures-bleues-l.l.36.jpg?w=500\" alt=\"\" class=\"wp-image-316 size-full\"\/><\/figure><div class=\"wp-block-media-text__content\">\n<p class=\"has-normal-font-size\">La soir\u00e9e s&rsquo;ach\u00e8ve, les spectateurs sont partis, un instant de silence et de paix\u2026<br>Avant le travail de demain.<\/p>\n<\/div><\/div>\n\n\n\n<p><strong>Cette initiative a \u00e9t\u00e9 rendue possible par la participation active, dynamique et enthousiaste d\u2019un nombre important de volontaires, partenaires, techniciens et artistes, tous unis pour enchanter ces trois soir\u00e9es magiques.<\/strong><\/p>\n\n\n\n<p class=\"has-medium-font-size\">Qui sait, cette affiche sera peut-\u00eatre, un jour, un \u00ab\u00a0collector\u00a0\u00bb\u2026<\/p>\n\n\n\n<figure class=\"wp-block-image size-large\"><img decoding=\"async\" src=\"https:\/\/lesheuresbleues.fr\/wp-content\/uploads\/2020\/01\/lesheuresbleues2019-affiche.jpg?w=683\" alt=\"\" class=\"wp-image-192\"\/><\/figure>\n","protected":false},"excerpt":{"rendered":"<p>La premi\u00e8re \u00e9dition du festival \u00ab&nbsp;Les Heures Bleues&nbsp;\u00bb s\u2019est tenue au Ch\u00e2teau Saint-Antoine les 4, 5 et 6 juillet 2019. Vu de la sc\u00e8ne, les si\u00e8ges des spectateurs, pendantles am\u00e9nagements et les r\u00e9p\u00e9titions Le ch\u00e2teau, vu des platanes, avec les pavillon des restaurateurs Impromptus musicaux, restauration, spectacles aux programmations riches et vari\u00e9es ont permis \u00e0 &hellip; <a href=\"http:\/\/lesheuresbleues.fr\/?page_id=105\" class=\"more-link\">Continuer la lecture de <span class=\"screen-reader-text\">Les Heures Bleues 2019, un nouveau festival \u00e0 Marseille<\/span>  <span class=\"meta-nav\">&rarr;<\/span><\/a><\/p>\n","protected":false},"author":143852627,"featured_media":0,"parent":0,"menu_order":1,"comment_status":"closed","ping_status":"closed","template":"","meta":{"_coblocks_attr":"","_coblocks_dimensions":"","_coblocks_responsive_height":"","_coblocks_accordion_ie_support":"","footnotes":""},"class_list":["post-105","page","type-page","status-publish","hentry"],"_links":{"self":[{"href":"http:\/\/lesheuresbleues.fr\/index.php?rest_route=\/wp\/v2\/pages\/105","targetHints":{"allow":["GET"]}}],"collection":[{"href":"http:\/\/lesheuresbleues.fr\/index.php?rest_route=\/wp\/v2\/pages"}],"about":[{"href":"http:\/\/lesheuresbleues.fr\/index.php?rest_route=\/wp\/v2\/types\/page"}],"author":[{"embeddable":true,"href":"http:\/\/lesheuresbleues.fr\/index.php?rest_route=\/wp\/v2\/users\/143852627"}],"replies":[{"embeddable":true,"href":"http:\/\/lesheuresbleues.fr\/index.php?rest_route=%2Fwp%2Fv2%2Fcomments&post=105"}],"version-history":[{"count":0,"href":"http:\/\/lesheuresbleues.fr\/index.php?rest_route=\/wp\/v2\/pages\/105\/revisions"}],"wp:attachment":[{"href":"http:\/\/lesheuresbleues.fr\/index.php?rest_route=%2Fwp%2Fv2%2Fmedia&parent=105"}],"curies":[{"name":"wp","href":"https:\/\/api.w.org\/{rel}","templated":true}]}}